{"id":31250,"date":"2024-03-01T08:40:44","date_gmt":"2024-03-01T07:40:44","guid":{"rendered":"https:\/\/demo-site.savonspotionsetcie.com\/?post_type=product&#038;p=31250"},"modified":"2024-08-08T17:12:24","modified_gmt":"2024-08-08T15:12:24","slug":"apres-shampoing-le-nourrissant-petit-format","status":"publish","type":"product","link":"https:\/\/demo-site.savonspotionsetcie.com\/en\/product\/apres-shampoing-le-nourrissant-petit-format\/","title":{"rendered":"Conditioner \"Le g\u00e9n\u00e9reux\" - Small size"},"content":{"rendered":"<p>Ingr\u00e9dients : Conditionneur BTMS, beurre de cacao*, beurre de karit\u00e9*, alcool cetylique, huile de chanvre*, huile de ricin*, tocoph\u00e9rol.<\/p>\n<p>* Products from organic farming<\/p>\n<p>INCI : Cetearyl alcohol, theobroma cacao butter*, butyrospermum parkii butter*, c\u00e9thyl alcohol, sodium hempseedate*, sodium castorate*, tocopheryl acetate.<\/p>\n<p>* Products from organic farming<\/p>","protected":false},"excerpt":{"rendered":"<p>Even more nourishing, \"Le G\u00e9n\u00e9reux\" conditioner brings softness and shine to your hair without weighing it down. It makes detangling and styling easier, for stronger and nourished hair.<\/p>\n<p>Faire le choix d&#8217;un soin capillaire efficace et respectueux de l&#8217;environnement. En adoptant ce produit, vous contribuez \u00e0 la r\u00e9duction des d\u00e9chets plastiques tout en offrant \u00e0 vos cheveux un v\u00e9ritable soin.<\/p>\n<p><strong>Conseils d&#8217;utilisation :\u00a0<\/strong><\/p>\n<ol>\n<li>Glide it directly onto your wet hair after washing, focusing on the lengths and ends.<\/li>\n<li>Gently massage to distribute the product evenly and leave it on for a few minutes.<\/li>\n<li>Rincez abondamment \u00e0 l&#8217;eau claire.<\/li>\n<li>Enjoy soft and easy-to-style hair.<\/li>\n<\/ol>","protected":false},"featured_media":31258,"comment_status":"closed","ping_status":"closed","template":"","meta":[],"product_brand":[],"product_cat":[19],"product_tag":[],"class_list":{"0":"post-31250","1":"product","2":"type-product","3":"status-publish","4":"has-post-thumbnail","6":"product_cat-non-classe","7":"clearfix","9":"first","10":"instock","11":"taxable","12":"shipping-taxable","13":"purchasable","14":"product-type-simple"},"_links":{"self":[{"href":"https:\/\/demo-site.savonspotionsetcie.com\/en\/wp-json\/wp\/v2\/product\/31250","targetHints":{"allow":["GET"]}}],"collection":[{"href":"https:\/\/demo-site.savonspotionsetcie.com\/en\/wp-json\/wp\/v2\/product"}],"about":[{"href":"https:\/\/demo-site.savonspotionsetcie.com\/en\/wp-json\/wp\/v2\/types\/product"}],"replies":[{"embeddable":true,"href":"https:\/\/demo-site.savonspotionsetcie.com\/en\/wp-json\/wp\/v2\/comments?post=31250"}],"wp:featuredmedia":[{"embeddable":true,"href":"https:\/\/demo-site.savonspotionsetcie.com\/en\/wp-json\/wp\/v2\/media\/31258"}],"wp:attachment":[{"href":"https:\/\/demo-site.savonspotionsetcie.com\/en\/wp-json\/wp\/v2\/media?parent=31250"}],"wp:term":[{"taxonomy":"product_brand","embeddable":true,"href":"https:\/\/demo-site.savonspotionsetcie.com\/en\/wp-json\/wp\/v2\/product_brand?post=31250"},{"taxonomy":"product_cat","embeddable":true,"href":"https:\/\/demo-site.savonspotionsetcie.com\/en\/wp-json\/wp\/v2\/product_cat?post=31250"},{"taxonomy":"product_tag","embeddable":true,"href":"https:\/\/demo-site.savonspotionsetcie.com\/en\/wp-json\/wp\/v2\/product_tag?post=31250"}],"curies":[{"name":"wp","href":"https:\/\/api.w.org\/{rel}","templated":true}]}}