{"id":31067,"date":"2023-12-26T16:41:12","date_gmt":"2023-12-26T15:41:12","guid":{"rendered":"https:\/\/demo-site.savonspotionsetcie.com\/?post_type=product&#038;p=31067"},"modified":"2024-08-21T10:47:54","modified_gmt":"2024-08-21T08:47:54","slug":"baume-a-levre","status":"publish","type":"product","link":"https:\/\/demo-site.savonspotionsetcie.com\/en\/product\/baume-a-levre\/","title":{"rendered":"Lip balm"},"content":{"rendered":"<div>Ingredients: shea butter, macadamia oil, beeswax, palmarosa essential oil, tocopherol.<\/div>\n<div><\/div>\n<div>INCI : Sodium shea butterate, Macadamia integrifolia seed oil, cera alba, Cymbopogon martini oil, Tocoph\u00e9rol<\/div>\n<div><\/div>","protected":false},"excerpt":{"rendered":"<p>V\u00e9ritable alli\u00e9 contre les ger\u00e7ures des l\u00e8vres, ce baume tr\u00e8s nourrissant viendra r\u00e9parer les l\u00e8vres les plus d\u00e9licates pour vous apporter confort et douceur. L&#8217;huile essentielle de palmarosa donne un agr\u00e9able parfum au produit.<\/p>","protected":false},"featured_media":31275,"comment_status":"closed","ping_status":"closed","template":"","meta":[],"product_brand":[],"product_cat":[19],"product_tag":[],"class_list":{"0":"post-31067","1":"product","2":"type-product","3":"status-publish","4":"has-post-thumbnail","6":"product_cat-non-classe","7":"clearfix","9":"first","10":"instock","11":"taxable","12":"shipping-taxable","13":"purchasable","14":"product-type-simple"},"_links":{"self":[{"href":"https:\/\/demo-site.savonspotionsetcie.com\/en\/wp-json\/wp\/v2\/product\/31067","targetHints":{"allow":["GET"]}}],"collection":[{"href":"https:\/\/demo-site.savonspotionsetcie.com\/en\/wp-json\/wp\/v2\/product"}],"about":[{"href":"https:\/\/demo-site.savonspotionsetcie.com\/en\/wp-json\/wp\/v2\/types\/product"}],"replies":[{"embeddable":true,"href":"https:\/\/demo-site.savonspotionsetcie.com\/en\/wp-json\/wp\/v2\/comments?post=31067"}],"wp:featuredmedia":[{"embeddable":true,"href":"https:\/\/demo-site.savonspotionsetcie.com\/en\/wp-json\/wp\/v2\/media\/31275"}],"wp:attachment":[{"href":"https:\/\/demo-site.savonspotionsetcie.com\/en\/wp-json\/wp\/v2\/media?parent=31067"}],"wp:term":[{"taxonomy":"product_brand","embeddable":true,"href":"https:\/\/demo-site.savonspotionsetcie.com\/en\/wp-json\/wp\/v2\/product_brand?post=31067"},{"taxonomy":"product_cat","embeddable":true,"href":"https:\/\/demo-site.savonspotionsetcie.com\/en\/wp-json\/wp\/v2\/product_cat?post=31067"},{"taxonomy":"product_tag","embeddable":true,"href":"https:\/\/demo-site.savonspotionsetcie.com\/en\/wp-json\/wp\/v2\/product_tag?post=31067"}],"curies":[{"name":"wp","href":"https:\/\/api.w.org\/{rel}","templated":true}]}}