{"id":30996,"date":"2023-12-19T15:13:28","date_gmt":"2023-12-19T14:13:28","guid":{"rendered":"https:\/\/demo-site.savonspotionsetcie.com\/?post_type=product&#038;p=30996"},"modified":"2024-08-07T16:44:30","modified_gmt":"2024-08-07T14:44:30","slug":"savon-visage-calendula-geranium-rosat","status":"publish","type":"product","link":"https:\/\/demo-site.savonspotionsetcie.com\/en\/product\/savon-visage-calendula-geranium-rosat\/","title":{"rendered":"Face soap Geranium-calendula"},"content":{"rendered":"<p>Superfat : 6%<\/p>\n<p>Ingredients: saponified oils (olive*, coconut*, shea*, castor*, soy*), rose geranium essential oil. *Products from organic farming.<\/p>\n<p>INCI\u00a0: Sodium olivate, Sodium cocoate, Sodium shea butterate, Sodium soyate, Sodium castorate, Glycerin**, Aqua, Calendula officinalis flowers, Bixa orellana powder, Pelargonium graveolens oil, Citronellol, G\u00e9raniol.<\/p>\n<p>**naturally created during the saponification process.<\/p>","protected":false},"excerpt":{"rendered":"<p>Les nombreux bienfaits du calendula pour la peau sont connus depuis le Moyen-\u00c2ge. En plus des propri\u00e9t\u00e9s des huiles v\u00e9g\u00e9tales contenues dans le savon, le mac\u00e9rat de calendula ajoute des qualit\u00e9s cicatrisante, apaisante, anti-inflammatoire et nourrissante. Le parfum doux et suave est \u00e0 attribuer \u00e0 l\u2019huile essentielle de g\u00e9ranium rosat, une huile essentielle majeure pour la peau, b\u00e9n\u00e9fique \u00e0 de nombreuses affections cutan\u00e9es. Ce savon sera l&#8217;allier des peaux r\u00e9actives et tr\u00e8s sensibles.<\/p>","protected":false},"featured_media":31228,"comment_status":"closed","ping_status":"closed","template":"","meta":[],"product_brand":[],"product_cat":[19],"product_tag":[],"class_list":{"0":"post-30996","1":"product","2":"type-product","3":"status-publish","4":"has-post-thumbnail","6":"product_cat-non-classe","7":"clearfix","9":"first","10":"instock","11":"taxable","12":"shipping-taxable","13":"purchasable","14":"product-type-simple"},"_links":{"self":[{"href":"https:\/\/demo-site.savonspotionsetcie.com\/en\/wp-json\/wp\/v2\/product\/30996","targetHints":{"allow":["GET"]}}],"collection":[{"href":"https:\/\/demo-site.savonspotionsetcie.com\/en\/wp-json\/wp\/v2\/product"}],"about":[{"href":"https:\/\/demo-site.savonspotionsetcie.com\/en\/wp-json\/wp\/v2\/types\/product"}],"replies":[{"embeddable":true,"href":"https:\/\/demo-site.savonspotionsetcie.com\/en\/wp-json\/wp\/v2\/comments?post=30996"}],"wp:featuredmedia":[{"embeddable":true,"href":"https:\/\/demo-site.savonspotionsetcie.com\/en\/wp-json\/wp\/v2\/media\/31228"}],"wp:attachment":[{"href":"https:\/\/demo-site.savonspotionsetcie.com\/en\/wp-json\/wp\/v2\/media?parent=30996"}],"wp:term":[{"taxonomy":"product_brand","embeddable":true,"href":"https:\/\/demo-site.savonspotionsetcie.com\/en\/wp-json\/wp\/v2\/product_brand?post=30996"},{"taxonomy":"product_cat","embeddable":true,"href":"https:\/\/demo-site.savonspotionsetcie.com\/en\/wp-json\/wp\/v2\/product_cat?post=30996"},{"taxonomy":"product_tag","embeddable":true,"href":"https:\/\/demo-site.savonspotionsetcie.com\/en\/wp-json\/wp\/v2\/product_tag?post=30996"}],"curies":[{"name":"wp","href":"https:\/\/api.w.org\/{rel}","templated":true}]}}