{"id":30718,"date":"2023-11-21T14:21:48","date_gmt":"2023-11-21T13:21:48","guid":{"rendered":"https:\/\/demo-site.savonspotionsetcie.com\/?post_type=product&#038;p=30718"},"modified":"2024-06-03T11:19:12","modified_gmt":"2024-06-03T09:19:12","slug":"creme-visage-peau-de-peche","status":"publish","type":"product","link":"https:\/\/demo-site.savonspotionsetcie.com\/en\/product\/creme-visage-peau-de-peche\/","title":{"rendered":"Cr\u00e8me visage &#8220;peau de p\u00eache&#8221;"},"content":{"rendered":"<h2>Nouveaut\u00e9 !<\/h2>\n<p>Ingr\u00e9dients : Beurre de karit\u00e9*, huile d&#8217;olive*, huile de jojoba*, cire de riz, amidon de ma\u00efs, tocop\u00e9rol.<\/p>\n<p>*Produits issus de l&#8217;agriculture biologique.<\/p>\n<p>INCI : Butyrospernum parkii butter*, olea europaea fruit oil, simmondsia chinensis seed oil, oryza sativa cera, tocopherol.<\/p>\n<p>&nbsp;<\/p>","protected":false},"excerpt":{"rendered":"<p>With its soft, velvety texture, this new solid cream nourishes the skin with respect. Its formula promises pleasant application and results, with no greasy finish.<\/p>\n<p>Adjust the amount of cream you apply to your face according to your skin type and needs.<\/p>","protected":false},"featured_media":31303,"comment_status":"closed","ping_status":"closed","template":"","meta":[],"product_brand":[],"product_cat":[19],"product_tag":[],"class_list":{"0":"post-30718","1":"product","2":"type-product","3":"status-publish","4":"has-post-thumbnail","6":"product_cat-non-classe","7":"clearfix","9":"first","10":"instock","11":"taxable","12":"shipping-taxable","13":"purchasable","14":"product-type-simple"},"_links":{"self":[{"href":"https:\/\/demo-site.savonspotionsetcie.com\/en\/wp-json\/wp\/v2\/product\/30718","targetHints":{"allow":["GET"]}}],"collection":[{"href":"https:\/\/demo-site.savonspotionsetcie.com\/en\/wp-json\/wp\/v2\/product"}],"about":[{"href":"https:\/\/demo-site.savonspotionsetcie.com\/en\/wp-json\/wp\/v2\/types\/product"}],"replies":[{"embeddable":true,"href":"https:\/\/demo-site.savonspotionsetcie.com\/en\/wp-json\/wp\/v2\/comments?post=30718"}],"wp:featuredmedia":[{"embeddable":true,"href":"https:\/\/demo-site.savonspotionsetcie.com\/en\/wp-json\/wp\/v2\/media\/31303"}],"wp:attachment":[{"href":"https:\/\/demo-site.savonspotionsetcie.com\/en\/wp-json\/wp\/v2\/media?parent=30718"}],"wp:term":[{"taxonomy":"product_brand","embeddable":true,"href":"https:\/\/demo-site.savonspotionsetcie.com\/en\/wp-json\/wp\/v2\/product_brand?post=30718"},{"taxonomy":"product_cat","embeddable":true,"href":"https:\/\/demo-site.savonspotionsetcie.com\/en\/wp-json\/wp\/v2\/product_cat?post=30718"},{"taxonomy":"product_tag","embeddable":true,"href":"https:\/\/demo-site.savonspotionsetcie.com\/en\/wp-json\/wp\/v2\/product_tag?post=30718"}],"curies":[{"name":"wp","href":"https:\/\/api.w.org\/{rel}","templated":true}]}}