{"id":30717,"date":"2023-11-21T14:15:30","date_gmt":"2023-11-21T13:15:30","guid":{"rendered":"https:\/\/demo-site.savonspotionsetcie.com\/?post_type=product&#038;p=30717"},"modified":"2024-08-05T10:46:49","modified_gmt":"2024-08-05T08:46:49","slug":"eponge-luffa","status":"publish","type":"product","link":"https:\/\/demo-site.savonspotionsetcie.com\/en\/product\/eponge-luffa\/","title":{"rendered":"Luffa sponge"},"content":{"rendered":"","protected":false},"excerpt":{"rendered":"<p>D\u00e9couvrez notre \u00c9ponge Luffa, un produit naturel et \u00e9cologique parfait pour vos soins de beaut\u00e9 et l&#8217;entretien de votre maison. Fabriqu\u00e9e \u00e0 partir de fibres 100% naturelles, cette \u00e9ponge v\u00e9g\u00e9tale est une alternative durable et biod\u00e9gradable aux \u00e9ponges synth\u00e9tiques.<\/p>\n<p>Fabriqu\u00e9e enti\u00e8rement \u00e0 partir de la plante luffa, cousine du concombre et de la courgette. Id\u00e9ale pour l&#8217;exfoliation de la peau ou m\u00eame comme accessoire de bain. L&#8217;\u00e9ponge Luffa respecte l&#8217;environnement car elle se d\u00e9compose naturellement sans laisser de r\u00e9sidus nocifs. N\u00e9anmoins elle conserve son efficacit\u00e9 apr\u00e8s de nombreux usages, offrant une exfoliation douce et efficace.<\/p>","protected":false},"featured_media":30391,"comment_status":"closed","ping_status":"closed","template":"","meta":[],"product_brand":[],"product_cat":[19],"product_tag":[],"class_list":{"0":"post-30717","1":"product","2":"type-product","3":"status-publish","4":"has-post-thumbnail","6":"product_cat-non-classe","7":"clearfix","9":"first","10":"instock","11":"taxable","12":"shipping-taxable","13":"purchasable","14":"product-type-simple"},"_links":{"self":[{"href":"https:\/\/demo-site.savonspotionsetcie.com\/en\/wp-json\/wp\/v2\/product\/30717","targetHints":{"allow":["GET"]}}],"collection":[{"href":"https:\/\/demo-site.savonspotionsetcie.com\/en\/wp-json\/wp\/v2\/product"}],"about":[{"href":"https:\/\/demo-site.savonspotionsetcie.com\/en\/wp-json\/wp\/v2\/types\/product"}],"replies":[{"embeddable":true,"href":"https:\/\/demo-site.savonspotionsetcie.com\/en\/wp-json\/wp\/v2\/comments?post=30717"}],"wp:featuredmedia":[{"embeddable":true,"href":"https:\/\/demo-site.savonspotionsetcie.com\/en\/wp-json\/wp\/v2\/media\/30391"}],"wp:attachment":[{"href":"https:\/\/demo-site.savonspotionsetcie.com\/en\/wp-json\/wp\/v2\/media?parent=30717"}],"wp:term":[{"taxonomy":"product_brand","embeddable":true,"href":"https:\/\/demo-site.savonspotionsetcie.com\/en\/wp-json\/wp\/v2\/product_brand?post=30717"},{"taxonomy":"product_cat","embeddable":true,"href":"https:\/\/demo-site.savonspotionsetcie.com\/en\/wp-json\/wp\/v2\/product_cat?post=30717"},{"taxonomy":"product_tag","embeddable":true,"href":"https:\/\/demo-site.savonspotionsetcie.com\/en\/wp-json\/wp\/v2\/product_tag?post=30717"}],"curies":[{"name":"wp","href":"https:\/\/api.w.org\/{rel}","templated":true}]}}