{"id":30716,"date":"2023-11-21T14:11:27","date_gmt":"2023-11-21T13:11:27","guid":{"rendered":"https:\/\/demo-site.savonspotionsetcie.com\/?post_type=product&#038;p=30716"},"modified":"2024-08-08T17:11:16","modified_gmt":"2024-08-08T15:11:16","slug":"apres-shampoing-le-leger","status":"publish","type":"product","link":"https:\/\/demo-site.savonspotionsetcie.com\/en\/product\/apres-shampoing-le-leger\/","title":{"rendered":"Apr\u00e8s-shampoing &#8220;Le l\u00e9ger&#8221;"},"content":{"rendered":"<p>Ingr\u00e9dients : Conditionneur BTMS, alcool cetylique, beurre de cacao*, beurre de karit\u00e9*, huile de chanvre*, tocoph\u00e9rol.<\/p>\n<p>*Produits issus de l&#8217;agriculture biologique.<\/p>\n<p>INCI : Cetearyl alcohol, c\u00e9thyl alcohol, theobroma cacao butter, butyrospermum parkii butter*, sodium hempseedate*, tocopheryl acetate.<\/p>\n<p>*Produits issus de l&#8217;agriculture biologique.<\/p>","protected":false},"excerpt":{"rendered":"<p>Apporter nutrition et souplesse tout en l\u00e9g\u00e8ret\u00e9 n&#8217;aura jamais \u00e9t\u00e9 aussi naturel ! Cet apr\u00e8s-shampoing donne douceur et brillance aux cheveux, sans les alourdir.<\/p>\n<p>Faire le choix d&#8217;un soin capillaire efficace et respectueux de l&#8217;environnement. En adoptant ce produit, vous contribuez \u00e0 la r\u00e9duction des d\u00e9chets plastiques tout en offrant \u00e0 vos cheveux un v\u00e9ritable soin.<\/p>\n<p><strong>Conseils d&#8217;utilisation :\u00a0<\/strong><\/p>\n<ol>\n<li>Glide it directly onto your wet hair after washing, focusing on the lengths and ends.<\/li>\n<li>Gently massage to distribute the product evenly and leave it on for a few minutes.<\/li>\n<li>Rincez abondamment \u00e0 l&#8217;eau claire.<\/li>\n<li>Enjoy soft and easy-to-style hair.<\/li>\n<\/ol>","protected":false},"featured_media":31299,"comment_status":"closed","ping_status":"closed","template":"","meta":[],"product_brand":[],"product_cat":[19],"product_tag":[],"class_list":{"0":"post-30716","1":"product","2":"type-product","3":"status-publish","4":"has-post-thumbnail","6":"product_cat-non-classe","7":"clearfix","9":"first","10":"instock","11":"taxable","12":"shipping-taxable","13":"purchasable","14":"product-type-simple"},"_links":{"self":[{"href":"https:\/\/demo-site.savonspotionsetcie.com\/en\/wp-json\/wp\/v2\/product\/30716","targetHints":{"allow":["GET"]}}],"collection":[{"href":"https:\/\/demo-site.savonspotionsetcie.com\/en\/wp-json\/wp\/v2\/product"}],"about":[{"href":"https:\/\/demo-site.savonspotionsetcie.com\/en\/wp-json\/wp\/v2\/types\/product"}],"replies":[{"embeddable":true,"href":"https:\/\/demo-site.savonspotionsetcie.com\/en\/wp-json\/wp\/v2\/comments?post=30716"}],"wp:featuredmedia":[{"embeddable":true,"href":"https:\/\/demo-site.savonspotionsetcie.com\/en\/wp-json\/wp\/v2\/media\/31299"}],"wp:attachment":[{"href":"https:\/\/demo-site.savonspotionsetcie.com\/en\/wp-json\/wp\/v2\/media?parent=30716"}],"wp:term":[{"taxonomy":"product_brand","embeddable":true,"href":"https:\/\/demo-site.savonspotionsetcie.com\/en\/wp-json\/wp\/v2\/product_brand?post=30716"},{"taxonomy":"product_cat","embeddable":true,"href":"https:\/\/demo-site.savonspotionsetcie.com\/en\/wp-json\/wp\/v2\/product_cat?post=30716"},{"taxonomy":"product_tag","embeddable":true,"href":"https:\/\/demo-site.savonspotionsetcie.com\/en\/wp-json\/wp\/v2\/product_tag?post=30716"}],"curies":[{"name":"wp","href":"https:\/\/api.w.org\/{rel}","templated":true}]}}