{"id":30715,"date":"2023-11-21T14:09:17","date_gmt":"2023-11-21T13:09:17","guid":{"rendered":"https:\/\/demo-site.savonspotionsetcie.com\/?post_type=product&#038;p=30715"},"modified":"2024-08-08T17:11:49","modified_gmt":"2024-08-08T15:11:49","slug":"apres-shampoing-le-nourrissant","status":"publish","type":"product","link":"https:\/\/demo-site.savonspotionsetcie.com\/en\/product\/apres-shampoing-le-nourrissant\/","title":{"rendered":"Apr\u00e8s-shampoing &#8220;Le g\u00e9n\u00e9reux&#8221;"},"content":{"rendered":"<p>Ingr\u00e9dients : Conditionneur BTMS, beurre de cacao*, beurre de karit\u00e9*, alcool cetylique, huile de chanvre*, huile de ricin*, tocoph\u00e9rol.<\/p>\n<p>*Produits issu de l&#8217;agriculture biologique.<\/p>\n<p>INCI : Cetearyl alcohol, theobroma cacao butter*, butyrospermum parkii butter*, c\u00e9thyl alcohol, sodium hempseedate*, sodium castorate*, tocopheryl acetate.<\/p>\n<p>*Produits issus de l&#8217;agriculture biologique.<\/p>","protected":false},"excerpt":{"rendered":"<p>Encore plus nourrissant, l&#8217;apr\u00e8s-shampoing &#8220;le g\u00e9n\u00e9reux&#8221; apporte douceur et brillance aux cheveux, sans les alourdir. Facilite le d\u00e9m\u00ealage et le coiffage, pour des cheveux plus forts et nourris.<\/p>\n<p>Faire le choix d&#8217;un soin capillaire efficace et respectueux de l&#8217;environnement. En adoptant ce produit, vous contribuez \u00e0 la r\u00e9duction des d\u00e9chets plastiques tout en offrant \u00e0 vos cheveux un v\u00e9ritable soin.<\/p>\n<p><strong>Conseils d&#8217;utilisation :\u00a0<\/strong><\/p>\n<ol>\n<li>Glide it directly onto your wet hair after washing, focusing on the lengths and ends.<\/li>\n<li>Gently massage to distribute the product evenly and leave it on for a few minutes.<\/li>\n<li>Rincez abondamment \u00e0 l&#8217;eau claire.<\/li>\n<li>Enjoy soft and easy-to-style hair.<\/li>\n<\/ol>","protected":false},"featured_media":31301,"comment_status":"closed","ping_status":"closed","template":"","meta":[],"product_brand":[],"product_cat":[19],"product_tag":[],"class_list":{"0":"post-30715","1":"product","2":"type-product","3":"status-publish","4":"has-post-thumbnail","6":"product_cat-non-classe","7":"clearfix","9":"first","10":"instock","11":"taxable","12":"shipping-taxable","13":"purchasable","14":"product-type-simple"},"_links":{"self":[{"href":"https:\/\/demo-site.savonspotionsetcie.com\/en\/wp-json\/wp\/v2\/product\/30715","targetHints":{"allow":["GET"]}}],"collection":[{"href":"https:\/\/demo-site.savonspotionsetcie.com\/en\/wp-json\/wp\/v2\/product"}],"about":[{"href":"https:\/\/demo-site.savonspotionsetcie.com\/en\/wp-json\/wp\/v2\/types\/product"}],"replies":[{"embeddable":true,"href":"https:\/\/demo-site.savonspotionsetcie.com\/en\/wp-json\/wp\/v2\/comments?post=30715"}],"wp:featuredmedia":[{"embeddable":true,"href":"https:\/\/demo-site.savonspotionsetcie.com\/en\/wp-json\/wp\/v2\/media\/31301"}],"wp:attachment":[{"href":"https:\/\/demo-site.savonspotionsetcie.com\/en\/wp-json\/wp\/v2\/media?parent=30715"}],"wp:term":[{"taxonomy":"product_brand","embeddable":true,"href":"https:\/\/demo-site.savonspotionsetcie.com\/en\/wp-json\/wp\/v2\/product_brand?post=30715"},{"taxonomy":"product_cat","embeddable":true,"href":"https:\/\/demo-site.savonspotionsetcie.com\/en\/wp-json\/wp\/v2\/product_cat?post=30715"},{"taxonomy":"product_tag","embeddable":true,"href":"https:\/\/demo-site.savonspotionsetcie.com\/en\/wp-json\/wp\/v2\/product_tag?post=30715"}],"curies":[{"name":"wp","href":"https:\/\/api.w.org\/{rel}","templated":true}]}}