{"id":30221,"date":"2023-06-29T18:25:11","date_gmt":"2023-06-29T16:25:11","guid":{"rendered":"https:\/\/demo-site.savonspotionsetcie.com\/?post_type=product&#038;p=30221"},"modified":"2024-11-06T21:08:30","modified_gmt":"2024-11-06T20:08:30","slug":"savon-a-barbe-pot-ceramique","status":"publish","type":"product","link":"https:\/\/demo-site.savonspotionsetcie.com\/en\/product\/savon-a-barbe-pot-ceramique\/","title":{"rendered":"Beard soap ceramic bowl"},"content":{"rendered":"<div>\n<div>Ingredients: saponified oils (olive oil*, coconut oil*, shea butter*, calendula oil macerate*, castor oil*, hibiscus oil), water, sodium hydroxide, lemon essential oil*, white clay, ho wood* and sweet orange* essential oils.<\/div>\n<div><\/div>\n<div>INCI : Sodium olivate, Sodium cocoate, Sodium shea butterate, Sodium soyate, Sodium castorate, Sodium hibiscus seedate, Glycerin**, Aqua, Calendula officinalis flowers, citrus limon oil, Kaolin, Citrus sinensis oil, cinnamomum camphora oil, Linallol, Citronellol, G\u00e9raniol. **cr\u00e9e naturellement lors de la saponification.<\/div>\n<\/div>\n<div>\n<div>\n<div dir=\"auto\">\n<div dir=\"auto\">\n<div><\/div>\n<\/div>\n<\/div>\n<\/div>\n<\/div>","protected":false},"excerpt":{"rendered":"<p>D\u00e9couvrez l&#8217;exp\u00e9rience de rasage avec notre savon de rasage au Calendula. Il est fabriqu\u00e9 \u00e0 partir de mac\u00e9rat de calendula, une plante reconnue pour ses propri\u00e9t\u00e9s apaisantes et cicatrisantes et d&#8217;huile d&#8217;hibiscus qui redonne \u00e9lasticit\u00e9 et confort \u00e0 la peau. Ce savon respecte votre peau et l&#8217;environnement mais surtout donne une mousse onctueuse qui hydrate et prot\u00e8ge votre peau, minimisant les risques d&#8217;irritation et de coupures.<\/p>\n<p>Sold in a ceramic pot made by a local designer. Reusable.<\/p>\n<p><strong>Conseils d&#8217;utilisation :<\/strong><\/p>\n<ol>\n<li>Mouillez votre visage et le blaireau de rasage \u00e0 l&#8217;eau ti\u00e8de.<\/li>\n<li>Work the soap into a lather by rubbing the shaving brush over the soap surface in a circular motion.<\/li>\n<li>Apply the foam to your face in circular movements to prepare the skin and hair.<\/li>\n<li>Shave as usual.<\/li>\n<\/ol>","protected":false},"featured_media":30352,"comment_status":"closed","ping_status":"closed","template":"","meta":[],"product_brand":[],"product_cat":[57],"product_tag":[],"class_list":{"0":"post-30221","1":"product","2":"type-product","3":"status-publish","4":"has-post-thumbnail","6":"product_cat-barbe","7":"clearfix","9":"first","10":"instock","11":"taxable","12":"shipping-taxable","13":"purchasable","14":"product-type-simple"},"_links":{"self":[{"href":"https:\/\/demo-site.savonspotionsetcie.com\/en\/wp-json\/wp\/v2\/product\/30221","targetHints":{"allow":["GET"]}}],"collection":[{"href":"https:\/\/demo-site.savonspotionsetcie.com\/en\/wp-json\/wp\/v2\/product"}],"about":[{"href":"https:\/\/demo-site.savonspotionsetcie.com\/en\/wp-json\/wp\/v2\/types\/product"}],"replies":[{"embeddable":true,"href":"https:\/\/demo-site.savonspotionsetcie.com\/en\/wp-json\/wp\/v2\/comments?post=30221"}],"wp:featuredmedia":[{"embeddable":true,"href":"https:\/\/demo-site.savonspotionsetcie.com\/en\/wp-json\/wp\/v2\/media\/30352"}],"wp:attachment":[{"href":"https:\/\/demo-site.savonspotionsetcie.com\/en\/wp-json\/wp\/v2\/media?parent=30221"}],"wp:term":[{"taxonomy":"product_brand","embeddable":true,"href":"https:\/\/demo-site.savonspotionsetcie.com\/en\/wp-json\/wp\/v2\/product_brand?post=30221"},{"taxonomy":"product_cat","embeddable":true,"href":"https:\/\/demo-site.savonspotionsetcie.com\/en\/wp-json\/wp\/v2\/product_cat?post=30221"},{"taxonomy":"product_tag","embeddable":true,"href":"https:\/\/demo-site.savonspotionsetcie.com\/en\/wp-json\/wp\/v2\/product_tag?post=30221"}],"curies":[{"name":"wp","href":"https:\/\/api.w.org\/{rel}","templated":true}]}}