{"id":30218,"date":"2023-06-29T16:35:12","date_gmt":"2023-06-29T14:35:12","guid":{"rendered":"https:\/\/demo-site.savonspotionsetcie.com\/?post_type=product&#038;p=30218"},"modified":"2025-07-23T16:14:22","modified_gmt":"2025-07-23T14:14:22","slug":"savon-avoine","status":"publish","type":"product","link":"https:\/\/demo-site.savonspotionsetcie.com\/en\/product\/savon-avoine\/","title":{"rendered":"Oat Soap"},"content":{"rendered":"<p>Ingr\u00e9dients : Huiles saponifi\u00e9es (huile d&#8217;olive*, huile de coco*, beurre de karit\u00e9*, huile de colza*, huile d&#8217;hibiscus), eau, hydroxyde de sodium, avoine en poudre*.<\/p>\n<p>*Produits issus de l&#8217;agriculture biologique.<\/p>\n<p>INCI : Sodium olivate, sodium cocoate, sodium shea butter, sodium rapeseedate, sodium hibiscus seedate, glycerin**, aqua, avena sativa kernel meal.<\/p>\n<p>**naturally created during the saponification process.<\/p>","protected":false},"excerpt":{"rendered":"<p>Ce savon, doux et hydratant, est enrichi \u00e0 l&#8217;Avoine biologique. Les b\u00e9n\u00e9fices, en usage interne, tr\u00e8s riche en prot\u00e9ines, vitamines, min\u00e9raux et oligo-\u00e9l\u00e9ments, ne sont plus \u00e0 d\u00e9montrer. Moins connu en usage externe, l&#8217;avoine absorbe les impuret\u00e9s de la peau, elle l\u2019hydrate, la nettoie et la nourrit.<\/p>","protected":false},"featured_media":30348,"comment_status":"closed","ping_status":"closed","template":"","meta":[],"product_brand":[],"product_cat":[33,31,22],"product_tag":[],"class_list":{"0":"post-30218","1":"product","2":"type-product","3":"status-publish","4":"has-post-thumbnail","6":"product_cat-hydratant","7":"product_cat-sans-huile-essentielle","8":"product_cat-savons","9":"clearfix","11":"first","12":"instock","13":"taxable","14":"shipping-taxable","15":"purchasable","16":"product-type-simple"},"_links":{"self":[{"href":"https:\/\/demo-site.savonspotionsetcie.com\/en\/wp-json\/wp\/v2\/product\/30218","targetHints":{"allow":["GET"]}}],"collection":[{"href":"https:\/\/demo-site.savonspotionsetcie.com\/en\/wp-json\/wp\/v2\/product"}],"about":[{"href":"https:\/\/demo-site.savonspotionsetcie.com\/en\/wp-json\/wp\/v2\/types\/product"}],"replies":[{"embeddable":true,"href":"https:\/\/demo-site.savonspotionsetcie.com\/en\/wp-json\/wp\/v2\/comments?post=30218"}],"wp:featuredmedia":[{"embeddable":true,"href":"https:\/\/demo-site.savonspotionsetcie.com\/en\/wp-json\/wp\/v2\/media\/30348"}],"wp:attachment":[{"href":"https:\/\/demo-site.savonspotionsetcie.com\/en\/wp-json\/wp\/v2\/media?parent=30218"}],"wp:term":[{"taxonomy":"product_brand","embeddable":true,"href":"https:\/\/demo-site.savonspotionsetcie.com\/en\/wp-json\/wp\/v2\/product_brand?post=30218"},{"taxonomy":"product_cat","embeddable":true,"href":"https:\/\/demo-site.savonspotionsetcie.com\/en\/wp-json\/wp\/v2\/product_cat?post=30218"},{"taxonomy":"product_tag","embeddable":true,"href":"https:\/\/demo-site.savonspotionsetcie.com\/en\/wp-json\/wp\/v2\/product_tag?post=30218"}],"curies":[{"name":"wp","href":"https:\/\/api.w.org\/{rel}","templated":true}]}}