{"id":30214,"date":"2023-06-29T16:15:25","date_gmt":"2023-06-29T14:15:25","guid":{"rendered":"https:\/\/demo-site.savonspotionsetcie.com\/?post_type=product&#038;p=30214"},"modified":"2024-08-05T11:14:13","modified_gmt":"2024-08-05T09:14:13","slug":"porte-savon-luffa","status":"publish","type":"product","link":"https:\/\/demo-site.savonspotionsetcie.com\/en\/product\/porte-savon-luffa\/","title":{"rendered":"Luffa soap holder"},"content":{"rendered":"","protected":false},"excerpt":{"rendered":"<p>\u00c9levez votre exp\u00e9rience de soin avec notre Porte-Savon en Luffa 100% Naturel. Con\u00e7u pour offrir \u00e0 la fois fonctionnalit\u00e9 et esth\u00e9tisme, ce porte-savon innovant est fabriqu\u00e9 \u00e0 partir de fibres de luffa, une alternative \u00e9cologique aux porte-savons traditionnels. Fabriqu\u00e9 \u00e0 partir de luffa 100% naturel, un produit biod\u00e9gradable et respectueux de l&#8217;environnement. Les fibres de luffa permettent un drainage efficace, maintenant votre savon sec et prolongeant ainsi sa dur\u00e9e de vie.<\/p>\n<p>Can be used in the bathroom, kitchen or any other area where a soap dish is needed.<\/p>","protected":false},"featured_media":31276,"comment_status":"closed","ping_status":"closed","template":"","meta":[],"product_brand":[],"product_cat":[19],"product_tag":[],"class_list":{"0":"post-30214","1":"product","2":"type-product","3":"status-publish","4":"has-post-thumbnail","6":"product_cat-non-classe","7":"clearfix","9":"first","10":"instock","11":"taxable","12":"shipping-taxable","13":"purchasable","14":"product-type-simple"},"_links":{"self":[{"href":"https:\/\/demo-site.savonspotionsetcie.com\/en\/wp-json\/wp\/v2\/product\/30214","targetHints":{"allow":["GET"]}}],"collection":[{"href":"https:\/\/demo-site.savonspotionsetcie.com\/en\/wp-json\/wp\/v2\/product"}],"about":[{"href":"https:\/\/demo-site.savonspotionsetcie.com\/en\/wp-json\/wp\/v2\/types\/product"}],"replies":[{"embeddable":true,"href":"https:\/\/demo-site.savonspotionsetcie.com\/en\/wp-json\/wp\/v2\/comments?post=30214"}],"wp:featuredmedia":[{"embeddable":true,"href":"https:\/\/demo-site.savonspotionsetcie.com\/en\/wp-json\/wp\/v2\/media\/31276"}],"wp:attachment":[{"href":"https:\/\/demo-site.savonspotionsetcie.com\/en\/wp-json\/wp\/v2\/media?parent=30214"}],"wp:term":[{"taxonomy":"product_brand","embeddable":true,"href":"https:\/\/demo-site.savonspotionsetcie.com\/en\/wp-json\/wp\/v2\/product_brand?post=30214"},{"taxonomy":"product_cat","embeddable":true,"href":"https:\/\/demo-site.savonspotionsetcie.com\/en\/wp-json\/wp\/v2\/product_cat?post=30214"},{"taxonomy":"product_tag","embeddable":true,"href":"https:\/\/demo-site.savonspotionsetcie.com\/en\/wp-json\/wp\/v2\/product_tag?post=30214"}],"curies":[{"name":"wp","href":"https:\/\/api.w.org\/{rel}","templated":true}]}}