{"id":29929,"date":"2022-06-12T17:15:52","date_gmt":"2022-06-12T15:15:52","guid":{"rendered":"https:\/\/demo-site.savonspotionsetcie.com\/?post_type=product&#038;p=29929"},"modified":"2025-02-26T18:54:35","modified_gmt":"2025-02-26T17:54:35","slug":"__trashed","status":"publish","type":"product","link":"https:\/\/demo-site.savonspotionsetcie.com\/en\/product\/__trashed\/","title":{"rendered":"Normal skin deodorant"},"content":{"rendered":"<p>Une protection efficace et douce pour votre peau<br \/>\nCe d\u00e9odorant solide vous assure une fra\u00eecheur durable tout en respectant votre peau et le processus naturel de transpiration. Sa formule associe des actifs absorbants et purifiants pour neutraliser les mauvaises odeurs sans bloquer l\u2019\u00e9vacuation des toxines.<\/p>\n<p>\u2714\ufe0f R\u00e9gule la transpiration sans l\u2019emp\u00eacher<br \/>\n\u2714\ufe0f Hydrate et prot\u00e8ge la peau<br \/>\n\u2714\ufe0f Parfum d\u00e9licat &amp; sensation de fra\u00eecheur toute la journ\u00e9e<br \/>\n\u2714\ufe0f Format compact et pratique pour le voyage<\/p>\n<p>&nbsp;<\/p>\n<hr \/>\n<h3><strong>Pourquoi<\/strong> <strong>l\u2019adopter ?<\/strong><\/h3>\n<p>&nbsp;<\/p>\n<ul>\n<li>Un soin fabriqu\u00e9 \u00e0 la main avec passion<br \/>\nChaque d\u00e9odorant est formul\u00e9, coul\u00e9 et conditionn\u00e9 artisanalement dans notre atelier au pied des Pyr\u00e9n\u00e9es. Nous privil\u00e9gions une fabrication respectueuse de l\u2019environnement, avec une production \u00e0 petite \u00e9chelle pour garantir qualit\u00e9 et fra\u00eecheur.<\/li>\n<\/ul>\n<p>&nbsp;<\/p>\n<ul>\n<li>Une \u00e9thique \u00e9cologique au c\u0153ur de notre d\u00e9marche<br \/>\nNos ingr\u00e9dients sont issus de l\u2019agriculture biologique et s\u00e9lectionn\u00e9s avec soin pour leur efficacit\u00e9 et leur douceur. Notre emballage en verre est r\u00e9utilisable et recyclable, limitant ainsi notre empreinte \u00e9cologique.<\/li>\n<\/ul>\n<p>&nbsp;<\/p>\n<ul>\n<li>Une formule naturelle et respectueuse de votre peau<br \/>\nContrairement aux d\u00e9odorants classiques qui contiennent des sels d\u2019aluminium ou de l\u2019alcool, notre formule laisse respirer votre peau sans obstruer les pores. Elle est id\u00e9ale pour toutes les peaux, m\u00eame sensibles.<\/li>\n<\/ul>\n<p>&nbsp;<\/p>\n<hr \/>\n<h3><strong>Nos engagements<\/strong><\/h3>\n<p>&nbsp;<\/p>\n<p><img loading=\"lazy\" decoding=\"async\" class=\"alignnone wp-image-31313\" src=\"https:\/\/demo-site.savonspotionsetcie.com\/wp-content\/uploads\/2024\/05\/logo-1-1-300x300.png\" alt=\"\" width=\"164\" height=\"164\" srcset=\"https:\/\/demo-site.savonspotionsetcie.com\/wp-content\/uploads\/2024\/05\/logo-1-1-300x300.png 300w, https:\/\/demo-site.savonspotionsetcie.com\/wp-content\/uploads\/2024\/05\/logo-1-1-150x150.png 150w, https:\/\/demo-site.savonspotionsetcie.com\/wp-content\/uploads\/2024\/05\/logo-1-1-12x12.png 12w, https:\/\/demo-site.savonspotionsetcie.com\/wp-content\/uploads\/2024\/05\/logo-1-1.png 500w\" sizes=\"auto, (max-width: 164px) 100vw, 164px\" \/><img loading=\"lazy\" decoding=\"async\" class=\"alignnone wp-image-31316\" src=\"https:\/\/demo-site.savonspotionsetcie.com\/wp-content\/uploads\/2024\/05\/logo-2-1-300x300.png\" alt=\"\" width=\"164\" height=\"164\" srcset=\"https:\/\/demo-site.savonspotionsetcie.com\/wp-content\/uploads\/2024\/05\/logo-2-1-300x300.png 300w, https:\/\/demo-site.savonspotionsetcie.com\/wp-content\/uploads\/2024\/05\/logo-2-1-150x150.png 150w, https:\/\/demo-site.savonspotionsetcie.com\/wp-content\/uploads\/2024\/05\/logo-2-1-12x12.png 12w, https:\/\/demo-site.savonspotionsetcie.com\/wp-content\/uploads\/2024\/05\/logo-2-1.png 500w\" sizes=\"auto, (max-width: 164px) 100vw, 164px\" \/><img loading=\"lazy\" decoding=\"async\" class=\"alignnone wp-image-31315\" src=\"https:\/\/demo-site.savonspotionsetcie.com\/wp-content\/uploads\/2024\/05\/logo-1-3-300x300.png\" alt=\"\" width=\"164\" height=\"164\" srcset=\"https:\/\/demo-site.savonspotionsetcie.com\/wp-content\/uploads\/2024\/05\/logo-1-3-300x300.png 300w, https:\/\/demo-site.savonspotionsetcie.com\/wp-content\/uploads\/2024\/05\/logo-1-3-150x150.png 150w, https:\/\/demo-site.savonspotionsetcie.com\/wp-content\/uploads\/2024\/05\/logo-1-3-12x12.png 12w, https:\/\/demo-site.savonspotionsetcie.com\/wp-content\/uploads\/2024\/05\/logo-1-3.png 500w\" sizes=\"auto, (max-width: 164px) 100vw, 164px\" \/><img loading=\"lazy\" decoding=\"async\" class=\"alignnone wp-image-31317\" src=\"https:\/\/demo-site.savonspotionsetcie.com\/wp-content\/uploads\/2024\/05\/logo-3-1-300x300.png\" alt=\"\" width=\"164\" height=\"164\" srcset=\"https:\/\/demo-site.savonspotionsetcie.com\/wp-content\/uploads\/2024\/05\/logo-3-1-300x300.png 300w, https:\/\/demo-site.savonspotionsetcie.com\/wp-content\/uploads\/2024\/05\/logo-3-1-150x150.png 150w, https:\/\/demo-site.savonspotionsetcie.com\/wp-content\/uploads\/2024\/05\/logo-3-1-12x12.png 12w, https:\/\/demo-site.savonspotionsetcie.com\/wp-content\/uploads\/2024\/05\/logo-3-1.png 500w\" sizes=\"auto, (max-width: 164px) 100vw, 164px\" \/><\/p>\n<p>&nbsp;<\/p>\n<hr \/>\n<p>&nbsp;<\/p>\n<p>Ingredients: coconut oil, sodium bicarbonate, shea butter, corn starch, palmarosa essential oil.<\/p>\n<p>INCI\u00a0: Cocos nucifera oil, Sodium bicarbonate, Butyrospermum parkii butter, Zea mays starch, Cymbopogon martini oil.<\/p>\n<p>&nbsp;<\/p>\n<hr \/>\n<h3 data-start=\"3162\" data-end=\"3196\"><strong data-start=\"3168\" data-end=\"3194\">Conseils d\u2019utilisation<\/strong><\/h3>\n<p>&nbsp;<\/p>\n<p data-start=\"3198\" data-end=\"3488\">1\ufe0f\u20e3 Pr\u00e9levez une petite quantit\u00e9 avec le doigt ou une spatule.<br data-start=\"3260\" data-end=\"3263\" \/>2\ufe0f\u20e3 Appliquez sur des aisselles propres et s\u00e8ches en massant l\u00e9g\u00e8rement.<br data-start=\"3335\" data-end=\"3338\" \/>3\ufe0f\u20e3 Laissez p\u00e9n\u00e9trer quelques instants avant de vous habiller.<br data-start=\"3400\" data-end=\"3403\" \/>4\ufe0f\u20e3 Pour un meilleur confort, appliquez apr\u00e8s la douche sur peau l\u00e9g\u00e8rement humide.<\/p>\n<p data-start=\"3490\" data-end=\"3587\">\ud83d\udca1 <strong data-start=\"3493\" data-end=\"3503\">Astuce<\/strong> : Pour un usage prolong\u00e9, conservez votre d\u00e9odorant dans un endroit frais et sec.<\/p>","protected":false},"excerpt":{"rendered":"<p>This solid deodorant, presented in a glass container, regulates perspiration while moisturising and lightly perfuming your skin.<\/p>\n<p>Il vous assure un confort optimal tout au long de la journ\u00e9e en neutralisant les mauvaises odeurs et en respectant le ph\u00e9nom\u00e8ne naturel de la transpiration sans la bloquer. Vos pores ne sont pas obstru\u00e9s, votre peau peut respirer. Parfait pour le voyage il peut rester dans votre valise cabine. Il ne contient pas de sel d&#8217;aluminium ni d\u2019alcool.<\/p>","protected":false},"featured_media":30260,"comment_status":"open","ping_status":"closed","template":"","meta":[],"product_brand":[],"product_cat":[50],"product_tag":[],"class_list":{"0":"post-29929","1":"product","2":"type-product","3":"status-publish","4":"has-post-thumbnail","6":"product_cat-deodorants","7":"clearfix","9":"first","10":"instock","11":"taxable","12":"shipping-taxable","13":"purchasable","14":"product-type-simple"},"_links":{"self":[{"href":"https:\/\/demo-site.savonspotionsetcie.com\/en\/wp-json\/wp\/v2\/product\/29929","targetHints":{"allow":["GET"]}}],"collection":[{"href":"https:\/\/demo-site.savonspotionsetcie.com\/en\/wp-json\/wp\/v2\/product"}],"about":[{"href":"https:\/\/demo-site.savonspotionsetcie.com\/en\/wp-json\/wp\/v2\/types\/product"}],"replies":[{"embeddable":true,"href":"https:\/\/demo-site.savonspotionsetcie.com\/en\/wp-json\/wp\/v2\/comments?post=29929"}],"wp:featuredmedia":[{"embeddable":true,"href":"https:\/\/demo-site.savonspotionsetcie.com\/en\/wp-json\/wp\/v2\/media\/30260"}],"wp:attachment":[{"href":"https:\/\/demo-site.savonspotionsetcie.com\/en\/wp-json\/wp\/v2\/media?parent=29929"}],"wp:term":[{"taxonomy":"product_brand","embeddable":true,"href":"https:\/\/demo-site.savonspotionsetcie.com\/en\/wp-json\/wp\/v2\/product_brand?post=29929"},{"taxonomy":"product_cat","embeddable":true,"href":"https:\/\/demo-site.savonspotionsetcie.com\/en\/wp-json\/wp\/v2\/product_cat?post=29929"},{"taxonomy":"product_tag","embeddable":true,"href":"https:\/\/demo-site.savonspotionsetcie.com\/en\/wp-json\/wp\/v2\/product_tag?post=29929"}],"curies":[{"name":"wp","href":"https:\/\/api.w.org\/{rel}","templated":true}]}}