{"id":29908,"date":"2022-03-30T09:50:03","date_gmt":"2022-03-30T07:50:03","guid":{"rendered":"https:\/\/demo-site.savonspotionsetcie.com\/?post_type=product&#038;p=29908"},"modified":"2024-11-06T21:08:29","modified_gmt":"2024-11-06T20:08:29","slug":"deodorant-peaux-delicates","status":"publish","type":"product","link":"https:\/\/demo-site.savonspotionsetcie.com\/en\/product\/deodorant-peaux-delicates\/","title":{"rendered":"Sensitive skin deodorant"},"content":{"rendered":"<p>Conseils d&#8217;utilisation : appliquer \u00e0 l&#8217;aide des doigts propres. En fonction de la \u00a0temp\u00e9rature ambiante, la consistance du d\u00e9odorant peut \u00e9voluer. Pas d&#8217;inqui\u00e9tude sa qualit\u00e9 ne sera pas alt\u00e9rer, vous pouvez le mettre au r\u00e9frig\u00e9rateur pour qu&#8217;il retrouve sa consistance.<\/p>\n<p>Ingredients: Coconut Oil, Shea Butter, Corn Starch, White Clay, Zinc Oxide, Palmarosa and Rose Geranium essential oils.<\/p>\n<p>INCI\u00a0: Cocos nucifera oil, Butyrospermum parkii butter, Zea mays starch, Kaolin,Zinc oxide,\u00a0Cymbopogon martini oil, P\u00e9largonium graveolens oil.<\/p>\n<p>&nbsp;<\/p>","protected":false},"excerpt":{"rendered":"<p>Ce d\u00e9odorant solide naturel est d\u00e9pourvu de bicarbonate de soude car cet ingr\u00e9dient peut parfois ne pas \u00eatre tol\u00e9r\u00e9 par certains \u00e9pidermes. Sa formulation lui permet de laisser respirer votre peau et de neutraliser, tout en douceur, les mauvaises odeurs. Ce d\u00e9odorant hydratant parfumera d\u00e9licatement votre peau. Parfait pour le voyage il peut rester dans votre valise cabine. Il ne contient pas de sel d&#8217;aluminium ni d\u2019alcool.<\/p>","protected":false},"featured_media":30257,"comment_status":"closed","ping_status":"closed","template":"","meta":[],"product_brand":[],"product_cat":[50],"product_tag":[],"class_list":{"0":"post-29908","1":"product","2":"type-product","3":"status-publish","4":"has-post-thumbnail","6":"product_cat-deodorants","7":"clearfix","9":"first","10":"instock","11":"taxable","12":"shipping-taxable","13":"purchasable","14":"product-type-simple"},"_links":{"self":[{"href":"https:\/\/demo-site.savonspotionsetcie.com\/en\/wp-json\/wp\/v2\/product\/29908","targetHints":{"allow":["GET"]}}],"collection":[{"href":"https:\/\/demo-site.savonspotionsetcie.com\/en\/wp-json\/wp\/v2\/product"}],"about":[{"href":"https:\/\/demo-site.savonspotionsetcie.com\/en\/wp-json\/wp\/v2\/types\/product"}],"replies":[{"embeddable":true,"href":"https:\/\/demo-site.savonspotionsetcie.com\/en\/wp-json\/wp\/v2\/comments?post=29908"}],"wp:featuredmedia":[{"embeddable":true,"href":"https:\/\/demo-site.savonspotionsetcie.com\/en\/wp-json\/wp\/v2\/media\/30257"}],"wp:attachment":[{"href":"https:\/\/demo-site.savonspotionsetcie.com\/en\/wp-json\/wp\/v2\/media?parent=29908"}],"wp:term":[{"taxonomy":"product_brand","embeddable":true,"href":"https:\/\/demo-site.savonspotionsetcie.com\/en\/wp-json\/wp\/v2\/product_brand?post=29908"},{"taxonomy":"product_cat","embeddable":true,"href":"https:\/\/demo-site.savonspotionsetcie.com\/en\/wp-json\/wp\/v2\/product_cat?post=29908"},{"taxonomy":"product_tag","embeddable":true,"href":"https:\/\/demo-site.savonspotionsetcie.com\/en\/wp-json\/wp\/v2\/product_tag?post=29908"}],"curies":[{"name":"wp","href":"https:\/\/api.w.org\/{rel}","templated":true}]}}