{"id":29874,"date":"2021-03-30T14:24:09","date_gmt":"2021-03-30T12:24:09","guid":{"rendered":"https:\/\/demo-site.savonspotionsetcie.com\/?post_type=product&#038;p=29874"},"modified":"2024-09-30T14:17:56","modified_gmt":"2024-09-30T12:17:56","slug":"savon-sauge-lavande","status":"publish","type":"product","link":"https:\/\/demo-site.savonspotionsetcie.com\/en\/product\/savon-sauge-lavande\/","title":{"rendered":"Sage Lavender Soap"},"content":{"rendered":"<p>Superfat : 6%<\/p>\n<p>Ingredients: saponified oils (olive oil*, coconut oil*, oily macerate of sage*, shea butter*, castor oil*, cocoa butter*), water, sodium hydroxide, essential oils of lavandin* and lemon*, clay, nettle powder.<\/p>\n<p>* Products from organic farming<\/p>\n<p>INCI : Sodium olivate, Sodium cocoate, Glycerin**,\u00a0Sodium shea butterate, Sodium castorate,\u00a0Sodium cocoa butterate, Aqua, components salva\u00a0officinalis leaves, lavandula hybrida oil, citrus limon\u00a0peel oil, Smectite, Dried nettle, Limon\u00e8ne.<\/p>\n<p>**naturally created during the saponification process.<\/p>","protected":false},"excerpt":{"rendered":"<p>Ce savon r\u00e9unit deux plantes anti-infectieuses et cicatrisantes. La sauge officinale, riche en chlorophylle, permet d&#8217;obtenir un mac\u00e9rat huileux d&#8217;un vert lumineux et le lavandin, sous forme d&#8217;huile essentielle. L\u2019ortie, s\u00e9ch\u00e9e et broy\u00e9e, apporte un l\u00e9ger effet exfoliant \u00e0 ce savon. Peut \u00eatre recommand\u00e9 aux peaux acn\u00e9iques.<\/p>","protected":false},"featured_media":30243,"comment_status":"open","ping_status":"closed","template":"","meta":[],"product_brand":[],"product_cat":[32,33,34,22],"product_tag":[],"class_list":{"0":"post-29874","1":"product","2":"type-product","3":"status-publish","4":"has-post-thumbnail","6":"product_cat-avec-huiles-essentielles","7":"product_cat-hydratant","8":"product_cat-peaux-acneiques","9":"product_cat-savons","10":"clearfix","12":"first","13":"instock","14":"taxable","15":"shipping-taxable","16":"purchasable","17":"product-type-simple"},"_links":{"self":[{"href":"https:\/\/demo-site.savonspotionsetcie.com\/en\/wp-json\/wp\/v2\/product\/29874","targetHints":{"allow":["GET"]}}],"collection":[{"href":"https:\/\/demo-site.savonspotionsetcie.com\/en\/wp-json\/wp\/v2\/product"}],"about":[{"href":"https:\/\/demo-site.savonspotionsetcie.com\/en\/wp-json\/wp\/v2\/types\/product"}],"replies":[{"embeddable":true,"href":"https:\/\/demo-site.savonspotionsetcie.com\/en\/wp-json\/wp\/v2\/comments?post=29874"}],"wp:featuredmedia":[{"embeddable":true,"href":"https:\/\/demo-site.savonspotionsetcie.com\/en\/wp-json\/wp\/v2\/media\/30243"}],"wp:attachment":[{"href":"https:\/\/demo-site.savonspotionsetcie.com\/en\/wp-json\/wp\/v2\/media?parent=29874"}],"wp:term":[{"taxonomy":"product_brand","embeddable":true,"href":"https:\/\/demo-site.savonspotionsetcie.com\/en\/wp-json\/wp\/v2\/product_brand?post=29874"},{"taxonomy":"product_cat","embeddable":true,"href":"https:\/\/demo-site.savonspotionsetcie.com\/en\/wp-json\/wp\/v2\/product_cat?post=29874"},{"taxonomy":"product_tag","embeddable":true,"href":"https:\/\/demo-site.savonspotionsetcie.com\/en\/wp-json\/wp\/v2\/product_tag?post=29874"}],"curies":[{"name":"wp","href":"https:\/\/api.w.org\/{rel}","templated":true}]}}