{"id":29867,"date":"2021-03-30T14:24:00","date_gmt":"2021-03-30T12:24:00","guid":{"rendered":"https:\/\/demo-site.savonspotionsetcie.com\/?post_type=product&#038;p=29867"},"modified":"2024-09-30T14:17:56","modified_gmt":"2024-09-30T12:17:56","slug":"savon-laurier-menthe","status":"publish","type":"product","link":"https:\/\/demo-site.savonspotionsetcie.com\/en\/product\/savon-laurier-menthe\/","title":{"rendered":"Laurel Mint Soap"},"content":{"rendered":"<p>Superfat : 6%<\/p>\n<p>Ingr\u00e9dients : huiles saponifi\u00e9es (huile\u00a0de coco*, huile d\u2019olive*, mac\u00e9r\u00e2t huileux de laurier*, de beurre de karit\u00e9*, huile de ricin*, beurre\u00a0de cacao*), eau, hydroxyde de sodium, huiles essentielles\u00a0de menthe* et de petit grain bigarade*.<\/p>\n<p>* Products from organic farming<\/p>\n<p>INCI : Sodium olivate, Sodium cocoate, Glycerine**, Sodium\u00a0shea butterate, Sodium castorate, Sodium cocoa\u00a0butterate, Aqua, components laurus nobilis leaves, mentha arvensis oil, cytrus orentium oil, linalool.<\/p>\n<p>**naturally created during the saponification process.<\/p>","protected":false},"excerpt":{"rendered":"<p>The oily macerate of laurel brings anti-inflammatory and anti-infectious properties which will make the happiness of the damaged skins. The fragrance of laurel is not found in the finished product but the fragrance of essential oils of mint and petit grain bigarade brings softness and vitality to your daily care. This soap contains a surgras of 6%.<\/p>","protected":false},"featured_media":30241,"comment_status":"closed","ping_status":"closed","template":"","meta":[],"product_brand":[],"product_cat":[32,33,22],"product_tag":[],"class_list":{"0":"post-29867","1":"product","2":"type-product","3":"status-publish","4":"has-post-thumbnail","6":"product_cat-avec-huiles-essentielles","7":"product_cat-hydratant","8":"product_cat-savons","9":"clearfix","11":"first","12":"instock","13":"taxable","14":"shipping-taxable","15":"purchasable","16":"product-type-simple"},"_links":{"self":[{"href":"https:\/\/demo-site.savonspotionsetcie.com\/en\/wp-json\/wp\/v2\/product\/29867","targetHints":{"allow":["GET"]}}],"collection":[{"href":"https:\/\/demo-site.savonspotionsetcie.com\/en\/wp-json\/wp\/v2\/product"}],"about":[{"href":"https:\/\/demo-site.savonspotionsetcie.com\/en\/wp-json\/wp\/v2\/types\/product"}],"replies":[{"embeddable":true,"href":"https:\/\/demo-site.savonspotionsetcie.com\/en\/wp-json\/wp\/v2\/comments?post=29867"}],"wp:featuredmedia":[{"embeddable":true,"href":"https:\/\/demo-site.savonspotionsetcie.com\/en\/wp-json\/wp\/v2\/media\/30241"}],"wp:attachment":[{"href":"https:\/\/demo-site.savonspotionsetcie.com\/en\/wp-json\/wp\/v2\/media?parent=29867"}],"wp:term":[{"taxonomy":"product_brand","embeddable":true,"href":"https:\/\/demo-site.savonspotionsetcie.com\/en\/wp-json\/wp\/v2\/product_brand?post=29867"},{"taxonomy":"product_cat","embeddable":true,"href":"https:\/\/demo-site.savonspotionsetcie.com\/en\/wp-json\/wp\/v2\/product_cat?post=29867"},{"taxonomy":"product_tag","embeddable":true,"href":"https:\/\/demo-site.savonspotionsetcie.com\/en\/wp-json\/wp\/v2\/product_tag?post=29867"}],"curies":[{"name":"wp","href":"https:\/\/api.w.org\/{rel}","templated":true}]}}