{"id":29862,"date":"2021-03-30T14:23:54","date_gmt":"2021-03-30T12:23:54","guid":{"rendered":"https:\/\/demo-site.savonspotionsetcie.com\/?post_type=product&#038;p=29862"},"modified":"2024-09-30T13:47:44","modified_gmt":"2024-09-30T11:47:44","slug":"savon-chanvre-patchouli","status":"publish","type":"product","link":"https:\/\/demo-site.savonspotionsetcie.com\/en\/product\/savon-chanvre-patchouli\/","title":{"rendered":"Patchouli Hemp Soap"},"content":{"rendered":"<p>Superfat : 6%<\/p>\n<p>Ingredients: saponified oils (olive oil*, coconut oil*, shea butter*, hemp oil*, castor oil*, cocoa butter*), water, sodium hydroxide, essential oils of patchouli* and lavandin*.<\/p>\n<p>* Products from organic farming<\/p>\n<p>Ingr\u00e9dients INCI : Sodium olivate, Sodium\u00a0cocoate, Sodium shea butterate, sodium\u00a0hempseedate, Glycerin**, Sodium\u00a0cocoa butterate, Sodium castorate, Aqua, Pogostemon\u00a0cablin oil, Lavandula hybrida oil, Linalool.<\/p>\n<p>**naturally created during the saponification process.<\/p>","protected":false},"excerpt":{"rendered":"<p>L&#8217;huile de chanvre a une composition lipidique tr\u00e8s similaire \u00e0 celles des lipides de la peau. Il serait donc dommage de se priver de ses qualit\u00e9s en cosm\u00e9tique. Pour renforcer ces propri\u00e9t\u00e9s hydratante, assouplissante et revitalisante je l&#8217;ai associ\u00e9 \u00e0 l&#8217;huile essentielle de patchouli cicatrisante, anti-septique et r\u00e9g\u00e9n\u00e9rante tissulaire. Ce savon utilisable par tous sera adapt\u00e9 aux peaux matures et aux peaux acn\u00e9iques.<\/p>","protected":false},"featured_media":30242,"comment_status":"closed","ping_status":"closed","template":"","meta":[],"product_brand":[],"product_cat":[32,33,34,35,22],"product_tag":[],"class_list":{"0":"post-29862","1":"product","2":"type-product","3":"status-publish","4":"has-post-thumbnail","6":"product_cat-avec-huiles-essentielles","7":"product_cat-hydratant","8":"product_cat-peaux-acneiques","9":"product_cat-peaux-atopiques","10":"product_cat-savons","11":"clearfix","13":"first","14":"instock","15":"taxable","16":"shipping-taxable","17":"purchasable","18":"product-type-simple"},"_links":{"self":[{"href":"https:\/\/demo-site.savonspotionsetcie.com\/en\/wp-json\/wp\/v2\/product\/29862","targetHints":{"allow":["GET"]}}],"collection":[{"href":"https:\/\/demo-site.savonspotionsetcie.com\/en\/wp-json\/wp\/v2\/product"}],"about":[{"href":"https:\/\/demo-site.savonspotionsetcie.com\/en\/wp-json\/wp\/v2\/types\/product"}],"replies":[{"embeddable":true,"href":"https:\/\/demo-site.savonspotionsetcie.com\/en\/wp-json\/wp\/v2\/comments?post=29862"}],"wp:featuredmedia":[{"embeddable":true,"href":"https:\/\/demo-site.savonspotionsetcie.com\/en\/wp-json\/wp\/v2\/media\/30242"}],"wp:attachment":[{"href":"https:\/\/demo-site.savonspotionsetcie.com\/en\/wp-json\/wp\/v2\/media?parent=29862"}],"wp:term":[{"taxonomy":"product_brand","embeddable":true,"href":"https:\/\/demo-site.savonspotionsetcie.com\/en\/wp-json\/wp\/v2\/product_brand?post=29862"},{"taxonomy":"product_cat","embeddable":true,"href":"https:\/\/demo-site.savonspotionsetcie.com\/en\/wp-json\/wp\/v2\/product_cat?post=29862"},{"taxonomy":"product_tag","embeddable":true,"href":"https:\/\/demo-site.savonspotionsetcie.com\/en\/wp-json\/wp\/v2\/product_tag?post=29862"}],"curies":[{"name":"wp","href":"https:\/\/api.w.org\/{rel}","templated":true}]}}