{"id":29857,"date":"2021-03-30T14:21:59","date_gmt":"2021-03-30T12:21:59","guid":{"rendered":"https:\/\/demo-site.savonspotionsetcie.com\/?post_type=product&#038;p=29857"},"modified":"2024-10-02T17:31:06","modified_gmt":"2024-10-02T15:31:06","slug":"shampoing-avocat-ylang-ylang-2","status":"publish","type":"product","link":"https:\/\/demo-site.savonspotionsetcie.com\/en\/product\/shampoing-avocat-ylang-ylang-2\/","title":{"rendered":"Avocado Ylang-ylang Shampoo"},"content":{"rendered":"<div>Ingredients: SCI surfactant, jojoba oil*, avocado oil*, juniper hydrolate*, multani mitti, shikakai*, marshmallow*, ylang-ylang essential oil*.<\/div>\n<div><\/div>\n<div>INCI : Sodium cocoyl isethionate, Simmondsia chinensis, Persea gratissima oil, Juniperus communis water, Solum fullonum, Acacia concinna fruit powder, Althea officinalis powder, Cananga odorata<\/div>","protected":false},"excerpt":{"rendered":"<p>Gr\u00e2ce \u00e0 l&#8217;huile v\u00e9g\u00e9tale d&#8217;avocat, ce shampoing nourrit les cheveux abim\u00e9s, aux pointes d\u00e9color\u00e9es et\/ou s\u00e8ches. Il est toutefois adapt\u00e9 aux cheveux gras puisque l\u2019huile v\u00e9g\u00e9tale de jojoba r\u00e9\u00e9quilibre le s\u00e9bum. De plus, un m\u00e9lange de poudres ayurv\u00e9diques, soigneusement s\u00e9lectionn\u00e9es, contribue \u00e0 favoriser une bonne sant\u00e9 du cuir chevelu.<\/p>","protected":false},"featured_media":30337,"comment_status":"closed","ping_status":"closed","template":"","meta":[],"product_brand":[],"product_cat":[37,39,43,21],"product_tag":[],"class_list":{"0":"post-29857","1":"product","2":"type-product","3":"status-publish","4":"has-post-thumbnail","6":"product_cat-avec-huile-essentielle","7":"product_cat-cheveux-gras","8":"product_cat-petit-format","9":"product_cat-hair","10":"clearfix","12":"first","13":"instock","14":"taxable","15":"shipping-taxable","16":"purchasable","17":"product-type-simple"},"_links":{"self":[{"href":"https:\/\/demo-site.savonspotionsetcie.com\/en\/wp-json\/wp\/v2\/product\/29857","targetHints":{"allow":["GET"]}}],"collection":[{"href":"https:\/\/demo-site.savonspotionsetcie.com\/en\/wp-json\/wp\/v2\/product"}],"about":[{"href":"https:\/\/demo-site.savonspotionsetcie.com\/en\/wp-json\/wp\/v2\/types\/product"}],"replies":[{"embeddable":true,"href":"https:\/\/demo-site.savonspotionsetcie.com\/en\/wp-json\/wp\/v2\/comments?post=29857"}],"wp:featuredmedia":[{"embeddable":true,"href":"https:\/\/demo-site.savonspotionsetcie.com\/en\/wp-json\/wp\/v2\/media\/30337"}],"wp:attachment":[{"href":"https:\/\/demo-site.savonspotionsetcie.com\/en\/wp-json\/wp\/v2\/media?parent=29857"}],"wp:term":[{"taxonomy":"product_brand","embeddable":true,"href":"https:\/\/demo-site.savonspotionsetcie.com\/en\/wp-json\/wp\/v2\/product_brand?post=29857"},{"taxonomy":"product_cat","embeddable":true,"href":"https:\/\/demo-site.savonspotionsetcie.com\/en\/wp-json\/wp\/v2\/product_cat?post=29857"},{"taxonomy":"product_tag","embeddable":true,"href":"https:\/\/demo-site.savonspotionsetcie.com\/en\/wp-json\/wp\/v2\/product_tag?post=29857"}],"curies":[{"name":"wp","href":"https:\/\/api.w.org\/{rel}","templated":true}]}}