{"id":29855,"date":"2021-03-30T14:21:57","date_gmt":"2021-03-30T12:21:57","guid":{"rendered":"https:\/\/demo-site.savonspotionsetcie.com\/?post_type=product&#038;p=29855"},"modified":"2024-11-06T21:08:29","modified_gmt":"2024-11-06T20:08:29","slug":"shampoing-cacao-2","status":"publish","type":"product","link":"https:\/\/demo-site.savonspotionsetcie.com\/en\/product\/shampoing-cacao-2\/","title":{"rendered":"Cocoa Shampoo"},"content":{"rendered":"<p>Ingredients: Surfactant Sodium Cocoyl Isethionate, Coconut oil*, Laurel hydrolate*, Shikakai powder*, Sidr powder*, Cocoa butter*. *Products from organic farming<\/p>\n<p>INCI : Sodium cocoyl isethionate, Cocos nucifera oil*, Laurus nobilis,water*, Acacia concinna powder*, Zizyphus jujuba leaf powder*, Theobroma cacao butter*.<\/p>","protected":false},"excerpt":{"rendered":"<p>Le beurre de cacao nourrit en douceur. Ce shampoing b\u00e9n\u00e9ficie aussi des propri\u00e9t\u00e9s de l&#8217;hydrolat de laurier qui revitalise les cheveux cassants et pr\u00e9vient leur chute. La poudre de shikaka\u00ef, quant \u00e0 elle, favorise la pousse et donne un aspect doux et soyeux \u00e0 votre chevelure.<\/p>","protected":false},"featured_media":30342,"comment_status":"closed","ping_status":"closed","template":"","meta":[],"product_brand":[],"product_cat":[38,43,36,21],"product_tag":[],"class_list":{"0":"post-29855","1":"product","2":"type-product","3":"status-publish","4":"has-post-thumbnail","6":"product_cat-cheveux-normaux","7":"product_cat-petit-format","8":"product_cat-sans-huile-essentielle-shampoings","9":"product_cat-hair","10":"clearfix","12":"first","13":"instock","14":"taxable","15":"shipping-taxable","16":"purchasable","17":"product-type-simple"},"_links":{"self":[{"href":"https:\/\/demo-site.savonspotionsetcie.com\/en\/wp-json\/wp\/v2\/product\/29855","targetHints":{"allow":["GET"]}}],"collection":[{"href":"https:\/\/demo-site.savonspotionsetcie.com\/en\/wp-json\/wp\/v2\/product"}],"about":[{"href":"https:\/\/demo-site.savonspotionsetcie.com\/en\/wp-json\/wp\/v2\/types\/product"}],"replies":[{"embeddable":true,"href":"https:\/\/demo-site.savonspotionsetcie.com\/en\/wp-json\/wp\/v2\/comments?post=29855"}],"wp:featuredmedia":[{"embeddable":true,"href":"https:\/\/demo-site.savonspotionsetcie.com\/en\/wp-json\/wp\/v2\/media\/30342"}],"wp:attachment":[{"href":"https:\/\/demo-site.savonspotionsetcie.com\/en\/wp-json\/wp\/v2\/media?parent=29855"}],"wp:term":[{"taxonomy":"product_brand","embeddable":true,"href":"https:\/\/demo-site.savonspotionsetcie.com\/en\/wp-json\/wp\/v2\/product_brand?post=29855"},{"taxonomy":"product_cat","embeddable":true,"href":"https:\/\/demo-site.savonspotionsetcie.com\/en\/wp-json\/wp\/v2\/product_cat?post=29855"},{"taxonomy":"product_tag","embeddable":true,"href":"https:\/\/demo-site.savonspotionsetcie.com\/en\/wp-json\/wp\/v2\/product_tag?post=29855"}],"curies":[{"name":"wp","href":"https:\/\/api.w.org\/{rel}","templated":true}]}}