{"id":29851,"date":"2021-03-30T14:21:53","date_gmt":"2021-03-30T12:21:53","guid":{"rendered":"https:\/\/demo-site.savonspotionsetcie.com\/?post_type=product&#038;p=29851"},"modified":"2024-09-30T14:14:16","modified_gmt":"2024-09-30T12:14:16","slug":"savon-lavande","status":"publish","type":"product","link":"https:\/\/demo-site.savonspotionsetcie.com\/en\/product\/savon-lavande\/","title":{"rendered":"Lavender Soap"},"content":{"rendered":"<p>Superfat : 6%<\/p>\n<p>Ingredients: saponified oils (olive oil*, coconut oil*, shea butter*, castor oil*), water, sodium hydroxide, blue mineral oxide.<\/p>\n<p>* Products from organic farming<\/p>\n<p>INCI: sodium olivate, sodium cocoate, sodium shea butterate, sodium castorate, glycerin**, aqua, ultramarine bleu, lavandula hybrida oil, linalool.<\/p>\n<p>**naturally created during the saponification process.<\/p>","protected":false},"excerpt":{"rendered":"<p>Ce savon doux et hydratant, d&#8217;un bleu profond, poss\u00e8de un surgras de 6%. Le parfum fleuri, de l&#8217;huile essentielle de lavandin aux propri\u00e9t\u00e9s anti-infectieuse et cicatrisante, ravira les amoureux de la Provence.<\/p>","protected":false},"featured_media":30244,"comment_status":"closed","ping_status":"closed","template":"","meta":[],"product_brand":[],"product_cat":[32,34,22],"product_tag":[],"class_list":{"0":"post-29851","1":"product","2":"type-product","3":"status-publish","4":"has-post-thumbnail","6":"product_cat-avec-huiles-essentielles","7":"product_cat-peaux-acneiques","8":"product_cat-savons","9":"clearfix","11":"first","12":"instock","13":"taxable","14":"shipping-taxable","15":"purchasable","16":"product-type-simple"},"_links":{"self":[{"href":"https:\/\/demo-site.savonspotionsetcie.com\/en\/wp-json\/wp\/v2\/product\/29851","targetHints":{"allow":["GET"]}}],"collection":[{"href":"https:\/\/demo-site.savonspotionsetcie.com\/en\/wp-json\/wp\/v2\/product"}],"about":[{"href":"https:\/\/demo-site.savonspotionsetcie.com\/en\/wp-json\/wp\/v2\/types\/product"}],"replies":[{"embeddable":true,"href":"https:\/\/demo-site.savonspotionsetcie.com\/en\/wp-json\/wp\/v2\/comments?post=29851"}],"wp:featuredmedia":[{"embeddable":true,"href":"https:\/\/demo-site.savonspotionsetcie.com\/en\/wp-json\/wp\/v2\/media\/30244"}],"wp:attachment":[{"href":"https:\/\/demo-site.savonspotionsetcie.com\/en\/wp-json\/wp\/v2\/media?parent=29851"}],"wp:term":[{"taxonomy":"product_brand","embeddable":true,"href":"https:\/\/demo-site.savonspotionsetcie.com\/en\/wp-json\/wp\/v2\/product_brand?post=29851"},{"taxonomy":"product_cat","embeddable":true,"href":"https:\/\/demo-site.savonspotionsetcie.com\/en\/wp-json\/wp\/v2\/product_cat?post=29851"},{"taxonomy":"product_tag","embeddable":true,"href":"https:\/\/demo-site.savonspotionsetcie.com\/en\/wp-json\/wp\/v2\/product_tag?post=29851"}],"curies":[{"name":"wp","href":"https:\/\/api.w.org\/{rel}","templated":true}]}}