{"id":29848,"date":"2021-03-30T14:21:14","date_gmt":"2021-03-30T12:21:14","guid":{"rendered":"https:\/\/demo-site.savonspotionsetcie.com\/?post_type=product&#038;p=29848"},"modified":"2024-06-03T10:25:25","modified_gmt":"2024-06-03T08:25:25","slug":"savon-chanvre-basilic-citron","status":"publish","type":"product","link":"https:\/\/demo-site.savonspotionsetcie.com\/en\/product\/savon-chanvre-basilic-citron\/","title":{"rendered":"Hemp basil lemon soap"},"content":{"rendered":"<p>Superfat : 6%<\/p>\n<p>Ingredients: saponified oils (olive oil*, coconut oil*, shea butter*, hemp oil*, castor oil*, cocoa butter*), water, sodium hydroxide, essential oils of lemon* and holy basil*.<\/p>\n<p>* Products from organic farming<\/p>\n<p>Ingr\u00e9dients INCI : Sodium olivate, Sodium\u00a0cocoate, Sodium shea butterate, sodium\u00a0hempseedate, Glycerin**, Sodium cocoa\u00a0butterate, Sodium castorate, Aqua, citrus\u00a0limon oil, oscimum basilicum oil, Limonene.<\/p>\n<p>**naturally created during the saponification process.<\/p>","protected":false},"excerpt":{"rendered":"<p>L&#8217;huile de chanvre a une composition lipidique tr\u00e8s similaire \u00e0 celle des lipides de la peau. Il serait donc dommage de se priver de ses qualit\u00e9s en cosm\u00e9tique. Pour compl\u00e9ter ses propri\u00e9t\u00e9s hydratante, assouplissante et revitalisante, elle est associ\u00e9e \u00e0 une huile essentielle \u00e0 la qualit\u00e9 antiseptique, le citron. Celui-ci donne une odeur fraiche et apaisante, renforc\u00e9e par l\u2019huile essentielle de basilic sacr\u00e9. Ce savon utilisable par tous, sera adapt\u00e9 aux peaux matures et aux peaux acn\u00e9iques.<\/p>","protected":false},"featured_media":30234,"comment_status":"closed","ping_status":"closed","template":"","meta":[],"product_brand":[],"product_cat":[32,33,34,22],"product_tag":[],"class_list":{"0":"post-29848","1":"product","2":"type-product","3":"status-publish","4":"has-post-thumbnail","6":"product_cat-avec-huiles-essentielles","7":"product_cat-hydratant","8":"product_cat-peaux-acneiques","9":"product_cat-savons","10":"clearfix","12":"first","13":"instock","14":"taxable","15":"shipping-taxable","16":"purchasable","17":"product-type-simple"},"_links":{"self":[{"href":"https:\/\/demo-site.savonspotionsetcie.com\/en\/wp-json\/wp\/v2\/product\/29848","targetHints":{"allow":["GET"]}}],"collection":[{"href":"https:\/\/demo-site.savonspotionsetcie.com\/en\/wp-json\/wp\/v2\/product"}],"about":[{"href":"https:\/\/demo-site.savonspotionsetcie.com\/en\/wp-json\/wp\/v2\/types\/product"}],"replies":[{"embeddable":true,"href":"https:\/\/demo-site.savonspotionsetcie.com\/en\/wp-json\/wp\/v2\/comments?post=29848"}],"wp:featuredmedia":[{"embeddable":true,"href":"https:\/\/demo-site.savonspotionsetcie.com\/en\/wp-json\/wp\/v2\/media\/30234"}],"wp:attachment":[{"href":"https:\/\/demo-site.savonspotionsetcie.com\/en\/wp-json\/wp\/v2\/media?parent=29848"}],"wp:term":[{"taxonomy":"product_brand","embeddable":true,"href":"https:\/\/demo-site.savonspotionsetcie.com\/en\/wp-json\/wp\/v2\/product_brand?post=29848"},{"taxonomy":"product_cat","embeddable":true,"href":"https:\/\/demo-site.savonspotionsetcie.com\/en\/wp-json\/wp\/v2\/product_cat?post=29848"},{"taxonomy":"product_tag","embeddable":true,"href":"https:\/\/demo-site.savonspotionsetcie.com\/en\/wp-json\/wp\/v2\/product_tag?post=29848"}],"curies":[{"name":"wp","href":"https:\/\/api.w.org\/{rel}","templated":true}]}}