{"id":29845,"date":"2021-03-28T23:40:35","date_gmt":"2021-03-28T21:40:35","guid":{"rendered":"https:\/\/demo-site.savonspotionsetcie.com\/?post_type=product&#038;p=29845"},"modified":"2024-11-14T10:42:55","modified_gmt":"2024-11-14T09:42:55","slug":"savon-karite-garance-sans-huile-essentielle","status":"publish","type":"product","link":"https:\/\/demo-site.savonspotionsetcie.com\/en\/product\/savon-karite-garance-sans-huile-essentielle\/","title":{"rendered":"Shea Butter Soap without essential oil"},"content":{"rendered":"<p>Superfat : 6%<\/p>\n<p>Ingredients: saponified oils (olive oil*, coconut oil*, shea butter*, cocoa butter*, castor oil*), water, sodium hydroxide, Indian madder**<\/p>\n<p>*Indicates organic ingredient.<\/p>\n<p>**product sourced from wild harvest.<\/p>\n<p>INCI\u00a0: Sodium olivate, Sodium cocoate, Sodium shea butterate, Sodium cocoa butterate, Glyc\u00e9rin***, Sodium castorate, Aqua, Rubia cordifolia powder.<\/p>\n<p>***naturally formed during the saponification process.<\/p>","protected":false},"excerpt":{"rendered":"<p>Ce savon doux et hydratant est d\u00e9pourvu d\u2019huile essentielle. Il est recommand\u00e9 pour les peaux les plus fragiles notamment celles sensibles aux allerg\u00e8nes des huiles essentielles. Il doit sa couleur \u00e0 la racine de garance indienne qui r\u00e9pare, tonifie et purifie la peau et soulage les \u00e9pidermes d\u00e9licats. Ce savon doux et hydratant est d\u00e9pourvu d\u2019huile essentielle. Il est recommand\u00e9 pour les peaux les plus fragiles notamment celles sensibles aux allerg\u00e8nes des huiles essentielles. Il doit sa couleur \u00e0 la racine de garance indienne qui r\u00e9pare, tonifie et purifie la peau et soulage les \u00e9pidermes d\u00e9licats.<\/p>","protected":false},"featured_media":30238,"comment_status":"closed","ping_status":"closed","template":"","meta":[],"product_brand":[],"product_cat":[33,35,31,22],"product_tag":[],"class_list":{"0":"post-29845","1":"product","2":"type-product","3":"status-publish","4":"has-post-thumbnail","6":"product_cat-hydratant","7":"product_cat-peaux-atopiques","8":"product_cat-sans-huile-essentielle","9":"product_cat-savons","10":"clearfix","12":"first","13":"instock","14":"taxable","15":"shipping-taxable","16":"purchasable","17":"product-type-simple"},"_links":{"self":[{"href":"https:\/\/demo-site.savonspotionsetcie.com\/en\/wp-json\/wp\/v2\/product\/29845","targetHints":{"allow":["GET"]}}],"collection":[{"href":"https:\/\/demo-site.savonspotionsetcie.com\/en\/wp-json\/wp\/v2\/product"}],"about":[{"href":"https:\/\/demo-site.savonspotionsetcie.com\/en\/wp-json\/wp\/v2\/types\/product"}],"replies":[{"embeddable":true,"href":"https:\/\/demo-site.savonspotionsetcie.com\/en\/wp-json\/wp\/v2\/comments?post=29845"}],"wp:featuredmedia":[{"embeddable":true,"href":"https:\/\/demo-site.savonspotionsetcie.com\/en\/wp-json\/wp\/v2\/media\/30238"}],"wp:attachment":[{"href":"https:\/\/demo-site.savonspotionsetcie.com\/en\/wp-json\/wp\/v2\/media?parent=29845"}],"wp:term":[{"taxonomy":"product_brand","embeddable":true,"href":"https:\/\/demo-site.savonspotionsetcie.com\/en\/wp-json\/wp\/v2\/product_brand?post=29845"},{"taxonomy":"product_cat","embeddable":true,"href":"https:\/\/demo-site.savonspotionsetcie.com\/en\/wp-json\/wp\/v2\/product_cat?post=29845"},{"taxonomy":"product_tag","embeddable":true,"href":"https:\/\/demo-site.savonspotionsetcie.com\/en\/wp-json\/wp\/v2\/product_tag?post=29845"}],"curies":[{"name":"wp","href":"https:\/\/api.w.org\/{rel}","templated":true}]}}