{"id":29844,"date":"2021-03-28T23:39:31","date_gmt":"2021-03-28T21:39:31","guid":{"rendered":"https:\/\/demo-site.savonspotionsetcie.com\/?post_type=product&#038;p=29844"},"modified":"2024-09-30T14:14:16","modified_gmt":"2024-09-30T12:14:16","slug":"savon-sauge-eucalyptus","status":"publish","type":"product","link":"https:\/\/demo-site.savonspotionsetcie.com\/en\/product\/savon-sauge-eucalyptus\/","title":{"rendered":"Sage and Eucalyptus Soap"},"content":{"rendered":"<p>Superfat : 6%<\/p>\n<p>Ingredients: saponified oils (olive oil*, coconut oil*, sage oil macerate*, shea butter*, castor oil*, cocoa butter*), water, sodium hydroxide, eucalyptus essential oils*, clay, nettle powder.<\/p>\n<p>* Products from organic farming<\/p>\n<p>INCI : Sodium olivate, Sodium cocoate, Glycerin**,\u00a0Sodium shea butterate, Sodium castorate,\u00a0Sodium cocoa butterate, Aqua, components salva\u00a0officinalis leaves, eucalyptus globulus oil, Smectite, Dried nettle, Limonene.<\/p>\n<p>**naturally created during the saponification process.<\/p>","protected":false},"excerpt":{"rendered":"<p>La sauge officinale, riche en chlorophylle, permet d&#8217;obtenir un mac\u00e9rat huileux d&#8217;un vert lumineux. Cette plante poss\u00e8de des propri\u00e9t\u00e9s anti-septique et cicatrisante tr\u00e8s int\u00e9ressantes pour la peau. L\u2019ortie, s\u00e9ch\u00e9e et broy\u00e9e, apporte un l\u00e9ger effet exfoliant \u00e0 ce savon \u00e0 l&#8217;odeur fraiche et puissante d&#8217;eucalyptus.<\/p>","protected":false},"featured_media":30239,"comment_status":"closed","ping_status":"closed","template":"","meta":[],"product_brand":[],"product_cat":[32,33,22],"product_tag":[],"class_list":{"0":"post-29844","1":"product","2":"type-product","3":"status-publish","4":"has-post-thumbnail","6":"product_cat-avec-huiles-essentielles","7":"product_cat-hydratant","8":"product_cat-savons","9":"clearfix","11":"first","12":"instock","13":"taxable","14":"shipping-taxable","15":"purchasable","16":"product-type-simple"},"_links":{"self":[{"href":"https:\/\/demo-site.savonspotionsetcie.com\/en\/wp-json\/wp\/v2\/product\/29844","targetHints":{"allow":["GET"]}}],"collection":[{"href":"https:\/\/demo-site.savonspotionsetcie.com\/en\/wp-json\/wp\/v2\/product"}],"about":[{"href":"https:\/\/demo-site.savonspotionsetcie.com\/en\/wp-json\/wp\/v2\/types\/product"}],"replies":[{"embeddable":true,"href":"https:\/\/demo-site.savonspotionsetcie.com\/en\/wp-json\/wp\/v2\/comments?post=29844"}],"wp:featuredmedia":[{"embeddable":true,"href":"https:\/\/demo-site.savonspotionsetcie.com\/en\/wp-json\/wp\/v2\/media\/30239"}],"wp:attachment":[{"href":"https:\/\/demo-site.savonspotionsetcie.com\/en\/wp-json\/wp\/v2\/media?parent=29844"}],"wp:term":[{"taxonomy":"product_brand","embeddable":true,"href":"https:\/\/demo-site.savonspotionsetcie.com\/en\/wp-json\/wp\/v2\/product_brand?post=29844"},{"taxonomy":"product_cat","embeddable":true,"href":"https:\/\/demo-site.savonspotionsetcie.com\/en\/wp-json\/wp\/v2\/product_cat?post=29844"},{"taxonomy":"product_tag","embeddable":true,"href":"https:\/\/demo-site.savonspotionsetcie.com\/en\/wp-json\/wp\/v2\/product_tag?post=29844"}],"curies":[{"name":"wp","href":"https:\/\/api.w.org\/{rel}","templated":true}]}}