{"id":29843,"date":"2021-03-28T23:27:31","date_gmt":"2021-03-28T21:27:31","guid":{"rendered":"https:\/\/demo-site.savonspotionsetcie.com\/?post_type=product&#038;p=29843"},"modified":"2024-09-30T14:14:16","modified_gmt":"2024-09-30T12:14:16","slug":"savon-colza-orange","status":"publish","type":"product","link":"https:\/\/demo-site.savonspotionsetcie.com\/en\/product\/savon-colza-orange\/","title":{"rendered":"Rapeseed orange soap"},"content":{"rendered":"<p>Superfat : 6%<\/p>\n<p>Ingr\u00e9dients\u00a0: huiles saponifi\u00e9es (coco*, olive*, colza*, karit\u00e9*, ricin*), huiles essentielles d\u2019orange douce* et de bois de h\u00f4, argile rouge.<\/p>\n<p>*produits issus de l\u2019agriculture biologique.<\/p>\n<p>INCI\u00a0: Sodium olivate, Sodium cocoate, Sodium shea butterate, Sodium rapeseedate, Glycerin,Sodium castorate, aqua, Illite, citrus sinensis oil, cinnamomum camphora oil, linalool, citronellol, geraniol.<\/p>\n<p>**naturally created during the saponification process.<\/p>","protected":false},"excerpt":{"rendered":"<p>Ce savon contient un surgras de 6%.<\/p>\n<p>L\u2019odeur fraiche, fruit\u00e9e et sucr\u00e9e, de l\u2019huile essentielle d\u2019orange douce, apaise les tensions et rend son utilisation tr\u00e8s agr\u00e9able. La qualit\u00e9 purifiante de cette huile prend soin de toutes les peaux.<\/p>","protected":false},"featured_media":30233,"comment_status":"closed","ping_status":"closed","template":"","meta":[],"product_brand":[],"product_cat":[32,33,22],"product_tag":[],"class_list":{"0":"post-29843","1":"product","2":"type-product","3":"status-publish","4":"has-post-thumbnail","6":"product_cat-avec-huiles-essentielles","7":"product_cat-hydratant","8":"product_cat-savons","9":"clearfix","11":"first","12":"instock","13":"taxable","14":"shipping-taxable","15":"purchasable","16":"product-type-simple"},"_links":{"self":[{"href":"https:\/\/demo-site.savonspotionsetcie.com\/en\/wp-json\/wp\/v2\/product\/29843","targetHints":{"allow":["GET"]}}],"collection":[{"href":"https:\/\/demo-site.savonspotionsetcie.com\/en\/wp-json\/wp\/v2\/product"}],"about":[{"href":"https:\/\/demo-site.savonspotionsetcie.com\/en\/wp-json\/wp\/v2\/types\/product"}],"replies":[{"embeddable":true,"href":"https:\/\/demo-site.savonspotionsetcie.com\/en\/wp-json\/wp\/v2\/comments?post=29843"}],"wp:featuredmedia":[{"embeddable":true,"href":"https:\/\/demo-site.savonspotionsetcie.com\/en\/wp-json\/wp\/v2\/media\/30233"}],"wp:attachment":[{"href":"https:\/\/demo-site.savonspotionsetcie.com\/en\/wp-json\/wp\/v2\/media?parent=29843"}],"wp:term":[{"taxonomy":"product_brand","embeddable":true,"href":"https:\/\/demo-site.savonspotionsetcie.com\/en\/wp-json\/wp\/v2\/product_brand?post=29843"},{"taxonomy":"product_cat","embeddable":true,"href":"https:\/\/demo-site.savonspotionsetcie.com\/en\/wp-json\/wp\/v2\/product_cat?post=29843"},{"taxonomy":"product_tag","embeddable":true,"href":"https:\/\/demo-site.savonspotionsetcie.com\/en\/wp-json\/wp\/v2\/product_tag?post=29843"}],"curies":[{"name":"wp","href":"https:\/\/api.w.org\/{rel}","templated":true}]}}