{"id":31521,"date":"2024-12-11T14:21:24","date_gmt":"2024-12-11T13:21:24","guid":{"rendered":"https:\/\/demo-site.savonspotionsetcie.com\/?page_id=31521"},"modified":"2025-01-28T17:03:58","modified_gmt":"2025-01-28T16:03:58","slug":"blog","status":"publish","type":"page","link":"https:\/\/demo-site.savonspotionsetcie.com\/en\/blog\/","title":{"rendered":"BLOG"},"content":{"rendered":"<p><br>D\u00e9couvrez notre blog d\u00e9di\u00e9 aux soins naturels : conseils &amp; astuces pour tirer le meilleur de nos produits et de votre routine bien-\u00eatre 100% fait main. <\/p>\n\n\n<ul style=\"background-color:#f7f0eb;\" class=\"wp-block-latest-posts__list is-grid columns-3 has-dates has-author wp-block-latest-posts has-background\"><li><div class=\"wp-block-latest-posts__featured-image\"><img loading=\"lazy\" decoding=\"async\" width=\"225\" height=\"300\" src=\"https:\/\/demo-site.savonspotionsetcie.com\/wp-content\/uploads\/2023\/10\/IMG_2200-225x300.jpg\" class=\"attachment-medium size-medium wp-post-image\" alt=\"\" style=\"max-width:225px;max-height:225px;\" srcset=\"https:\/\/demo-site.savonspotionsetcie.com\/wp-content\/uploads\/2023\/10\/IMG_2200-225x300.jpg 225w, https:\/\/demo-site.savonspotionsetcie.com\/wp-content\/uploads\/2023\/10\/IMG_2200-768x1024.jpg 768w, https:\/\/demo-site.savonspotionsetcie.com\/wp-content\/uploads\/2023\/10\/IMG_2200-1152x1536.jpg 1152w, https:\/\/demo-site.savonspotionsetcie.com\/wp-content\/uploads\/2023\/10\/IMG_2200-1536x2048.jpg 1536w, https:\/\/demo-site.savonspotionsetcie.com\/wp-content\/uploads\/2023\/10\/IMG_2200-9x12.jpg 9w, https:\/\/demo-site.savonspotionsetcie.com\/wp-content\/uploads\/2023\/10\/IMG_2200-600x800.jpg 600w, https:\/\/demo-site.savonspotionsetcie.com\/wp-content\/uploads\/2023\/10\/IMG_2200-scaled.jpg 1920w\" sizes=\"auto, (max-width: 225px) 100vw, 225px\" \/><\/div><a class=\"wp-block-latest-posts__post-title\" href=\"https:\/\/demo-site.savonspotionsetcie.com\/en\/pourquoi-les-savons-solides-naturels-sont-meilleurs-pour-votre-peau\/\">Pourquoi les savons solides naturels sont meilleurs pour votre peau ?<\/a><div class=\"wp-block-latest-posts__post-author\">by Pauline<\/div><time datetime=\"2025-01-28T13:04:01+01:00\" class=\"wp-block-latest-posts__post-date\">January 28, 2025<\/time><\/li>\n<li><div class=\"wp-block-latest-posts__featured-image\"><img loading=\"lazy\" decoding=\"async\" width=\"300\" height=\"225\" src=\"https:\/\/demo-site.savonspotionsetcie.com\/wp-content\/uploads\/2020\/10\/IMG_4288-300x225.jpg\" class=\"attachment-medium size-medium wp-post-image\" alt=\"\" style=\"max-width:225px;max-height:225px;\" srcset=\"https:\/\/demo-site.savonspotionsetcie.com\/wp-content\/uploads\/2020\/10\/IMG_4288-300x225.jpg 300w, https:\/\/demo-site.savonspotionsetcie.com\/wp-content\/uploads\/2020\/10\/IMG_4288-768x577.jpg 768w, https:\/\/demo-site.savonspotionsetcie.com\/wp-content\/uploads\/2020\/10\/IMG_4288-600x451.jpg 600w, https:\/\/demo-site.savonspotionsetcie.com\/wp-content\/uploads\/2020\/10\/IMG_4288.jpg 787w\" sizes=\"auto, (max-width: 300px) 100vw, 300px\" \/><\/div><a class=\"wp-block-latest-posts__post-title\" href=\"https:\/\/demo-site.savonspotionsetcie.com\/en\/nouveau-depot-sur-salies-du-salat-31260\/\">Nouveau D\u00e9p\u00f4t sur Salies du Salat (31260) !<\/a><div class=\"wp-block-latest-posts__post-author\">by Franck PAVAN<\/div><time datetime=\"2020-11-03T10:49:53+01:00\" class=\"wp-block-latest-posts__post-date\">November 3, 2020<\/time><\/li>\n<li><a class=\"wp-block-latest-posts__post-title\" href=\"https:\/\/demo-site.savonspotionsetcie.com\/en\/savons-potions-cie-devient-une-marque-de-commerce-europeenne\/\">Savons Potions &#038; Cie devient une Marque de Commerce Europ\u00e9enne&#8230;<\/a><div class=\"wp-block-latest-posts__post-author\">by Franck PAVAN<\/div><time datetime=\"2020-11-03T10:46:04+01:00\" class=\"wp-block-latest-posts__post-date\">November 3, 2020<\/time><\/li>\n<li><a class=\"wp-block-latest-posts__post-title\" href=\"https:\/\/demo-site.savonspotionsetcie.com\/en\/magasine-o-pyrenees\/\">Magasine O Pyr\u00e9n\u00e9es<\/a><div class=\"wp-block-latest-posts__post-author\">by Maguy PAVAN<\/div><time datetime=\"2020-08-26T20:18:59+02:00\" class=\"wp-block-latest-posts__post-date\">August 26, 2020<\/time><\/li>\n<li><div class=\"wp-block-latest-posts__featured-image\"><img loading=\"lazy\" decoding=\"async\" width=\"300\" height=\"211\" src=\"https:\/\/demo-site.savonspotionsetcie.com\/wp-content\/uploads\/2020\/03\/shampoing_solide_bio_artisanal-300x211.jpg\" class=\"attachment-medium size-medium wp-post-image\" alt=\"Shampoings solides\" style=\"max-width:225px;max-height:225px;\" srcset=\"https:\/\/demo-site.savonspotionsetcie.com\/wp-content\/uploads\/2020\/03\/shampoing_solide_bio_artisanal-300x211.jpg 300w, https:\/\/demo-site.savonspotionsetcie.com\/wp-content\/uploads\/2020\/03\/shampoing_solide_bio_artisanal-220x154.jpg 220w, https:\/\/demo-site.savonspotionsetcie.com\/wp-content\/uploads\/2020\/03\/shampoing_solide_bio_artisanal.jpg 360w\" sizes=\"auto, (max-width: 300px) 100vw, 300px\" \/><\/div><a class=\"wp-block-latest-posts__post-title\" href=\"https:\/\/demo-site.savonspotionsetcie.com\/en\/nouveau-depot-savons-et-shampoings\/\">Nouveau d\u00e9p\u00f4t savons et shampoings \u00e0 Caz\u00e8res (31220)<\/a><div class=\"wp-block-latest-posts__post-author\">by Maguy PAVAN<\/div><time datetime=\"2020-04-16T09:42:03+02:00\" class=\"wp-block-latest-posts__post-date\">April 16, 2020<\/time><\/li>\n<\/ul>","protected":false},"excerpt":{"rendered":"<p>D\u00e9couvrez notre blog d\u00e9di\u00e9 aux soins naturels : conseils &amp; astuces pour tirer le meilleur de nos produits et de votre routine bien-\u00eatre 100% fait main.<\/p>","protected":false},"author":37,"featured_media":0,"parent":0,"menu_order":0,"comment_status":"closed","ping_status":"closed","template":"","meta":{"footnotes":""},"class_list":["post-31521","page","type-page","status-publish","hentry","clearfix"],"_links":{"self":[{"href":"https:\/\/demo-site.savonspotionsetcie.com\/en\/wp-json\/wp\/v2\/pages\/31521","targetHints":{"allow":["GET"]}}],"collection":[{"href":"https:\/\/demo-site.savonspotionsetcie.com\/en\/wp-json\/wp\/v2\/pages"}],"about":[{"href":"https:\/\/demo-site.savonspotionsetcie.com\/en\/wp-json\/wp\/v2\/types\/page"}],"author":[{"embeddable":true,"href":"https:\/\/demo-site.savonspotionsetcie.com\/en\/wp-json\/wp\/v2\/users\/37"}],"replies":[{"embeddable":true,"href":"https:\/\/demo-site.savonspotionsetcie.com\/en\/wp-json\/wp\/v2\/comments?post=31521"}],"version-history":[{"count":0,"href":"https:\/\/demo-site.savonspotionsetcie.com\/en\/wp-json\/wp\/v2\/pages\/31521\/revisions"}],"wp:attachment":[{"href":"https:\/\/demo-site.savonspotionsetcie.com\/en\/wp-json\/wp\/v2\/media?parent=31521"}],"curies":[{"name":"wp","href":"https:\/\/api.w.org\/{rel}","templated":true}]}}