{"id":30707,"date":"2023-11-21T11:30:35","date_gmt":"2023-11-21T10:30:35","guid":{"rendered":"https:\/\/demo-site.savonspotionsetcie.com\/?page_id=30707"},"modified":"2024-02-16T11:51:49","modified_gmt":"2024-02-16T10:51:49","slug":"soin-de-la-barbe","status":"publish","type":"page","link":"https:\/\/demo-site.savonspotionsetcie.com\/en\/soin-de-la-barbe\/","title":{"rendered":"Beard products"},"content":{"rendered":"<h1 class=\"wp-block-heading has-text-color has-link-color wp-elements-de3011dfe5dde2ea3b2e8905e585dc10 translation-block\" style=\"color:#553119\">Products for beards:<\/h1>\n\n\n\n<p class=\"has-text-color has-link-color has-medium-font-size wp-elements-37e4c7da1858da3264126eed558ed77d translation-block\" style=\"color:#573512\">Together with the essential accessory for a good shave: the shaving brush, our beard soaps produce a smooth, creamy lather for a perfect shave. Our soaps are made with very high quality organic vegetable oils. They are manufactured using the cold saponification method, which preserves all their properties.<\/p>\n\n\n\n<div style=\"height:100px\" aria-hidden=\"true\" class=\"wp-block-spacer\"><\/div>\n\n\n<div data-block-name=\"woocommerce\/handpicked-products\" data-products=\"[30221,30219,30226]\" class=\"wc-block-grid wp-block-handpicked-products wp-block-woocommerce-handpicked-products wc-block-handpicked-products has-3-columns has-multiple-rows\"><ul class=\"wc-block-grid__products\"><li class=\"wc-block-grid__product\">\n\t\t\t\t<a href=\"https:\/\/demo-site.savonspotionsetcie.com\/en\/product\/blaireau\/\" class=\"wc-block-grid__product-link\">\n\t\t\t\t\t\n\t\t\t\t\t<div class=\"wc-block-grid__product-image\"><img loading=\"lazy\" decoding=\"async\" width=\"300\" height=\"300\" src=\"https:\/\/demo-site.savonspotionsetcie.com\/wp-content\/uploads\/2023\/07\/DSC02920-300x300.jpg\" class=\"attachment-woocommerce_thumbnail size-woocommerce_thumbnail\" alt=\"Blaireau\" srcset=\"https:\/\/demo-site.savonspotionsetcie.com\/wp-content\/uploads\/2023\/07\/DSC02920-300x300.jpg 300w, https:\/\/demo-site.savonspotionsetcie.com\/wp-content\/uploads\/2023\/07\/DSC02920-150x150.jpg 150w\" sizes=\"auto, (max-width: 300px) 100vw, 300px\" \/><\/div>\n\t\t\t\t\t<div class=\"wc-block-grid__product-title\">Badger<\/div>\n\t\t\t\t<\/a>\n\t\t\t\t<div class=\"wc-block-grid__product-price price\"><span class=\"woocommerce-Price-amount amount\">10,00<span class=\"woocommerce-Price-currencySymbol\">&euro;<\/span><\/span><\/div>\n\t\t\t\t\n\t\t\t\t<div class=\"wp-block-button wc-block-grid__product-add-to-cart\"><a href=\"\/en\/wp-json\/wp\/v2\/pages\/30707?add-to-cart=30226\" aria-label=\"Add to cart\" data-quantity=\"1\" data-product_id=\"30226\" data-product_sku=\"Accsbarb.001\" data-price=\"10\" rel=\"nofollow\" class=\"wp-block-button__link  add_to_cart_button ajax_add_to_cart\" data-no-translation=\"\" data-trp-gettext=\"\" data-no-translation-aria-label=\"\">Add to basket<\/a><\/div>\n\t\t\t<\/li><li class=\"wc-block-grid__product\">\n\t\t\t\t<a href=\"https:\/\/demo-site.savonspotionsetcie.com\/en\/product\/savon-a-barbe-pot-ceramique\/\" class=\"wc-block-grid__product-link\">\n\t\t\t\t\t\n\t\t\t\t\t<div class=\"wc-block-grid__product-image\"><img loading=\"lazy\" decoding=\"async\" width=\"300\" height=\"300\" src=\"https:\/\/demo-site.savonspotionsetcie.com\/wp-content\/uploads\/2023\/07\/DSC02720-300x300.jpg\" class=\"attachment-woocommerce_thumbnail size-woocommerce_thumbnail\" alt=\"Savon \u00e0 barbe pot c\u00e9ramique\" srcset=\"https:\/\/demo-site.savonspotionsetcie.com\/wp-content\/uploads\/2023\/07\/DSC02720-300x300.jpg 300w, https:\/\/demo-site.savonspotionsetcie.com\/wp-content\/uploads\/2023\/07\/DSC02720-150x150.jpg 150w\" sizes=\"auto, (max-width: 300px) 100vw, 300px\" \/><\/div>\n\t\t\t\t\t<div class=\"wc-block-grid__product-title\">Beard soap ceramic bowl<\/div>\n\t\t\t\t<\/a>\n\t\t\t\t<div class=\"wc-block-grid__product-price price\"><span class=\"woocommerce-Price-amount amount\">20,00<span class=\"woocommerce-Price-currencySymbol\">&euro;<\/span><\/span><\/div>\n\t\t\t\t\n\t\t\t\t<div class=\"wp-block-button wc-block-grid__product-add-to-cart\"><a href=\"\/en\/wp-json\/wp\/v2\/pages\/30707?add-to-cart=30221\" aria-label=\"Add to cart\" data-quantity=\"1\" data-product_id=\"30221\" data-product_sku=\"savbarb.002\" data-price=\"20\" rel=\"nofollow\" class=\"wp-block-button__link  add_to_cart_button ajax_add_to_cart\" data-no-translation=\"\" data-trp-gettext=\"\" data-no-translation-aria-label=\"\">Add to basket<\/a><\/div>\n\t\t\t<\/li><li class=\"wc-block-grid__product\">\n\t\t\t\t<a href=\"https:\/\/demo-site.savonspotionsetcie.com\/en\/product\/savon-a-barbe-pot-metallique\/\" class=\"wc-block-grid__product-link\">\n\t\t\t\t\t\n\t\t\t\t\t<div class=\"wc-block-grid__product-image\"><img loading=\"lazy\" decoding=\"async\" width=\"300\" height=\"300\" src=\"https:\/\/demo-site.savonspotionsetcie.com\/wp-content\/uploads\/2023\/07\/DSC02929-e1717400898391-300x300.jpg\" class=\"attachment-woocommerce_thumbnail size-woocommerce_thumbnail\" alt=\"Savon \u00e0 barbe pot metallique\" srcset=\"https:\/\/demo-site.savonspotionsetcie.com\/wp-content\/uploads\/2023\/07\/DSC02929-e1717400898391-300x300.jpg 300w, https:\/\/demo-site.savonspotionsetcie.com\/wp-content\/uploads\/2023\/07\/DSC02929-e1717400898391-150x150.jpg 150w\" sizes=\"auto, (max-width: 300px) 100vw, 300px\" \/><\/div>\n\t\t\t\t\t<div class=\"wc-block-grid__product-title\">Beard soap metallic bowl<\/div>\n\t\t\t\t<\/a>\n\t\t\t\t<div class=\"wc-block-grid__product-price price\"><span class=\"woocommerce-Price-amount amount\">7,92<span class=\"woocommerce-Price-currencySymbol\">&euro;<\/span><\/span><\/div>\n\t\t\t\t\n\t\t\t\t<div class=\"wp-block-button wc-block-grid__product-add-to-cart\"><a href=\"\/en\/wp-json\/wp\/v2\/pages\/30707?add-to-cart=30219\" aria-label=\"Add to cart\" data-quantity=\"1\" data-product_id=\"30219\" data-product_sku=\"savbarb.001\" data-price=\"7.92\" rel=\"nofollow\" class=\"wp-block-button__link  add_to_cart_button ajax_add_to_cart\" data-no-translation=\"\" data-trp-gettext=\"\" data-no-translation-aria-label=\"\">Add to basket<\/a><\/div>\n\t\t\t<\/li><\/ul><\/div>\n\n\n<div style=\"height:100px\" aria-hidden=\"true\" class=\"wp-block-spacer\"><\/div>\n\n\n\n<h2 class=\"wp-block-heading has-text-align-left has-text-color has-link-color wp-elements-2c8a90e4a9e075a5925aa811778c3db4 translation-block\" style=\"color:#6d4a34\">Discover all the products in the Face category:<\/h2>\n\n\n\n<div style=\"height:100px\" aria-hidden=\"true\" class=\"wp-block-spacer\"><\/div>\n\n\n<div data-block-name=\"woocommerce\/handpicked-products\" data-products=\"[31067,30718,30996,30998,30995]\" class=\"wc-block-grid wp-block-handpicked-products wp-block-woocommerce-handpicked-products wc-block-handpicked-products has-3-columns has-multiple-rows\"><ul class=\"wc-block-grid__products\"><li class=\"wc-block-grid__product\">\n\t\t\t\t<a href=\"https:\/\/demo-site.savonspotionsetcie.com\/en\/product\/baume-a-levre\/\" class=\"wc-block-grid__product-link\">\n\t\t\t\t\t\n\t\t\t\t\t<div class=\"wc-block-grid__product-image\"><img loading=\"lazy\" decoding=\"async\" width=\"300\" height=\"300\" src=\"https:\/\/demo-site.savonspotionsetcie.com\/wp-content\/uploads\/2024\/03\/DSC03097-scaled-e1717405297521-300x300.jpg\" class=\"attachment-woocommerce_thumbnail size-woocommerce_thumbnail\" alt=\"Baume \u00e0 l\u00e8vres\" srcset=\"https:\/\/demo-site.savonspotionsetcie.com\/wp-content\/uploads\/2024\/03\/DSC03097-scaled-e1717405297521-300x300.jpg 300w, https:\/\/demo-site.savonspotionsetcie.com\/wp-content\/uploads\/2024\/03\/DSC03097-scaled-e1717405297521-150x150.jpg 150w\" sizes=\"auto, (max-width: 300px) 100vw, 300px\" \/><\/div>\n\t\t\t\t\t<div class=\"wc-block-grid__product-title\">Lip balm<\/div>\n\t\t\t\t<\/a>\n\t\t\t\t<div class=\"wc-block-grid__product-price price\"><span class=\"woocommerce-Price-amount amount\">5,00<span class=\"woocommerce-Price-currencySymbol\">&euro;<\/span><\/span><\/div>\n\t\t\t\t\n\t\t\t\t<div class=\"wp-block-button wc-block-grid__product-add-to-cart\"><a href=\"\/en\/wp-json\/wp\/v2\/pages\/30707?add-to-cart=31067\" aria-label=\"Add to cart\" data-quantity=\"1\" data-product_id=\"31067\" data-product_sku=\"baulev.001\" data-price=\"5\" rel=\"nofollow\" class=\"wp-block-button__link  add_to_cart_button ajax_add_to_cart\" data-no-translation=\"\" data-trp-gettext=\"\" data-no-translation-aria-label=\"\">Add to basket<\/a><\/div>\n\t\t\t<\/li><li class=\"wc-block-grid__product\">\n\t\t\t\t<a href=\"https:\/\/demo-site.savonspotionsetcie.com\/en\/product\/savon-visage-chanvre-patchouli\/\" class=\"wc-block-grid__product-link\">\n\t\t\t\t\t\n\t\t\t\t\t<div class=\"wc-block-grid__product-image\"><img loading=\"lazy\" decoding=\"async\" width=\"300\" height=\"300\" src=\"https:\/\/demo-site.savonspotionsetcie.com\/wp-content\/uploads\/2023\/12\/DSC03064-300x300.jpg\" class=\"attachment-woocommerce_thumbnail size-woocommerce_thumbnail\" alt=\"Savon Visage Chanvre Patchouli\" srcset=\"https:\/\/demo-site.savonspotionsetcie.com\/wp-content\/uploads\/2023\/12\/DSC03064-300x300.jpg 300w, https:\/\/demo-site.savonspotionsetcie.com\/wp-content\/uploads\/2023\/12\/DSC03064-150x150.jpg 150w\" sizes=\"auto, (max-width: 300px) 100vw, 300px\" \/><\/div>\n\t\t\t\t\t<div class=\"wc-block-grid__product-title\">Face soap Hemp Patchouli<\/div>\n\t\t\t\t<\/a>\n\t\t\t\t<div class=\"wc-block-grid__product-price price\"><span class=\"woocommerce-Price-amount amount\">3,50<span class=\"woocommerce-Price-currencySymbol\">&euro;<\/span><\/span><\/div>\n\t\t\t\t\n\t\t\t\t<div class=\"wp-block-button wc-block-grid__product-add-to-cart\"><a href=\"\/en\/wp-json\/wp\/v2\/pages\/30707?add-to-cart=30998\" aria-label=\"Add to cart\" data-quantity=\"1\" data-product_id=\"30998\" data-product_sku=\"savvchapat.001\" data-price=\"3.5\" rel=\"nofollow\" class=\"wp-block-button__link  add_to_cart_button ajax_add_to_cart\" data-no-translation=\"\" data-trp-gettext=\"\" data-no-translation-aria-label=\"\">Add to basket<\/a><\/div>\n\t\t\t<\/li><li class=\"wc-block-grid__product\">\n\t\t\t\t<a href=\"https:\/\/demo-site.savonspotionsetcie.com\/en\/product\/savon-visage-calendula-geranium-rosat\/\" class=\"wc-block-grid__product-link\">\n\t\t\t\t\t\n\t\t\t\t\t<div class=\"wc-block-grid__product-image\"><img loading=\"lazy\" decoding=\"async\" width=\"300\" height=\"300\" src=\"https:\/\/demo-site.savonspotionsetcie.com\/wp-content\/uploads\/2023\/12\/DSC03074-300x300.jpg\" class=\"attachment-woocommerce_thumbnail size-woocommerce_thumbnail\" alt=\"Savon Visage Calendula-G\u00e9ranium Rosat\" srcset=\"https:\/\/demo-site.savonspotionsetcie.com\/wp-content\/uploads\/2023\/12\/DSC03074-300x300.jpg 300w, https:\/\/demo-site.savonspotionsetcie.com\/wp-content\/uploads\/2023\/12\/DSC03074-150x150.jpg 150w\" sizes=\"auto, (max-width: 300px) 100vw, 300px\" \/><\/div>\n\t\t\t\t\t<div class=\"wc-block-grid__product-title\">Face soap Geranium-calendula<\/div>\n\t\t\t\t<\/a>\n\t\t\t\t<div class=\"wc-block-grid__product-price price\"><span class=\"woocommerce-Price-amount amount\">3,50<span class=\"woocommerce-Price-currencySymbol\">&euro;<\/span><\/span><\/div>\n\t\t\t\t\n\t\t\t\t<div class=\"wp-block-button wc-block-grid__product-add-to-cart\"><a href=\"\/en\/wp-json\/wp\/v2\/pages\/30707?add-to-cart=30996\" aria-label=\"Add to cart\" data-quantity=\"1\" data-product_id=\"30996\" data-product_sku=\"savvcalg.001\" data-price=\"3.5\" rel=\"nofollow\" class=\"wp-block-button__link  add_to_cart_button ajax_add_to_cart\" data-no-translation=\"\" data-trp-gettext=\"\" data-no-translation-aria-label=\"\">Add to basket<\/a><\/div>\n\t\t\t<\/li><li class=\"wc-block-grid__product\">\n\t\t\t\t<a href=\"https:\/\/demo-site.savonspotionsetcie.com\/en\/product\/savons-visage-lavande\/\" class=\"wc-block-grid__product-link\">\n\t\t\t\t\t\n\t\t\t\t\t<div class=\"wc-block-grid__product-image\"><img loading=\"lazy\" decoding=\"async\" width=\"300\" height=\"300\" src=\"https:\/\/demo-site.savonspotionsetcie.com\/wp-content\/uploads\/2023\/12\/DSC03071-300x300.jpg\" class=\"attachment-woocommerce_thumbnail size-woocommerce_thumbnail\" alt=\"Savon Visage Lavande\" srcset=\"https:\/\/demo-site.savonspotionsetcie.com\/wp-content\/uploads\/2023\/12\/DSC03071-300x300.jpg 300w, https:\/\/demo-site.savonspotionsetcie.com\/wp-content\/uploads\/2023\/12\/DSC03071-150x150.jpg 150w\" sizes=\"auto, (max-width: 300px) 100vw, 300px\" \/><\/div>\n\t\t\t\t\t<div class=\"wc-block-grid__product-title\">Face soap Lavander<\/div>\n\t\t\t\t<\/a>\n\t\t\t\t<div class=\"wc-block-grid__product-price price\"><span class=\"woocommerce-Price-amount amount\">3,50<span class=\"woocommerce-Price-currencySymbol\">&euro;<\/span><\/span><\/div>\n\t\t\t\t<div class=\"wc-block-grid__product-rating\"><div class=\"star-rating\" role=\"img\" aria-label=\"Rated 5.00 out of 5\" data-no-translation-aria-label=\"\"><span style=\"width:100%\" data-no-translation=\"\" data-trp-gettext=\"\">Rated <strong class=\"rating\">5.00<\/strong> out of 5 based on <span class=\"rating\">1<\/span> customer rating<\/span><\/div><\/div>\n\t\t\t\t<div class=\"wp-block-button wc-block-grid__product-add-to-cart\"><a href=\"\/en\/wp-json\/wp\/v2\/pages\/30707?add-to-cart=30995\" aria-label=\"Add to cart\" data-quantity=\"1\" data-product_id=\"30995\" data-product_sku=\"savvlav.001\" data-price=\"3.5\" rel=\"nofollow\" class=\"wp-block-button__link  add_to_cart_button ajax_add_to_cart\" data-no-translation=\"\" data-trp-gettext=\"\" data-no-translation-aria-label=\"\">Add to basket<\/a><\/div>\n\t\t\t<\/li><li class=\"wc-block-grid__product\">\n\t\t\t\t<a href=\"https:\/\/demo-site.savonspotionsetcie.com\/en\/product\/creme-visage-peau-de-peche\/\" class=\"wc-block-grid__product-link\">\n\t\t\t\t\t\n\t\t\t\t\t<div class=\"wc-block-grid__product-image\"><img loading=\"lazy\" decoding=\"async\" width=\"300\" height=\"300\" src=\"https:\/\/demo-site.savonspotionsetcie.com\/wp-content\/uploads\/2023\/11\/DSC03002-300x300.jpg\" class=\"attachment-woocommerce_thumbnail size-woocommerce_thumbnail\" alt=\"Cr\u00e8me visage &quot;peau de p\u00eache&quot;\" srcset=\"https:\/\/demo-site.savonspotionsetcie.com\/wp-content\/uploads\/2023\/11\/DSC03002-300x300.jpg 300w, https:\/\/demo-site.savonspotionsetcie.com\/wp-content\/uploads\/2023\/11\/DSC03002-150x150.jpg 150w\" sizes=\"auto, (max-width: 300px) 100vw, 300px\" \/><\/div>\n\t\t\t\t\t<div class=\"wc-block-grid__product-title\">Cr\u00e8me visage &#8220;peau de p\u00eache&#8221;<\/div>\n\t\t\t\t<\/a>\n\t\t\t\t<div class=\"wc-block-grid__product-price price\"><span class=\"woocommerce-Price-amount amount\">5,42<span class=\"woocommerce-Price-currencySymbol\">&euro;<\/span><\/span><\/div>\n\t\t\t\t\n\t\t\t\t<div class=\"wp-block-button wc-block-grid__product-add-to-cart\"><a href=\"\/en\/wp-json\/wp\/v2\/pages\/30707?add-to-cart=30718\" aria-label=\"Add to cart\" data-quantity=\"1\" data-product_id=\"30718\" data-product_sku=\"crevis.001\" data-price=\"5.42\" rel=\"nofollow\" class=\"wp-block-button__link  add_to_cart_button ajax_add_to_cart\" data-no-translation=\"\" data-trp-gettext=\"\" data-no-translation-aria-label=\"\">Add to basket<\/a><\/div>\n\t\t\t<\/li><\/ul><\/div>\n\n\n<div style=\"height:100px\" aria-hidden=\"true\" class=\"wp-block-spacer\"><\/div>\n\n\n\n<h1 class=\"wp-block-heading has-text-align-center has-text-color has-link-color wp-elements-b7b90ad7bd3cb4ebc7326c234fe7f13e\" style=\"color:#61442d\">Follow us ! <\/h1>\n\n\n\n<ul class=\"wp-block-social-links has-huge-icon-size is-content-justification-center is-layout-flex wp-container-core-social-links-is-layout-16018d1d wp-block-social-links-is-layout-flex\"><li class=\"wp-social-link wp-social-link-instagram  wp-block-social-link\"><a href=\"https:\/\/www.instagram.com\/savonspotionsetcie\/\" class=\"wp-block-social-link-anchor\"><svg width=\"24\" height=\"24\" viewbox=\"0 0 24 24\" version=\"1.1\" xmlns=\"http:\/\/www.w3.org\/2000\/svg\" aria-hidden=\"true\" focusable=\"false\"><path d=\"M12,4.622c2.403,0,2.688,0.009,3.637,0.052c0.877,0.04,1.354,0.187,1.671,0.31c0.42,0.163,0.72,0.358,1.035,0.673 c0.315,0.315,0.51,0.615,0.673,1.035c0.123,0.317,0.27,0.794,0.31,1.671c0.043,0.949,0.052,1.234,0.052,3.637 s-0.009,2.688-0.052,3.637c-0.04,0.877-0.187,1.354-0.31,1.671c-0.163,0.42-0.358,0.72-0.673,1.035 c-0.315,0.315-0.615,0.51-1.035,0.673c-0.317,0.123-0.794,0.27-1.671,0.31c-0.949,0.043-1.233,0.052-3.637,0.052 s-2.688-0.009-3.637-0.052c-0.877-0.04-1.354-0.187-1.671-0.31c-0.42-0.163-0.72-0.358-1.035-0.673 c-0.315-0.315-0.51-0.615-0.673-1.035c-0.123-0.317-0.27-0.794-0.31-1.671C4.631,14.688,4.622,14.403,4.622,12 s0.009-2.688,0.052-3.637c0.04-0.877,0.187-1.354,0.31-1.671c0.163-0.42,0.358-0.72,0.673-1.035 c0.315-0.315,0.615-0.51,1.035-0.673c0.317-0.123,0.794-0.27,1.671-0.31C9.312,4.631,9.597,4.622,12,4.622 M12,3 C9.556,3,9.249,3.01,8.289,3.054C7.331,3.098,6.677,3.25,6.105,3.472C5.513,3.702,5.011,4.01,4.511,4.511 c-0.5,0.5-0.808,1.002-1.038,1.594C3.25,6.677,3.098,7.331,3.054,8.289C3.01,9.249,3,9.556,3,12c0,2.444,0.01,2.751,0.054,3.711 c0.044,0.958,0.196,1.612,0.418,2.185c0.23,0.592,0.538,1.094,1.038,1.594c0.5,0.5,1.002,0.808,1.594,1.038 c0.572,0.222,1.227,0.375,2.185,0.418C9.249,20.99,9.556,21,12,21s2.751-0.01,3.711-0.054c0.958-0.044,1.612-0.196,2.185-0.418 c0.592-0.23,1.094-0.538,1.594-1.038c0.5-0.5,0.808-1.002,1.038-1.594c0.222-0.572,0.375-1.227,0.418-2.185 C20.99,14.751,21,14.444,21,12s-0.01-2.751-0.054-3.711c-0.044-0.958-0.196-1.612-0.418-2.185c-0.23-0.592-0.538-1.094-1.038-1.594 c-0.5-0.5-1.002-0.808-1.594-1.038c-0.572-0.222-1.227-0.375-2.185-0.418C14.751,3.01,14.444,3,12,3L12,3z M12,7.378 c-2.552,0-4.622,2.069-4.622,4.622S9.448,16.622,12,16.622s4.622-2.069,4.622-4.622S14.552,7.378,12,7.378z M12,15 c-1.657,0-3-1.343-3-3s1.343-3,3-3s3,1.343,3,3S13.657,15,12,15z M16.804,6.116c-0.596,0-1.08,0.484-1.08,1.08 s0.484,1.08,1.08,1.08c0.596,0,1.08-0.484,1.08-1.08S17.401,6.116,16.804,6.116z\"><\/path><\/svg><span class=\"wp-block-social-link-label screen-reader-text\">Instagram<\/span><\/a><\/li>\n\n<li class=\"wp-social-link wp-social-link-facebook  wp-block-social-link\"><a href=\"https:\/\/www.facebook.com\/Maguypavan\" class=\"wp-block-social-link-anchor\"><svg width=\"24\" height=\"24\" viewbox=\"0 0 24 24\" version=\"1.1\" xmlns=\"http:\/\/www.w3.org\/2000\/svg\" aria-hidden=\"true\" focusable=\"false\"><path d=\"M12 2C6.5 2 2 6.5 2 12c0 5 3.7 9.1 8.4 9.9v-7H7.9V12h2.5V9.8c0-2.5 1.5-3.9 3.8-3.9 1.1 0 2.2.2 2.2.2v2.5h-1.3c-1.2 0-1.6.8-1.6 1.6V12h2.8l-.4 2.9h-2.3v7C18.3 21.1 22 17 22 12c0-5.5-4.5-10-10-10z\"><\/path><\/svg><span class=\"wp-block-social-link-label screen-reader-text\">Facebook<\/span><\/a><\/li>\n\n<li class=\"wp-social-link wp-social-link-tiktok  wp-block-social-link\"><a href=\"https:\/\/www.tiktok.com\/@savonspotionsetcie\" class=\"wp-block-social-link-anchor\"><svg width=\"24\" height=\"24\" viewbox=\"0 0 32 32\" version=\"1.1\" xmlns=\"http:\/\/www.w3.org\/2000\/svg\" aria-hidden=\"true\" focusable=\"false\"><path d=\"M16.708 0.027c1.745-0.027 3.48-0.011 5.213-0.027 0.105 2.041 0.839 4.12 2.333 5.563 1.491 1.479 3.6 2.156 5.652 2.385v5.369c-1.923-0.063-3.855-0.463-5.6-1.291-0.76-0.344-1.468-0.787-2.161-1.24-0.009 3.896 0.016 7.787-0.025 11.667-0.104 1.864-0.719 3.719-1.803 5.255-1.744 2.557-4.771 4.224-7.88 4.276-1.907 0.109-3.812-0.411-5.437-1.369-2.693-1.588-4.588-4.495-4.864-7.615-0.032-0.667-0.043-1.333-0.016-1.984 0.24-2.537 1.495-4.964 3.443-6.615 2.208-1.923 5.301-2.839 8.197-2.297 0.027 1.975-0.052 3.948-0.052 5.923-1.323-0.428-2.869-0.308-4.025 0.495-0.844 0.547-1.485 1.385-1.819 2.333-0.276 0.676-0.197 1.427-0.181 2.145 0.317 2.188 2.421 4.027 4.667 3.828 1.489-0.016 2.916-0.88 3.692-2.145 0.251-0.443 0.532-0.896 0.547-1.417 0.131-2.385 0.079-4.76 0.095-7.145 0.011-5.375-0.016-10.735 0.025-16.093z\" \/><\/svg><span class=\"wp-block-social-link-label screen-reader-text\">TikTok<\/span><\/a><\/li><\/ul>\n\n\n\n<div style=\"height:100px\" aria-hidden=\"true\" class=\"wp-block-spacer\"><\/div>","protected":false},"excerpt":{"rendered":"<p>Les produits pour les barbes : Accompagn\u00e9s de l&#8217;accessoire incontournable pour un bon rasage : le blaireau, les savons \u00e0 barbe font une mousse onctueuse et douce permettant un rasage parfait. Nos savons sont \u00e9labor\u00e9s avec des huiles v\u00e9g\u00e9tales biologiques de tr\u00e8s haute qualit\u00e9. La fabrication, avec la m\u00e9thode de saponification \u00e0 froid, permet de [&hellip;]<\/p>","protected":false},"author":37,"featured_media":0,"parent":0,"menu_order":0,"comment_status":"closed","ping_status":"closed","template":"","meta":{"footnotes":""},"class_list":["post-30707","page","type-page","status-publish","hentry","clearfix"],"_links":{"self":[{"href":"https:\/\/demo-site.savonspotionsetcie.com\/en\/wp-json\/wp\/v2\/pages\/30707","targetHints":{"allow":["GET"]}}],"collection":[{"href":"https:\/\/demo-site.savonspotionsetcie.com\/en\/wp-json\/wp\/v2\/pages"}],"about":[{"href":"https:\/\/demo-site.savonspotionsetcie.com\/en\/wp-json\/wp\/v2\/types\/page"}],"author":[{"embeddable":true,"href":"https:\/\/demo-site.savonspotionsetcie.com\/en\/wp-json\/wp\/v2\/users\/37"}],"replies":[{"embeddable":true,"href":"https:\/\/demo-site.savonspotionsetcie.com\/en\/wp-json\/wp\/v2\/comments?post=30707"}],"version-history":[{"count":0,"href":"https:\/\/demo-site.savonspotionsetcie.com\/en\/wp-json\/wp\/v2\/pages\/30707\/revisions"}],"wp:attachment":[{"href":"https:\/\/demo-site.savonspotionsetcie.com\/en\/wp-json\/wp\/v2\/media?parent=30707"}],"curies":[{"name":"wp","href":"https:\/\/api.w.org\/{rel}","templated":true}]}}