{"id":30569,"date":"2023-10-06T10:02:22","date_gmt":"2023-10-06T08:02:22","guid":{"rendered":"https:\/\/demo-site.savonspotionsetcie.com\/?page_id=30569"},"modified":"2024-11-12T09:34:20","modified_gmt":"2024-11-12T08:34:20","slug":"a-propos-de-moi","status":"publish","type":"page","link":"https:\/\/demo-site.savonspotionsetcie.com\/en\/a-propos-de-moi\/","title":{"rendered":"About me"},"content":{"rendered":"<div class=\"wp-block-themepunch-revslider revslider\" data-modal=\"false\" data-slidertitle=\"A propos de moi\" style=\"\">\n\t\t\t<!-- START A propos de moi REVOLUTION SLIDER 6.6.20 --><p class=\"rs-p-wp-fix\"><\/p>\n\t\t\t<rs-module-wrap id=\"rev_slider_11_1_wrapper\" data-source=\"gallery\" style=\"visibility:hidden;background:transparent;padding:0;margin:0px auto;margin-top:0;margin-bottom:0;\">\n\t\t\t\t<rs-module id=\"rev_slider_11_1\" style=\"\" data-version=\"6.6.20\">\n\t\t\t\t\t<rs-slides style=\"overflow: hidden; position: absolute;\">\n\t\t\t\t\t\t<rs-slide style=\"position: absolute;\" data-key=\"rs-23\" data-title=\"Slide\" data-anim=\"ms:1000;r:0;\" data-in=\"o:0;\" data-out=\"a:false;\">\n\t\t\t\t\t\t\t<img decoding=\"async\" src=\"\/\/demo-site.savonspotionsetcie.com\/wp-content\/plugins\/revslider\/public\/assets\/assets\/dummy.png\" alt=\"\" title=\"IMG_2496\" width=\"2560\" height=\"1600\" class=\"rev-slidebg tp-rs-img rs-lazyload\" data-lazyload=\"\/\/demo-site.savonspotionsetcie.com\/wp-content\/uploads\/2023\/08\/IMG_2496-edited-1-scaled.jpg\" data-panzoom=\"d:10000;ss:100;se:110%;\" data-no-retina>\n<!---->\t\t\t\t\t\t<\/rs-slide>\n\t\t\t\t\t\t<rs-slide style=\"position: absolute;\" data-key=\"rs-26\" data-title=\"Slide\" data-anim=\"ms:600ms;r:0;\" data-in=\"o:0;e:power0.in;\" data-out=\"a:false;\">\n\t\t\t\t\t\t\t<img decoding=\"async\" src=\"\/\/demo-site.savonspotionsetcie.com\/wp-content\/plugins\/revslider\/public\/assets\/assets\/dummy.png\" alt=\"\" title=\"IMG_0787\" width=\"2052\" height=\"2560\" class=\"rev-slidebg tp-rs-img rs-lazyload\" data-lazyload=\"\/\/demo-site.savonspotionsetcie.com\/wp-content\/uploads\/2023\/12\/IMG_0787-scaled.jpg\" data-panzoom=\"d:10000;ss:100;se:110%;\" data-no-retina>\n<!---->\t\t\t\t\t\t<\/rs-slide>\n\t\t\t\t\t\t<rs-slide style=\"position: absolute;\" data-key=\"rs-27\" data-title=\"Slide\" data-in=\"o:0;\" data-out=\"a:false;\">\n\t\t\t\t\t\t\t<img decoding=\"async\" src=\"\/\/demo-site.savonspotionsetcie.com\/wp-content\/plugins\/revslider\/public\/assets\/assets\/dummy.png\" alt=\"\" title=\"DSC02723\" width=\"2456\" height=\"1632\" class=\"rev-slidebg tp-rs-img rs-lazyload\" data-lazyload=\"\/\/demo-site.savonspotionsetcie.com\/wp-content\/uploads\/2023\/07\/DSC02723.jpg\" data-panzoom=\"d:10000;ss:100;se:110%;\" data-no-retina>\n<!---->\t\t\t\t\t\t<\/rs-slide>\n\t\t\t\t\t<\/rs-slides>\n\t\t\t\t<\/rs-module>\n\t\t\t\t<script>\n\t\t\t\t\tsetREVStartSize({c: 'rev_slider_11_1',rl:[1240,1024,778,480],el:[500,768,960,720],gw:[1240,1024,778,480],gh:[500,768,960,720],type:'standard',justify:'',layout:'fullwidth',mh:\"0\"});if (window.RS_MODULES!==undefined && window.RS_MODULES.modules!==undefined && window.RS_MODULES.modules[\"revslider111\"]!==undefined) {window.RS_MODULES.modules[\"revslider111\"].once = false;window.revapi11 = undefined;if (window.RS_MODULES.checkMinimal!==undefined) window.RS_MODULES.checkMinimal()}\n\t\t\t\t<\/script>\n\t\t\t<\/rs-module-wrap>\n\t\t\t<!-- END REVOLUTION SLIDER -->\n<\/div>\r\n\r\n\r\n\r\n<div style=\"height:100px\" aria-hidden=\"true\" class=\"wp-block-spacer\"><\/div>\r\n\r\n\r\n\r\n<h1 class=\"wp-block-heading has-text-align-center has-text-color has-link-color wp-elements-32bab61ad7a4165c0da731996e24cbf5\" style=\"color:#623d25\">My story, my profession and my values: <\/h1>\r\n\r\n\r\n\r\n<div style=\"height:49px\" aria-hidden=\"true\" class=\"wp-block-spacer\"><\/div>\r\n\r\n\r\n\r\n<div class=\"wp-block-media-text is-stacked-on-mobile is-image-fill has-background\" style=\"background-color:#fff5f2;grid-template-columns:42% auto\"><figure class=\"wp-block-media-text__media\" style=\"background-image:url(https:\/\/www.savonspotionsetcie.com\/wp-content\/uploads\/2023\/11\/Portrait2.jpg);background-position:50% 50%\"><img loading=\"lazy\" decoding=\"async\" width=\"260\" height=\"323\" src=\"https:\/\/www.savonspotionsetcie.com\/wp-content\/uploads\/2023\/11\/Portrait2.jpg\" alt=\"\" class=\"wp-image-30948 size-full\" srcset=\"https:\/\/demo-site.savonspotionsetcie.com\/wp-content\/uploads\/2023\/11\/Portrait2.jpg 260w, https:\/\/demo-site.savonspotionsetcie.com\/wp-content\/uploads\/2023\/11\/Portrait2-241x300.jpg 241w, https:\/\/demo-site.savonspotionsetcie.com\/wp-content\/uploads\/2023\/11\/Portrait2-10x12.jpg 10w\" sizes=\"auto, (max-width: 260px) 100vw, 260px\" \/><\/figure><div class=\"wp-block-media-text__content\">\r\n<div style=\"height:29px\" aria-hidden=\"true\" class=\"wp-block-spacer\"><\/div>\r\n\r\n\r\n\r\n<h2 class=\"wp-block-heading has-text-color has-link-color wp-elements-db032b807fc519444a55ee8f5b7f72fc\" style=\"color:#409475\">Who am I ? <\/h2>\r\n\r\n\r\n\r\n<p class=\"has-text-color has-link-color wp-elements-bc629f17ab89bd9a32eb4f103597652f\" style=\"color:#613515;font-size:16px\">Originaire des Pyr\u00e9n\u00e9es, je m&#8217;appelle Marguerite. C\u2019est au pied de cette magnifique cha\u00eene de montagnes que je vis et que je fabrique mes savons au plus pr\u00e8s de la nature.<\/p>\r\n\r\n\r\n\r\n<h2 class=\"wp-block-heading has-text-color has-link-color wp-elements-da3618835ef604ee33ccc144bfdc56d6\" style=\"color:#267055\">My Training Courses : <\/h2>\r\n\r\n\r\n\r\n<p class=\"has-text-color has-link-color wp-elements-bb5bfda45a214cf89baced852c4db312 translation-block\" style=\"color:#603d1d;font-size:16px\">Multiple training on plants (Herbalist from Lyon school for medecinal plants, 4 modules from Christophe Bernard and discovery of Gemmotherapy in INDERPLAM) provided me strong know-how and solid background in vegetal domain.<\/p>\r\n\r\n\r\n\r\n<div style=\"height:26px\" aria-hidden=\"true\" class=\"wp-block-spacer\"><\/div>\r\n<\/div><\/div>\r\n\r\n\r\n\r\n<div style=\"height:100px\" aria-hidden=\"true\" class=\"wp-block-spacer\"><\/div>\r\n\r\n\r\n\r\n<h1 class=\"wp-block-heading has-text-align-center has-text-color has-link-color wp-elements-f6120286e8cf3dc206e851455ad1ef46\" style=\"color:#613f24\">My manufacturing methods, real know-how: <\/h1>\r\n\r\n\r\n\r\n<div style=\"height:52px\" aria-hidden=\"true\" class=\"wp-block-spacer\"><\/div>\r\n\r\n\r\n\r\n<h2 class=\"wp-block-heading has-text-color has-link-color wp-elements-4a729996546b1ea0bed865a98579507c\" style=\"color:#603214\">Cold saponification process : <mark style=\"background-color:rgba(0, 0, 0, 0);color:#26aa13\" class=\"has-inline-color\">Qu&#8217;est-ce que c&#8217;est<\/mark> <em>? <\/em><\/h2>\r\n\r\n\r\n\r\n<div style=\"height:85px\" aria-hidden=\"true\" class=\"wp-block-spacer\"><\/div>\r\n\r\n\r\n\r\n<div class=\"wp-block-media-text is-stacked-on-mobile is-image-fill has-background\" style=\"background-color:#fae8e875;grid-template-columns:43% auto\"><figure class=\"wp-block-media-text__media\" style=\"background-image:url(https:\/\/www.savonspotionsetcie.com\/wp-content\/uploads\/2023\/12\/IMG_3045-e1703235791434-827x1024.jpg);background-position:50% 50%\"><img loading=\"lazy\" decoding=\"async\" width=\"827\" height=\"1024\" src=\"https:\/\/www.savonspotionsetcie.com\/wp-content\/uploads\/2023\/12\/IMG_3045-e1703235791434-827x1024.jpg\" alt=\"\" class=\"wp-image-31024 size-full\" srcset=\"https:\/\/demo-site.savonspotionsetcie.com\/wp-content\/uploads\/2023\/12\/IMG_3045-e1703235791434-827x1024.jpg 827w, https:\/\/demo-site.savonspotionsetcie.com\/wp-content\/uploads\/2023\/12\/IMG_3045-e1703235791434-242x300.jpg 242w, https:\/\/demo-site.savonspotionsetcie.com\/wp-content\/uploads\/2023\/12\/IMG_3045-e1703235791434-768x951.jpg 768w, https:\/\/demo-site.savonspotionsetcie.com\/wp-content\/uploads\/2023\/12\/IMG_3045-e1703235791434-10x12.jpg 10w, https:\/\/demo-site.savonspotionsetcie.com\/wp-content\/uploads\/2023\/12\/IMG_3045-e1703235791434-600x743.jpg 600w, https:\/\/demo-site.savonspotionsetcie.com\/wp-content\/uploads\/2023\/12\/IMG_3045-e1703235791434.jpg 1169w\" sizes=\"auto, (max-width: 827px) 100vw, 827px\" \/><\/figure><div class=\"wp-block-media-text__content\">\r\n<div style=\"height:34px\" aria-hidden=\"true\" class=\"wp-block-spacer\"><\/div>\r\n\r\n\r\n\r\n<p class=\"has-text-color has-link-color wp-elements-5db527cdff1e7c2223841646baadd97d translation-block\" style=\"color:#61361b;font-size:16px\">Saponification is a chemical reaction resulting from the combination of a greasy base (vegetable oils, butters) and caustic soda or potash. The result of this reaction is glycerin and glycerol (soap).<\/p>\r\n\r\n\r\n\r\n<div style=\"height:42px\" aria-hidden=\"true\" class=\"wp-block-spacer\"><\/div>\r\n\r\n\r\n<div class=\"wp-block-image\">\r\n<figure class=\"aligncenter size-full is-resized\"><img loading=\"lazy\" decoding=\"async\" width=\"500\" height=\"500\" src=\"https:\/\/www.savonspotionsetcie.com\/wp-content\/uploads\/2023\/11\/logo-SAF-1.png\" alt=\"\" class=\"wp-image-30924\" style=\"width:126px;height:auto\" srcset=\"https:\/\/demo-site.savonspotionsetcie.com\/wp-content\/uploads\/2023\/11\/logo-SAF-1.png 500w, https:\/\/demo-site.savonspotionsetcie.com\/wp-content\/uploads\/2023\/11\/logo-SAF-1-300x300.png 300w, https:\/\/demo-site.savonspotionsetcie.com\/wp-content\/uploads\/2023\/11\/logo-SAF-1-150x150.png 150w, https:\/\/demo-site.savonspotionsetcie.com\/wp-content\/uploads\/2023\/11\/logo-SAF-1-12x12.png 12w\" sizes=\"auto, (max-width: 500px) 100vw, 500px\" \/><\/figure><\/div>\r\n\r\n\r\n<div style=\"height:48px\" aria-hidden=\"true\" class=\"wp-block-spacer\"><\/div>\r\n\r\n\r\n\r\n<p class=\"has-text-color has-link-color wp-elements-e562383de1dc4fe1d610074944bdfeba translation-block\" style=\"color:#633e24;font-size:16px\">In cold saponification, butters and waxes are gently heated to melt them. This gentle, environmentally-friendly, no-cooking process preserves the properties of the ingredients and the different qualities of the fats used.<\/p>\r\n\r\n\r\n\r\n<p class=\"has-text-color has-link-color wp-elements-3622aded09f16f9c5aacd79fdd8d8ce7 translation-block\" style=\"color:#633e24;font-size:16px\">In order to produce soaps rich in glycerine (an emollient and protective agent and an active moistrurizer) to obtain a unique product in terms of skin benefits.<\/p>\r\n<\/div><\/div>\r\n\r\n\r\n\r\n<div style=\"height:100px\" aria-hidden=\"true\" class=\"wp-block-spacer\"><\/div>\r\n\r\n\r\n\r\n<div style=\"height:64px\" aria-hidden=\"true\" class=\"wp-block-spacer\"><\/div>\r\n\r\n\r\n\r\n<h1 class=\"wp-block-heading has-text-align-center has-text-color has-link-color wp-elements-5ffbf47c7649e01f98875f5e99e0742e\" style=\"color:#623e23\">Savons Potions &amp; Cie, c&#8217;est des produits : <\/h1>\r\n\r\n\r\n\r\n<div class=\"wp-block-columns has-background is-layout-flex wp-container-core-columns-is-layout-9d6595d7 wp-block-columns-is-layout-flex\" style=\"background-color:#f2e8e1ed\">\r\n<div class=\"wp-block-column is-layout-flow wp-block-column-is-layout-flow\">\r\n<figure class=\"wp-block-image size-full\"><img loading=\"lazy\" decoding=\"async\" width=\"500\" height=\"500\" src=\"https:\/\/www.savonspotionsetcie.com\/wp-content\/uploads\/2024\/08\/logo-MADE-IN-FRANCE.png\" alt=\"\" class=\"wp-image-31313\" srcset=\"\" sizes=\"auto, (max-width: 500px) 100vw, 500px\" data-srcset=\"\" \/><\/figure>\r\n\r\n\r\n\r\n<p class=\"has-text-align-center has-text-color has-link-color wp-elements-e3d5f113a10bc9535ea553eb4cd959c4\" style=\"color:#5c3922\"><strong>Made in France<\/strong><\/p>\r\n<\/div>\r\n\r\n\r\n\r\n<div class=\"wp-block-column is-layout-flow wp-block-column-is-layout-flow\">\r\n<figure class=\"wp-block-image size-full\"><img loading=\"lazy\" decoding=\"async\" width=\"500\" height=\"500\" src=\"https:\/\/www.savonspotionsetcie.com\/wp-content\/uploads\/2024\/05\/logo-2-1.png\" alt=\"\" class=\"wp-image-31316\" srcset=\"https:\/\/demo-site.savonspotionsetcie.com\/wp-content\/uploads\/2024\/05\/logo-2-1.png 500w, https:\/\/demo-site.savonspotionsetcie.com\/wp-content\/uploads\/2024\/05\/logo-2-1-300x300.png 300w, https:\/\/demo-site.savonspotionsetcie.com\/wp-content\/uploads\/2024\/05\/logo-2-1-150x150.png 150w, https:\/\/demo-site.savonspotionsetcie.com\/wp-content\/uploads\/2024\/05\/logo-2-1-12x12.png 12w\" sizes=\"auto, (max-width: 500px) 100vw, 500px\" \/><\/figure>\r\n\r\n\r\n\r\n<p class=\"has-text-align-center has-text-color has-link-color wp-elements-b5b170022d594d38d8f1a70f351be171\" style=\"color:#553218\"><strong>Vegan<\/strong><\/p>\r\n<\/div>\r\n\r\n\r\n\r\n<div class=\"wp-block-column is-layout-flow wp-block-column-is-layout-flow\">\r\n<figure class=\"wp-block-image size-full\"><img loading=\"lazy\" decoding=\"async\" width=\"500\" height=\"500\" src=\"https:\/\/www.savonspotionsetcie.com\/wp-content\/uploads\/2024\/08\/logo-handmade.png\" alt=\"\" class=\"wp-image-31315\" srcset=\"\" sizes=\"auto, (max-width: 500px) 100vw, 500px\" data-srcset=\"\" \/><\/figure>\r\n\r\n\r\n\r\n<p class=\"has-text-align-center has-text-color has-link-color wp-elements-00e07764706551e0c06fc4013f5aad1b\" style=\"color:#53321b\"><strong>Artisanal know-how<\/strong><\/p>\r\n<\/div>\r\n\r\n\r\n\r\n<div class=\"wp-block-column is-layout-flow wp-block-column-is-layout-flow\">\r\n<figure class=\"wp-block-image size-full\"><img loading=\"lazy\" decoding=\"async\" width=\"500\" height=\"500\" src=\"https:\/\/www.savonspotionsetcie.com\/wp-content\/uploads\/2024\/05\/logo-3-1.png\" alt=\"\" class=\"wp-image-31317\" srcset=\"https:\/\/demo-site.savonspotionsetcie.com\/wp-content\/uploads\/2024\/05\/logo-3-1.png 500w, https:\/\/demo-site.savonspotionsetcie.com\/wp-content\/uploads\/2024\/05\/logo-3-1-300x300.png 300w, https:\/\/demo-site.savonspotionsetcie.com\/wp-content\/uploads\/2024\/05\/logo-3-1-150x150.png 150w, https:\/\/demo-site.savonspotionsetcie.com\/wp-content\/uploads\/2024\/05\/logo-3-1-12x12.png 12w\" sizes=\"auto, (max-width: 500px) 100vw, 500px\" \/><\/figure>\r\n\r\n\r\n\r\n<p class=\"has-text-align-center has-text-color has-link-color wp-elements-a8f808fdbc1539a1e56d1f0646ef8046\" style=\"color:#432914\"><strong>Respectful<\/strong><\/p>\r\n<\/div>\r\n<\/div>\r\n\r\n\r\n\r\n<div style=\"height:84px\" aria-hidden=\"true\" class=\"wp-block-spacer\"><\/div>\r\n\r\n\r\n\r\n<h2 class=\"wp-block-heading has-text-align-center has-text-color has-link-color wp-elements-ae3f2494b769012007fcee79f534e0d5 translation-block\" style=\"color:#67442b\">My motto: effectiveness and 100% preservative-free.<\/h2>\r\n\r\n\r\n\r\n<div style=\"height:36px\" aria-hidden=\"true\" class=\"wp-block-spacer\"><\/div>\r\n\r\n\r\n\r\n<div class=\"wp-block-media-text is-stacked-on-mobile is-image-fill has-background\" style=\"background-color:#faedebcf\"><figure class=\"wp-block-media-text__media\" style=\"background-image:url(https:\/\/www.savonspotionsetcie.com\/wp-content\/uploads\/2023\/11\/DSC02787-1024x680.jpg);background-position:50% 50%\"><img loading=\"lazy\" decoding=\"async\" width=\"1024\" height=\"680\" src=\"https:\/\/www.savonspotionsetcie.com\/wp-content\/uploads\/2023\/11\/DSC02787-1024x680.jpg\" alt=\"\" class=\"wp-image-30932 size-full\" srcset=\"https:\/\/demo-site.savonspotionsetcie.com\/wp-content\/uploads\/2023\/11\/DSC02787-1024x680.jpg 1024w, https:\/\/demo-site.savonspotionsetcie.com\/wp-content\/uploads\/2023\/11\/DSC02787-300x199.jpg 300w, https:\/\/demo-site.savonspotionsetcie.com\/wp-content\/uploads\/2023\/11\/DSC02787-768x510.jpg 768w, https:\/\/demo-site.savonspotionsetcie.com\/wp-content\/uploads\/2023\/11\/DSC02787-1536x1021.jpg 1536w, https:\/\/demo-site.savonspotionsetcie.com\/wp-content\/uploads\/2023\/11\/DSC02787-2048x1361.jpg 2048w, https:\/\/demo-site.savonspotionsetcie.com\/wp-content\/uploads\/2023\/11\/DSC02787-18x12.jpg 18w, https:\/\/demo-site.savonspotionsetcie.com\/wp-content\/uploads\/2023\/11\/DSC02787-600x399.jpg 600w\" sizes=\"auto, (max-width: 1024px) 100vw, 1024px\" \/><\/figure><div class=\"wp-block-media-text__content\">\r\n<h3 class=\"wp-block-heading has-text-color has-link-color wp-elements-21cb5b27f91b497e72dfca6d67891c27\" style=\"color:#673f22\">Propose natural, respectful and effective alternatives. <\/h3>\r\n\r\n\r\n\r\n<div style=\"height:46px\" aria-hidden=\"true\" class=\"wp-block-spacer\"><\/div>\r\n\r\n\r\n\r\n<p class=\"has-text-color has-link-color wp-elements-298242b89fb0bad33c9c24516c4c7c6f translation-block\" style=\"color:#603617;font-size:16px\">I've long been convinced of the power of plants, and since 2016 I've made it my profession. In making my products, I put all my know-how into quality compositions to prove to you that my products are just as (or even more) effective than the products sold in supermarkets.<\/p>\r\n<\/div><\/div>\r\n\r\n\r\n\r\n<div style=\"height:100px\" aria-hidden=\"true\" class=\"wp-block-spacer\"><\/div>\r\n\r\n\r\n\r\n<h1 class=\"wp-block-heading has-text-align-center has-text-color has-link-color wp-elements-36d0c5f8b76b9f22782a7259786ae26a\" style=\"color:#623e24\">Follow us !<\/h1>\r\n\r\n\r\n\n<ul class=\"wp-block-social-links has-huge-icon-size is-content-justification-center is-layout-flex wp-container-core-social-links-is-layout-16018d1d wp-block-social-links-is-layout-flex\"><li class=\"wp-social-link wp-social-link-instagram  wp-block-social-link\"><a href=\"https:\/\/www.instagram.com\/savonspotionsetcie\/\" class=\"wp-block-social-link-anchor\"><svg width=\"24\" height=\"24\" viewbox=\"0 0 24 24\" version=\"1.1\" xmlns=\"http:\/\/www.w3.org\/2000\/svg\" aria-hidden=\"true\" focusable=\"false\"><path d=\"M12,4.622c2.403,0,2.688,0.009,3.637,0.052c0.877,0.04,1.354,0.187,1.671,0.31c0.42,0.163,0.72,0.358,1.035,0.673 c0.315,0.315,0.51,0.615,0.673,1.035c0.123,0.317,0.27,0.794,0.31,1.671c0.043,0.949,0.052,1.234,0.052,3.637 s-0.009,2.688-0.052,3.637c-0.04,0.877-0.187,1.354-0.31,1.671c-0.163,0.42-0.358,0.72-0.673,1.035 c-0.315,0.315-0.615,0.51-1.035,0.673c-0.317,0.123-0.794,0.27-1.671,0.31c-0.949,0.043-1.233,0.052-3.637,0.052 s-2.688-0.009-3.637-0.052c-0.877-0.04-1.354-0.187-1.671-0.31c-0.42-0.163-0.72-0.358-1.035-0.673 c-0.315-0.315-0.51-0.615-0.673-1.035c-0.123-0.317-0.27-0.794-0.31-1.671C4.631,14.688,4.622,14.403,4.622,12 s0.009-2.688,0.052-3.637c0.04-0.877,0.187-1.354,0.31-1.671c0.163-0.42,0.358-0.72,0.673-1.035 c0.315-0.315,0.615-0.51,1.035-0.673c0.317-0.123,0.794-0.27,1.671-0.31C9.312,4.631,9.597,4.622,12,4.622 M12,3 C9.556,3,9.249,3.01,8.289,3.054C7.331,3.098,6.677,3.25,6.105,3.472C5.513,3.702,5.011,4.01,4.511,4.511 c-0.5,0.5-0.808,1.002-1.038,1.594C3.25,6.677,3.098,7.331,3.054,8.289C3.01,9.249,3,9.556,3,12c0,2.444,0.01,2.751,0.054,3.711 c0.044,0.958,0.196,1.612,0.418,2.185c0.23,0.592,0.538,1.094,1.038,1.594c0.5,0.5,1.002,0.808,1.594,1.038 c0.572,0.222,1.227,0.375,2.185,0.418C9.249,20.99,9.556,21,12,21s2.751-0.01,3.711-0.054c0.958-0.044,1.612-0.196,2.185-0.418 c0.592-0.23,1.094-0.538,1.594-1.038c0.5-0.5,0.808-1.002,1.038-1.594c0.222-0.572,0.375-1.227,0.418-2.185 C20.99,14.751,21,14.444,21,12s-0.01-2.751-0.054-3.711c-0.044-0.958-0.196-1.612-0.418-2.185c-0.23-0.592-0.538-1.094-1.038-1.594 c-0.5-0.5-1.002-0.808-1.594-1.038c-0.572-0.222-1.227-0.375-2.185-0.418C14.751,3.01,14.444,3,12,3L12,3z M12,7.378 c-2.552,0-4.622,2.069-4.622,4.622S9.448,16.622,12,16.622s4.622-2.069,4.622-4.622S14.552,7.378,12,7.378z M12,15 c-1.657,0-3-1.343-3-3s1.343-3,3-3s3,1.343,3,3S13.657,15,12,15z M16.804,6.116c-0.596,0-1.08,0.484-1.08,1.08 s0.484,1.08,1.08,1.08c0.596,0,1.08-0.484,1.08-1.08S17.401,6.116,16.804,6.116z\"><\/path><\/svg><span class=\"wp-block-social-link-label screen-reader-text\">Instagram<\/span><\/a><\/li>\n\n<li class=\"wp-social-link wp-social-link-facebook  wp-block-social-link\"><a href=\"https:\/\/www.facebook.com\/Maguypavan\" class=\"wp-block-social-link-anchor\"><svg width=\"24\" height=\"24\" viewbox=\"0 0 24 24\" version=\"1.1\" xmlns=\"http:\/\/www.w3.org\/2000\/svg\" aria-hidden=\"true\" focusable=\"false\"><path d=\"M12 2C6.5 2 2 6.5 2 12c0 5 3.7 9.1 8.4 9.9v-7H7.9V12h2.5V9.8c0-2.5 1.5-3.9 3.8-3.9 1.1 0 2.2.2 2.2.2v2.5h-1.3c-1.2 0-1.6.8-1.6 1.6V12h2.8l-.4 2.9h-2.3v7C18.3 21.1 22 17 22 12c0-5.5-4.5-10-10-10z\"><\/path><\/svg><span class=\"wp-block-social-link-label screen-reader-text\">Facebook<\/span><\/a><\/li>\n\n<li class=\"wp-social-link wp-social-link-tiktok  wp-block-social-link\"><a href=\"https:\/\/www.tiktok.com\/@savonspotionsetcie\" class=\"wp-block-social-link-anchor\"><svg width=\"24\" height=\"24\" viewbox=\"0 0 32 32\" version=\"1.1\" xmlns=\"http:\/\/www.w3.org\/2000\/svg\" aria-hidden=\"true\" focusable=\"false\"><path d=\"M16.708 0.027c1.745-0.027 3.48-0.011 5.213-0.027 0.105 2.041 0.839 4.12 2.333 5.563 1.491 1.479 3.6 2.156 5.652 2.385v5.369c-1.923-0.063-3.855-0.463-5.6-1.291-0.76-0.344-1.468-0.787-2.161-1.24-0.009 3.896 0.016 7.787-0.025 11.667-0.104 1.864-0.719 3.719-1.803 5.255-1.744 2.557-4.771 4.224-7.88 4.276-1.907 0.109-3.812-0.411-5.437-1.369-2.693-1.588-4.588-4.495-4.864-7.615-0.032-0.667-0.043-1.333-0.016-1.984 0.24-2.537 1.495-4.964 3.443-6.615 2.208-1.923 5.301-2.839 8.197-2.297 0.027 1.975-0.052 3.948-0.052 5.923-1.323-0.428-2.869-0.308-4.025 0.495-0.844 0.547-1.485 1.385-1.819 2.333-0.276 0.676-0.197 1.427-0.181 2.145 0.317 2.188 2.421 4.027 4.667 3.828 1.489-0.016 2.916-0.88 3.692-2.145 0.251-0.443 0.532-0.896 0.547-1.417 0.131-2.385 0.079-4.76 0.095-7.145 0.011-5.375-0.016-10.735 0.025-16.093z\" \/><\/svg><span class=\"wp-block-social-link-label screen-reader-text\">TikTok<\/span><\/a><\/li><\/ul>\n\r\n\r\n\r\n<div style=\"height:100px\" aria-hidden=\"true\" class=\"wp-block-spacer\"><\/div>","protected":false},"excerpt":{"rendered":"<p>Mon histoire, mon m\u00e9tier et mes valeurs : Mes m\u00e9thodes de fabrication, un r\u00e9el savoir faire : La saponification \u00e0 froid : Qu&#8217;est-ce que c&#8217;est ? Savons Potions &amp; Cie, c&#8217;est des produits : Fabriqu\u00e9 en France V\u00e9gan Savoir-faire artisanal Respectueux Ma devise : efficacit\u00e9 et 100% sans conservateur. Suivez-nous sur les r\u00e9seaux sociaux :<\/p>","protected":false},"author":37,"featured_media":0,"parent":0,"menu_order":0,"comment_status":"closed","ping_status":"closed","template":"","meta":{"footnotes":""},"class_list":["post-30569","page","type-page","status-publish","hentry","clearfix"],"_links":{"self":[{"href":"https:\/\/demo-site.savonspotionsetcie.com\/en\/wp-json\/wp\/v2\/pages\/30569","targetHints":{"allow":["GET"]}}],"collection":[{"href":"https:\/\/demo-site.savonspotionsetcie.com\/en\/wp-json\/wp\/v2\/pages"}],"about":[{"href":"https:\/\/demo-site.savonspotionsetcie.com\/en\/wp-json\/wp\/v2\/types\/page"}],"author":[{"embeddable":true,"href":"https:\/\/demo-site.savonspotionsetcie.com\/en\/wp-json\/wp\/v2\/users\/37"}],"replies":[{"embeddable":true,"href":"https:\/\/demo-site.savonspotionsetcie.com\/en\/wp-json\/wp\/v2\/comments?post=30569"}],"version-history":[{"count":0,"href":"https:\/\/demo-site.savonspotionsetcie.com\/en\/wp-json\/wp\/v2\/pages\/30569\/revisions"}],"wp:attachment":[{"href":"https:\/\/demo-site.savonspotionsetcie.com\/en\/wp-json\/wp\/v2\/media?parent=30569"}],"curies":[{"name":"wp","href":"https:\/\/api.w.org\/{rel}","templated":true}]}}