{"id":30503,"date":"2023-10-03T11:18:42","date_gmt":"2023-10-03T09:18:42","guid":{"rendered":"https:\/\/demo-site.savonspotionsetcie.com\/?page_id=30503"},"modified":"2024-11-12T10:29:05","modified_gmt":"2024-11-12T09:29:05","slug":"par-type-de-peau","status":"publish","type":"page","link":"https:\/\/demo-site.savonspotionsetcie.com\/en\/par-type-de-peau\/","title":{"rendered":"By skin type"},"content":{"rendered":"<h1 class=\"wp-block-heading has-text-align-left has-text-color has-link-color wp-elements-e712e69c606edf977487803d5c153a3e translation-block\" style=\"color:#54371c\">Choosing the right soap:<\/h1>\r\n\r\n\r\n\r\n<div style=\"height:100px\" aria-hidden=\"true\" class=\"wp-block-spacer\"><\/div>\r\n\r\n\r\n\r\n<div class=\"wp-block-media-text has-media-on-the-right is-stacked-on-mobile is-image-fill has-background\" style=\"background-color:#f7edef\"><div class=\"wp-block-media-text__content\">\r\n<h2 class=\"wp-block-heading has-text-color has-link-color wp-elements-f1ea326cbefc7060ddd0d76261e1f0c1 translation-block\" style=\"color:#53321a\">A soap for a skin issue :<\/h2>\r\n\r\n\r\n\r\n<p class=\"has-text-color has-link-color wp-elements-8330dcd6db7b761c6d347152778c73db translation-block\" style=\"color:#5c3d27\">Savons Potions &amp; Cie is committed to developing products that are adapted and effective for a wide range of skin problems. Adaptability is an important word when choosing to create cosmetics. Everything is 100% handmade, and each soap is unique.<\/p>\r\n\r\n\r\n\r\n<div class=\"wp-block-buttons is-content-justification-center is-layout-flex wp-container-core-buttons-is-layout-16018d1d wp-block-buttons-is-layout-flex\">\r\n<div class=\"wp-block-button has-custom-width wp-block-button__width-50\"><a class=\"wp-block-button__link has-background has-text-align-center wp-element-button\" href=\"https:\/\/www.savonspotionsetcie.com\/huiles\/\" style=\"background-color:#b32549\">Discover<\/a><\/div>\r\n<\/div>\r\n\r\n\r\n\r\n<div style=\"height:75px\" aria-hidden=\"true\" class=\"wp-block-spacer\"><\/div>\r\n<\/div><figure class=\"wp-block-media-text__media\" style=\"background-image:url(https:\/\/www.savonspotionsetcie.com\/wp-content\/uploads\/2024\/02\/DSC03037-1024x680.jpg);background-position:50% 50%\"><img loading=\"lazy\" decoding=\"async\" width=\"1024\" height=\"680\" src=\"https:\/\/www.savonspotionsetcie.com\/wp-content\/uploads\/2024\/02\/DSC03037-1024x680.jpg\" alt=\"\" class=\"wp-image-31232 size-full\" srcset=\"https:\/\/demo-site.savonspotionsetcie.com\/wp-content\/uploads\/2024\/02\/DSC03037-1024x680.jpg 1024w, https:\/\/demo-site.savonspotionsetcie.com\/wp-content\/uploads\/2024\/02\/DSC03037-300x199.jpg 300w, https:\/\/demo-site.savonspotionsetcie.com\/wp-content\/uploads\/2024\/02\/DSC03037-768x510.jpg 768w, https:\/\/demo-site.savonspotionsetcie.com\/wp-content\/uploads\/2024\/02\/DSC03037-1536x1021.jpg 1536w, https:\/\/demo-site.savonspotionsetcie.com\/wp-content\/uploads\/2024\/02\/DSC03037-2048x1361.jpg 2048w, https:\/\/demo-site.savonspotionsetcie.com\/wp-content\/uploads\/2024\/02\/DSC03037-18x12.jpg 18w, https:\/\/demo-site.savonspotionsetcie.com\/wp-content\/uploads\/2024\/02\/DSC03037-600x399.jpg 600w\" sizes=\"auto, (max-width: 1024px) 100vw, 1024px\" \/><\/figure><\/div>\r\n\r\n\r\n\r\n<div style=\"height:100px\" aria-hidden=\"true\" class=\"wp-block-spacer\"><\/div>\r\n\r\n\r\n\r\n<h2 class=\"wp-block-heading has-text-color has-link-color wp-elements-f5ad8802e27813fe8b4ec2735e825268\" style=\"color:#693e1d\">Normal skin : <\/h2>\r\n\r\n\r\n\r\n<p class=\"has-text-color has-link-color has-medium-font-size wp-elements-95ea93d3b99e892c63c54c158bbf6a7f\" style=\"color:#5e3213\">\u2192 Votre peau n&#8217;est pas sujette \u00e0 des probl\u00e9matiques pr\u00e9cises, mais elle se doit de recevoir le meilleur. Nettoyage en douceur, protection de la barri\u00e8re cutan\u00e9e, d\u00e9couvrir ce savon ci-dessous. <\/p>\r\n\r\n\r\n\r\n<div class=\"wp-block-buttons is-content-justification-center is-layout-flex wp-container-core-buttons-is-layout-16018d1d wp-block-buttons-is-layout-flex\">\r\n<div class=\"wp-block-button has-custom-font-size has-medium-font-size\"><a class=\"wp-block-button__link has-background wp-element-button\" href=\"https:\/\/www.savonspotionsetcie.com\/peaux-normales\/\" style=\"background-color:#b32549\">Soap here<\/a><\/div>\r\n<\/div>\r\n\r\n\r\n\r\n<div style=\"height:100px\" aria-hidden=\"true\" class=\"wp-block-spacer\"><\/div>\r\n\r\n\r\n\r\n<h2 class=\"wp-block-heading has-text-color has-link-color wp-elements-01db4a877543647aad6889967c0e31cc\" style=\"color:#693e1d\">Sensitive &amp; reactive skin <\/h2>\r\n\r\n\r\n\r\n<p class=\"has-text-color has-link-color has-medium-font-size wp-elements-571a28b253cac309b7d3f1c8afacf5d8\" style=\"color:#512b10\">\u2192 Is your skin prone to discomforts like tightness, redness, or itching? Below, you'll find my gentlest soaps to soothe your woes. <\/p>\r\n\r\n\r\n\r\n<div class=\"wp-block-buttons is-content-justification-center is-layout-flex wp-container-core-buttons-is-layout-16018d1d wp-block-buttons-is-layout-flex\">\r\n<div class=\"wp-block-button has-custom-font-size has-medium-font-size\"><a class=\"wp-block-button__link has-background wp-element-button\" href=\"https:\/\/www.savonspotionsetcie.com\/peaux-sensibles-et-reactives\/\" style=\"background-color:#dd5e7e\">Soaps here <\/a><\/div>\r\n<\/div>\r\n\r\n\r\n\r\n<div style=\"height:100px\" aria-hidden=\"true\" class=\"wp-block-spacer\"><\/div>\r\n\r\n\r\n\r\n<h2 class=\"wp-block-heading has-text-color has-link-color wp-elements-72da73c7ec16a7104f878aed90b616dc\" style=\"color:#693e1d\">Dry skin :<\/h2>\r\n\r\n\r\n\r\n<p class=\"has-text-color has-link-color has-medium-font-size wp-elements-6e39b16f5cf7ef257f9b485e06f6cfd8\" style=\"color:#4d2d16\">\u2192 Is your skin dry and devitalized? Start a 100% natural routine! The soaps below will bring your skin back into balance, making it supple and comfortable. <\/p>\r\n\r\n\r\n\r\n<div class=\"wp-block-buttons is-content-justification-center is-layout-flex wp-container-core-buttons-is-layout-16018d1d wp-block-buttons-is-layout-flex\">\r\n<div class=\"wp-block-button has-custom-font-size has-medium-font-size\"><a class=\"wp-block-button__link has-background wp-element-button\" href=\"https:\/\/www.savonspotionsetcie.com\/peaux-seches\/\" style=\"background-color:#ea7c97\">Soaps here <\/a><\/div>\r\n<\/div>\r\n\r\n\r\n\r\n<div style=\"height:100px\" aria-hidden=\"true\" class=\"wp-block-spacer\"><\/div>\r\n\r\n\r\n\r\n<h2 class=\"wp-block-heading has-text-color has-link-color wp-elements-d6a4efa4084cf8551e5a89a13b7c31c8\" style=\"color:#693e1d\">Mixed to oily skins : <\/h2>\r\n\r\n\r\n\r\n<p class=\"has-text-color has-link-color has-medium-font-size wp-elements-3ff027dc6d481cbe7d2d2149fd88a73c\" style=\"color:#572b0f\">\u2192 Dilated pores, excess sebum? The soaps below will gently cleanse and unclog pores while protecting the skin barrier. <\/p>\r\n\r\n\r\n\r\n<div class=\"wp-block-buttons is-content-justification-center is-layout-flex wp-container-core-buttons-is-layout-16018d1d wp-block-buttons-is-layout-flex\">\r\n<div class=\"wp-block-button has-custom-font-size has-medium-font-size\"><a class=\"wp-block-button__link has-background wp-element-button\" href=\"https:\/\/www.savonspotionsetcie.com\/peaux-mixtes-a-grasse\/\" style=\"background-color:#f4aec0\">Soaps here <\/a><\/div>\r\n<\/div>\r\n\r\n\r\n\r\n<div style=\"height:154px\" aria-hidden=\"true\" class=\"wp-block-spacer\"><\/div>\r\n\r\n\r\n\r\n<h1 class=\"wp-block-heading has-text-align-center has-text-color has-link-color wp-elements-30b4eac4e7da99a30c474dca542f46d4\" style=\"color:#693e1d\">See my soap-making method : <\/h1>\r\n\r\n\r\n<div class=\"wp-block-image\">\r\n<figure class=\"aligncenter size-full is-resized\"><img loading=\"lazy\" decoding=\"async\" width=\"500\" height=\"500\" src=\"https:\/\/www.savonspotionsetcie.com\/wp-content\/uploads\/2023\/11\/logo-SAF-2.png\" alt=\"\" class=\"wp-image-30953\" style=\"width:172px;height:auto\" srcset=\"https:\/\/demo-site.savonspotionsetcie.com\/wp-content\/uploads\/2023\/11\/logo-SAF-2.png 500w, https:\/\/demo-site.savonspotionsetcie.com\/wp-content\/uploads\/2023\/11\/logo-SAF-2-300x300.png 300w, https:\/\/demo-site.savonspotionsetcie.com\/wp-content\/uploads\/2023\/11\/logo-SAF-2-150x150.png 150w, https:\/\/demo-site.savonspotionsetcie.com\/wp-content\/uploads\/2023\/11\/logo-SAF-2-12x12.png 12w\" sizes=\"auto, (max-width: 500px) 100vw, 500px\" \/><\/figure><\/div>\r\n\r\n\r\n<div class=\"wp-block-buttons is-content-justification-center is-layout-flex wp-container-core-buttons-is-layout-16018d1d wp-block-buttons-is-layout-flex\">\r\n<div class=\"wp-block-button has-custom-font-size is-style-fill has-medium-font-size\"><a class=\"wp-block-button__link has-background wp-element-button\" href=\"https:\/\/www.savonspotionsetcie.com\/a-propos-de-moi\/\" style=\"background-color:#388569\">Click here <\/a><\/div>\r\n<\/div>\r\n\r\n\r\n\r\n<div style=\"height:100px\" aria-hidden=\"true\" class=\"wp-block-spacer\"><\/div>\r\n\r\n\r\n\r\n<h1 class=\"wp-block-heading has-text-align-center has-text-color has-link-color wp-elements-d5a68fcfebc4b58a16e7f0be309c0dc6\" style=\"color:#693e1d\">Follow us ! <\/h1>\r\n\r\n\r\n\n<ul class=\"wp-block-social-links has-huge-icon-size is-content-justification-center is-layout-flex wp-container-core-social-links-is-layout-16018d1d wp-block-social-links-is-layout-flex\"><li class=\"wp-social-link wp-social-link-instagram  wp-block-social-link\"><a href=\"https:\/\/www.instagram.com\/savonspotionsetcie\/\" class=\"wp-block-social-link-anchor\"><svg width=\"24\" height=\"24\" viewbox=\"0 0 24 24\" version=\"1.1\" xmlns=\"http:\/\/www.w3.org\/2000\/svg\" aria-hidden=\"true\" focusable=\"false\"><path d=\"M12,4.622c2.403,0,2.688,0.009,3.637,0.052c0.877,0.04,1.354,0.187,1.671,0.31c0.42,0.163,0.72,0.358,1.035,0.673 c0.315,0.315,0.51,0.615,0.673,1.035c0.123,0.317,0.27,0.794,0.31,1.671c0.043,0.949,0.052,1.234,0.052,3.637 s-0.009,2.688-0.052,3.637c-0.04,0.877-0.187,1.354-0.31,1.671c-0.163,0.42-0.358,0.72-0.673,1.035 c-0.315,0.315-0.615,0.51-1.035,0.673c-0.317,0.123-0.794,0.27-1.671,0.31c-0.949,0.043-1.233,0.052-3.637,0.052 s-2.688-0.009-3.637-0.052c-0.877-0.04-1.354-0.187-1.671-0.31c-0.42-0.163-0.72-0.358-1.035-0.673 c-0.315-0.315-0.51-0.615-0.673-1.035c-0.123-0.317-0.27-0.794-0.31-1.671C4.631,14.688,4.622,14.403,4.622,12 s0.009-2.688,0.052-3.637c0.04-0.877,0.187-1.354,0.31-1.671c0.163-0.42,0.358-0.72,0.673-1.035 c0.315-0.315,0.615-0.51,1.035-0.673c0.317-0.123,0.794-0.27,1.671-0.31C9.312,4.631,9.597,4.622,12,4.622 M12,3 C9.556,3,9.249,3.01,8.289,3.054C7.331,3.098,6.677,3.25,6.105,3.472C5.513,3.702,5.011,4.01,4.511,4.511 c-0.5,0.5-0.808,1.002-1.038,1.594C3.25,6.677,3.098,7.331,3.054,8.289C3.01,9.249,3,9.556,3,12c0,2.444,0.01,2.751,0.054,3.711 c0.044,0.958,0.196,1.612,0.418,2.185c0.23,0.592,0.538,1.094,1.038,1.594c0.5,0.5,1.002,0.808,1.594,1.038 c0.572,0.222,1.227,0.375,2.185,0.418C9.249,20.99,9.556,21,12,21s2.751-0.01,3.711-0.054c0.958-0.044,1.612-0.196,2.185-0.418 c0.592-0.23,1.094-0.538,1.594-1.038c0.5-0.5,0.808-1.002,1.038-1.594c0.222-0.572,0.375-1.227,0.418-2.185 C20.99,14.751,21,14.444,21,12s-0.01-2.751-0.054-3.711c-0.044-0.958-0.196-1.612-0.418-2.185c-0.23-0.592-0.538-1.094-1.038-1.594 c-0.5-0.5-1.002-0.808-1.594-1.038c-0.572-0.222-1.227-0.375-2.185-0.418C14.751,3.01,14.444,3,12,3L12,3z M12,7.378 c-2.552,0-4.622,2.069-4.622,4.622S9.448,16.622,12,16.622s4.622-2.069,4.622-4.622S14.552,7.378,12,7.378z M12,15 c-1.657,0-3-1.343-3-3s1.343-3,3-3s3,1.343,3,3S13.657,15,12,15z M16.804,6.116c-0.596,0-1.08,0.484-1.08,1.08 s0.484,1.08,1.08,1.08c0.596,0,1.08-0.484,1.08-1.08S17.401,6.116,16.804,6.116z\"><\/path><\/svg><span class=\"wp-block-social-link-label screen-reader-text\">Instagram<\/span><\/a><\/li>\n\n<li class=\"wp-social-link wp-social-link-facebook  wp-block-social-link\"><a href=\"https:\/\/www.facebook.com\/Maguypavan\" class=\"wp-block-social-link-anchor\"><svg width=\"24\" height=\"24\" viewbox=\"0 0 24 24\" version=\"1.1\" xmlns=\"http:\/\/www.w3.org\/2000\/svg\" aria-hidden=\"true\" focusable=\"false\"><path d=\"M12 2C6.5 2 2 6.5 2 12c0 5 3.7 9.1 8.4 9.9v-7H7.9V12h2.5V9.8c0-2.5 1.5-3.9 3.8-3.9 1.1 0 2.2.2 2.2.2v2.5h-1.3c-1.2 0-1.6.8-1.6 1.6V12h2.8l-.4 2.9h-2.3v7C18.3 21.1 22 17 22 12c0-5.5-4.5-10-10-10z\"><\/path><\/svg><span class=\"wp-block-social-link-label screen-reader-text\">Facebook<\/span><\/a><\/li>\n\n<li class=\"wp-social-link wp-social-link-tiktok  wp-block-social-link\"><a href=\"https:\/\/www.tiktok.com\/@savonspotionsetcie\" class=\"wp-block-social-link-anchor\"><svg width=\"24\" height=\"24\" viewbox=\"0 0 32 32\" version=\"1.1\" xmlns=\"http:\/\/www.w3.org\/2000\/svg\" aria-hidden=\"true\" focusable=\"false\"><path d=\"M16.708 0.027c1.745-0.027 3.48-0.011 5.213-0.027 0.105 2.041 0.839 4.12 2.333 5.563 1.491 1.479 3.6 2.156 5.652 2.385v5.369c-1.923-0.063-3.855-0.463-5.6-1.291-0.76-0.344-1.468-0.787-2.161-1.24-0.009 3.896 0.016 7.787-0.025 11.667-0.104 1.864-0.719 3.719-1.803 5.255-1.744 2.557-4.771 4.224-7.88 4.276-1.907 0.109-3.812-0.411-5.437-1.369-2.693-1.588-4.588-4.495-4.864-7.615-0.032-0.667-0.043-1.333-0.016-1.984 0.24-2.537 1.495-4.964 3.443-6.615 2.208-1.923 5.301-2.839 8.197-2.297 0.027 1.975-0.052 3.948-0.052 5.923-1.323-0.428-2.869-0.308-4.025 0.495-0.844 0.547-1.485 1.385-1.819 2.333-0.276 0.676-0.197 1.427-0.181 2.145 0.317 2.188 2.421 4.027 4.667 3.828 1.489-0.016 2.916-0.88 3.692-2.145 0.251-0.443 0.532-0.896 0.547-1.417 0.131-2.385 0.079-4.76 0.095-7.145 0.011-5.375-0.016-10.735 0.025-16.093z\" \/><\/svg><span class=\"wp-block-social-link-label screen-reader-text\">TikTok<\/span><\/a><\/li><\/ul>\n\r\n\r\n\r\n<div style=\"height:100px\" aria-hidden=\"true\" class=\"wp-block-spacer\"><\/div>","protected":false},"excerpt":{"rendered":"<p>Bien choisir son savon : Pour les peaux normales : \u2192 Votre peau n&#8217;est pas sujette \u00e0 des probl\u00e9matiques pr\u00e9cises, mais elle se doit de recevoir le meilleur. Nettoyage en douceur, protection de la barri\u00e8re cutan\u00e9e, d\u00e9couvrir ce savon ci-dessous. Pour les peaux sensibles &amp; r\u00e9actives : \u2192 Votre peau est sujette aux inconforts comme [&hellip;]<\/p>","protected":false},"author":37,"featured_media":0,"parent":0,"menu_order":0,"comment_status":"closed","ping_status":"closed","template":"","meta":{"footnotes":""},"class_list":["post-30503","page","type-page","status-publish","hentry","clearfix"],"_links":{"self":[{"href":"https:\/\/demo-site.savonspotionsetcie.com\/en\/wp-json\/wp\/v2\/pages\/30503","targetHints":{"allow":["GET"]}}],"collection":[{"href":"https:\/\/demo-site.savonspotionsetcie.com\/en\/wp-json\/wp\/v2\/pages"}],"about":[{"href":"https:\/\/demo-site.savonspotionsetcie.com\/en\/wp-json\/wp\/v2\/types\/page"}],"author":[{"embeddable":true,"href":"https:\/\/demo-site.savonspotionsetcie.com\/en\/wp-json\/wp\/v2\/users\/37"}],"replies":[{"embeddable":true,"href":"https:\/\/demo-site.savonspotionsetcie.com\/en\/wp-json\/wp\/v2\/comments?post=30503"}],"version-history":[{"count":0,"href":"https:\/\/demo-site.savonspotionsetcie.com\/en\/wp-json\/wp\/v2\/pages\/30503\/revisions"}],"wp:attachment":[{"href":"https:\/\/demo-site.savonspotionsetcie.com\/en\/wp-json\/wp\/v2\/media?parent=30503"}],"curies":[{"name":"wp","href":"https:\/\/api.w.org\/{rel}","templated":true}]}}