{"id":30495,"date":"2023-10-03T10:29:08","date_gmt":"2023-10-03T08:29:08","guid":{"rendered":"https:\/\/demo-site.savonspotionsetcie.com\/?page_id=30495"},"modified":"2024-11-12T09:56:48","modified_gmt":"2024-11-12T08:56:48","slug":"cheveux","status":"publish","type":"page","link":"https:\/\/demo-site.savonspotionsetcie.com\/en\/cheveux\/","title":{"rendered":"HAIR"},"content":{"rendered":"<div class=\"wp-block-themepunch-revslider revslider\" data-modal=\"false\" data-slidertitle=\"cheveux - accueil\" style=\"\">\n\t\t\t<!-- START cheveux  accueil REVOLUTION SLIDER 6.6.20 --><p class=\"rs-p-wp-fix\"><\/p>\n\t\t\t<rs-module-wrap id=\"rev_slider_8_1_wrapper\" data-source=\"gallery\" style=\"visibility:hidden;background:transparent;padding:0;margin:0px auto;margin-top:0;margin-bottom:0;\">\n\t\t\t\t<rs-module id=\"rev_slider_8_1\" style=\"\" data-version=\"6.6.20\">\n\t\t\t\t\t<rs-slides style=\"overflow: hidden; position: absolute;\">\n\t\t\t\t\t\t<rs-slide style=\"position: absolute;\" data-key=\"rs-20\" data-title=\"Slide\" data-in=\"o:0;\" data-out=\"a:false;\">\n\t\t\t\t\t\t\t<img decoding=\"async\" src=\"\/\/demo-site.savonspotionsetcie.com\/wp-content\/plugins\/revslider\/public\/assets\/assets\/dummy.png\" alt=\"\" title=\"IMG_0787\" width=\"2052\" height=\"2560\" class=\"rev-slidebg tp-rs-img rs-lazyload\" data-lazyload=\"\/\/demo-site.savonspotionsetcie.com\/wp-content\/uploads\/2023\/12\/IMG_0787-scaled.jpg\" data-panzoom=\"d:10000;ss:100;se:110%;\" data-no-retina>\n<!--\n\t\t\t\t\t\t\t--><rs-layer\n\t\t\t\t\t\t\t\tid=\"slider-8-slide-20-layer-3\" \n\t\t\t\t\t\t\t\tdata-type=\"shape\"\n\t\t\t\t\t\t\t\tdata-rsp_ch=\"on\"\n\t\t\t\t\t\t\t\tdata-xy=\"x:c;xo:0,0,-9px,-5px;y:m;yo:0,0,-5px,-3px;\"\n\t\t\t\t\t\t\t\tdata-text=\"w:normal;s:20,16,12,7;l:0,20,15,9;\"\n\t\t\t\t\t\t\t\tdata-dim=\"w:650,650px,670px,413px;h:134,110,146px,109px;\"\n\t\t\t\t\t\t\t\tdata-border=\"bos:double;boc:#4c300d;bow:2px,2px,2px,2px;\"\n\t\t\t\t\t\t\t\tdata-frame_1=\"e:power4.inOut;st:70;sp:1500;sR:70;\"\n\t\t\t\t\t\t\t\tdata-frame_999=\"o:0;st:w;sR:3430;\"\n\t\t\t\t\t\t\t\tstyle=\"z-index:8;background-color:#f7f1ed;\"\n\t\t\t\t\t\t\t> \n\t\t\t\t\t\t\t<\/rs-layer><!--\n\n\t\t\t\t\t\t\t--><rs-layer\n\t\t\t\t\t\t\t\tid=\"slider-8-slide-20-layer-6\" \n\t\t\t\t\t\t\t\tdata-type=\"text\"\n\t\t\t\t\t\t\t\tdata-color=\"#512c07\"\n\t\t\t\t\t\t\t\tdata-rsp_ch=\"on\"\n\t\t\t\t\t\t\t\tdata-xy=\"x:c;y:m;yo:29px,23px,26px,16px;\"\n\t\t\t\t\t\t\t\tdata-text=\"w:normal;s:26,21,33,20;l:29,23,38,23;ls:2,1,0,0;fw:700;a:center;\"\n\t\t\t\t\t\t\t\tdata-dim=\"w:442.984375px,365px,617px,380px;minh:0,none,none,none;\"\n\t\t\t\t\t\t\t\tdata-padding=\"l:10,8,13,8;\"\n\t\t\t\t\t\t\t\tdata-frame_0=\"sX:0.9;sY:0.9;\"\n\t\t\t\t\t\t\t\tdata-frame_1=\"st:2400;sp:1000;sR:2400;\"\n\t\t\t\t\t\t\t\tdata-frame_999=\"o:0;st:w;sR:1600;\"\n\t\t\t\t\t\t\t\tstyle=\"z-index:9;font-family:'Scheherazade';font-style:italic;\"\n\t\t\t\t\t\t\t>100 % Hand made, respectfull, natural \n\t\t\t\t\t\t\t<\/rs-layer><!--\n\n\t\t\t\t\t\t\t--><rs-layer\n\t\t\t\t\t\t\t\tid=\"slider-8-slide-20-layer-7\" \n\t\t\t\t\t\t\t\tdata-type=\"text\"\n\t\t\t\t\t\t\t\tdata-color=\"#2ba872\"\n\t\t\t\t\t\t\t\tdata-rsp_ch=\"on\"\n\t\t\t\t\t\t\t\tdata-xy=\"x:c;xo:0,0,1px,0;y:m;yo:-29px,-23px,-38px,-23px;\"\n\t\t\t\t\t\t\t\tdata-text=\"w:normal;s:42,34,41,28;l:53,43,52,36;\"\n\t\t\t\t\t\t\t\tdata-frame_0=\"x:0,0,0px,0px;y:0,0,0px,0px;sX:0.9;sY:0.9;\"\n\t\t\t\t\t\t\t\tdata-frame_1=\"x:0,0,0px,0px;y:0,0,0px,0px;st:290;sp:1830;sR:290;\"\n\t\t\t\t\t\t\t\tdata-frame_999=\"o:0;st:w;sR:2880;\"\n\t\t\t\t\t\t\t\tstyle=\"z-index:10;font-family:'Strait';\"\n\t\t\t\t\t\t\t>Discover hair products \n\t\t\t\t\t\t\t<\/rs-layer><!--\n-->\t\t\t\t\t\t<\/rs-slide>\n\t\t\t\t\t\t<rs-slide style=\"position: absolute;\" data-key=\"rs-28\" data-title=\"Slide\" data-in=\"o:0;\" data-out=\"a:false;\">\n\t\t\t\t\t\t\t<img decoding=\"async\" src=\"\/\/demo-site.savonspotionsetcie.com\/wp-content\/plugins\/revslider\/public\/assets\/assets\/dummy.png\" alt=\"\" title=\"Cream\" width=\"1701\" height=\"2560\" class=\"rev-slidebg tp-rs-img rs-lazyload\" data-lazyload=\"\/\/demo-site.savonspotionsetcie.com\/wp-content\/uploads\/2023\/11\/DSC03014-scaled.jpg\" data-panzoom=\"d:10000;ss:100;se:110%;\" data-no-retina>\n<!--\n\t\t\t\t\t\t\t--><rs-layer\n\t\t\t\t\t\t\t\tid=\"slider-8-slide-28-layer-8\" \n\t\t\t\t\t\t\t\tdata-type=\"shape\"\n\t\t\t\t\t\t\t\tdata-rsp_ch=\"on\"\n\t\t\t\t\t\t\t\tdata-xy=\"x:c;y:m;\"\n\t\t\t\t\t\t\t\tdata-text=\"w:normal;s:20,16,12,7;l:0,20,15,9;\"\n\t\t\t\t\t\t\t\tdata-dim=\"w:677,650px,661px,407px;h:139,114,151px,104px;\"\n\t\t\t\t\t\t\t\tdata-border=\"bos:double;boc:#4c300d;bow:2px,2px,2px,2px;\"\n\t\t\t\t\t\t\t\tdata-frame_1=\"e:power4.inOut;st:30;sp:1500;sR:30;\"\n\t\t\t\t\t\t\t\tdata-frame_999=\"o:0;st:w;sp:500;sR:3470;\"\n\t\t\t\t\t\t\t\tstyle=\"z-index:8;background-color:#f7f1ed;\"\n\t\t\t\t\t\t\t> \n\t\t\t\t\t\t\t<\/rs-layer><!--\n\n\t\t\t\t\t\t\t--><rs-layer\n\t\t\t\t\t\t\t\tid=\"slider-8-slide-28-layer-9\" \n\t\t\t\t\t\t\t\tdata-type=\"text\"\n\t\t\t\t\t\t\t\tdata-color=\"#512c07\"\n\t\t\t\t\t\t\t\tdata-rsp_ch=\"on\"\n\t\t\t\t\t\t\t\tdata-xy=\"x:c;y:m;yo:-2px,-1px,3px,1px;\"\n\t\t\t\t\t\t\t\tdata-text=\"w:normal;s:24,19,28,17;l:27,22,32,19;ls:2,1,0,0;fw:700;a:center;\"\n\t\t\t\t\t\t\t\tdata-dim=\"w:673px,555px,618px,381px;minh:0,none,none,none;\"\n\t\t\t\t\t\t\t\tdata-padding=\"l:10,8,12,7;\"\n\t\t\t\t\t\t\t\tdata-frame_0=\"sX:0.9;sY:0.9;\"\n\t\t\t\t\t\t\t\tdata-frame_1=\"st:2490;sp:1000;sR:2490;\"\n\t\t\t\t\t\t\t\tdata-frame_999=\"o:0;st:w;sp:500;sR:1510;\"\n\t\t\t\t\t\t\t\tstyle=\"z-index:10;font-family:'Scheherazade';font-style:italic;\"\n\t\t\t\t\t\t\t>Solid Conditionner, nutrition and lightness  \n\t\t\t\t\t\t\t<\/rs-layer><!--\n\n\t\t\t\t\t\t\t--><rs-layer\n\t\t\t\t\t\t\t\tid=\"slider-8-slide-28-layer-10\" \n\t\t\t\t\t\t\t\tdata-type=\"text\"\n\t\t\t\t\t\t\t\tdata-color=\"#2ba872\"\n\t\t\t\t\t\t\t\tdata-rsp_ch=\"on\"\n\t\t\t\t\t\t\t\tdata-xy=\"x:c;xo:0,0,0,1px;y:m;yo:-40px,-33px,-37px,-25px;\"\n\t\t\t\t\t\t\t\tdata-text=\"w:normal;s:38,31,40,24;l:48,39,50,30;a:center;\"\n\t\t\t\t\t\t\t\tdata-dim=\"w:670px,553px,auto,auto;\"\n\t\t\t\t\t\t\t\tdata-frame_0=\"x:0,0,0px,0px;y:0,0,0px,0px;sX:0.9;sY:0.9;\"\n\t\t\t\t\t\t\t\tdata-frame_1=\"x:0,0,0px,0px;y:0,0,0px,0px;st:380;sp:2160;sR:380;\"\n\t\t\t\t\t\t\t\tdata-frame_999=\"o:0;st:w;sp:500;sR:2460;\"\n\t\t\t\t\t\t\t\tstyle=\"z-index:11;font-family:'Strait';\"\n\t\t\t\t\t\t\t>News : Conditioner  \n\t\t\t\t\t\t\t<\/rs-layer><!--\n\n\t\t\t\t\t\t\t--><a\n\t\t\t\t\t\t\t\tid=\"slider-8-slide-28-layer-11\" \n\t\t\t\t\t\t\t\tclass=\"rs-layer rev-btn\"\n\t\t\t\t\t\t\t\thref=\"https:\/\/demo-site.savonspotionsetcie.com\/en\/apres-shampoings\/\" target=\"_self\" rel=\"nofollow\"\n\t\t\t\t\t\t\t\tdata-type=\"button\"\n\t\t\t\t\t\t\t\tdata-rsp_ch=\"on\"\n\t\t\t\t\t\t\t\tdata-xy=\"x:c;y:m;yo:39px,32px,43px,29px;\"\n\t\t\t\t\t\t\t\tdata-text=\"w:normal;s:20,16,18,11;l:44,36,40,24;fw:500;\"\n\t\t\t\t\t\t\t\tdata-dim=\"minh:0,none,none,none;\"\n\t\t\t\t\t\t\t\tdata-padding=\"r:27,22,25,15;l:27,22,25,15;\"\n\t\t\t\t\t\t\t\tdata-border=\"bor:16px,16px,16px,16px;\"\n\t\t\t\t\t\t\t\tdata-frame_1=\"st:3080;sp:760;sR:3080;\"\n\t\t\t\t\t\t\t\tdata-frame_999=\"o:0;st:w;sp:500;sR:1160;\"\n\t\t\t\t\t\t\t\tdata-frame_hover=\"c:#fff;bgc:#000;bor:16px,16px,16px,16px;\"\n\t\t\t\t\t\t\t\tstyle=\"z-index:9;background-color:#2c934d;font-family:'Roboto';\"\n\t\t\t\t\t\t\t>Discover  \n\t\t\t\t\t\t\t<\/a><!--\n-->\t\t\t\t\t\t<\/rs-slide>\n\t\t\t\t\t<\/rs-slides>\n\t\t\t\t<\/rs-module>\n\t\t\t\t<script>\n\t\t\t\t\tsetREVStartSize({c: 'rev_slider_8_1',rl:[1240,1024,778,480],el:[500,768,960,720],gw:[1240,1024,778,480],gh:[500,768,960,720],type:'standard',justify:'',layout:'fullwidth',mh:\"0\"});if (window.RS_MODULES!==undefined && window.RS_MODULES.modules!==undefined && window.RS_MODULES.modules[\"revslider81\"]!==undefined) {window.RS_MODULES.modules[\"revslider81\"].once = false;window.revapi8 = undefined;if (window.RS_MODULES.checkMinimal!==undefined) window.RS_MODULES.checkMinimal()}\n\t\t\t\t<\/script>\n\t\t\t<\/rs-module-wrap>\n\t\t\t<!-- END REVOLUTION SLIDER -->\n<\/div>\r\n\r\n\r\n\r\n<div style=\"height:100px\" aria-hidden=\"true\" class=\"wp-block-spacer\"><\/div>\r\n\r\n\r\n\r\n<h1 class=\"wp-block-heading has-text-align-center has-text-color has-link-color wp-elements-91b77d94b81a7c0c508cfd71e78ef9bd translation-block\" style=\"color:#533824\">All hair products are available here :<\/h1>\r\n\r\n\r\n\r\n<div style=\"height:56px\" aria-hidden=\"true\" class=\"wp-block-spacer\"><\/div>\r\n\r\n\r\n\r\n<div class=\"wp-block-media-text is-stacked-on-mobile is-image-fill has-background\" style=\"background-color:#f0eae6c2\"><figure class=\"wp-block-media-text__media\" style=\"background-image:url(https:\/\/www.savonspotionsetcie.com\/wp-content\/uploads\/2023\/07\/DSC02640-1024x680.jpg);background-position:50% 50%\"><img loading=\"lazy\" decoding=\"async\" width=\"1024\" height=\"680\" src=\"https:\/\/www.savonspotionsetcie.com\/wp-content\/uploads\/2023\/07\/DSC02640-1024x680.jpg\" alt=\"\" class=\"wp-image-30309 size-full\" srcset=\"https:\/\/demo-site.savonspotionsetcie.com\/wp-content\/uploads\/2023\/07\/DSC02640-1024x680.jpg 1024w, https:\/\/demo-site.savonspotionsetcie.com\/wp-content\/uploads\/2023\/07\/DSC02640-300x199.jpg 300w, https:\/\/demo-site.savonspotionsetcie.com\/wp-content\/uploads\/2023\/07\/DSC02640-768x510.jpg 768w, https:\/\/demo-site.savonspotionsetcie.com\/wp-content\/uploads\/2023\/07\/DSC02640-1536x1021.jpg 1536w, https:\/\/demo-site.savonspotionsetcie.com\/wp-content\/uploads\/2023\/07\/DSC02640-2048x1361.jpg 2048w, https:\/\/demo-site.savonspotionsetcie.com\/wp-content\/uploads\/2023\/07\/DSC02640-18x12.jpg 18w, https:\/\/demo-site.savonspotionsetcie.com\/wp-content\/uploads\/2023\/07\/DSC02640-600x399.jpg 600w\" sizes=\"auto, (max-width: 1024px) 100vw, 1024px\" \/><\/figure><div class=\"wp-block-media-text__content\">\r\n<h2 class=\"wp-block-heading has-text-color has-link-color wp-elements-19f3d8b8c4f00ff36a64e776417c0aa6 translation-block\" style=\"color:#694325\">Solid shampoos that are really foaming!<\/h2>\r\n\r\n\r\n\r\n<div style=\"height:52px\" aria-hidden=\"true\" class=\"wp-block-spacer\"><\/div>\r\n\r\n\r\n\r\n<p class=\"has-text-color has-link-color wp-elements-aa83969187301edee6c54d65ec742554 translation-block\" style=\"color:#542e12f2\">Solid shampoos with a creamy lather are possible with Savons, Potions &amp; Co. Thanks to my manufacturing methods, all my shampoos, once applied to the wet scalp, dissolve into a pleasant and gentle foam.<\/p>\r\n\r\n\r\n\r\n<div style=\"height:48px\" aria-hidden=\"true\" class=\"wp-block-spacer\"><\/div>\r\n<\/div><\/div>\r\n\r\n\r\n\r\n<div style=\"height:100px\" aria-hidden=\"true\" class=\"wp-block-spacer\"><\/div>\r\n\r\n\r\n\r\n<h2 class=\"wp-block-heading has-text-align-center has-text-color has-link-color wp-elements-b89d3c2eaef6f9697a065bd716f93e01 translation-block\" style=\"color:#5a371b\">Choose your shampoo based on your scalp type:<\/h2>\r\n\r\n\r\n\r\n<div style=\"height:43px\" aria-hidden=\"true\" class=\"wp-block-spacer\"><\/div>\r\n\r\n\r\n\r\n<div class=\"wp-block-buttons is-content-justification-center is-layout-flex wp-container-core-buttons-is-layout-16018d1d wp-block-buttons-is-layout-flex\">\r\n<div class=\"wp-block-button has-custom-font-size has-medium-font-size\"><a class=\"wp-block-button__link has-background wp-element-button\" href=\"https:\/\/www.savonspotionsetcie.com\/gras\/\" style=\"background-color:#268562\">Oil<\/a><\/div>\r\n\r\n\r\n\r\n<div class=\"wp-block-button has-custom-font-size has-medium-font-size\"><a class=\"wp-block-button__link has-background wp-element-button\" href=\"https:\/\/www.savonspotionsetcie.com\/normaux\/\" style=\"background-color:#409c7c\">Normal<\/a><\/div>\r\n\r\n\r\n\r\n<div class=\"wp-block-button has-custom-font-size has-medium-font-size\"><a class=\"wp-block-button__link has-background wp-element-button\" href=\"https:\/\/www.savonspotionsetcie.com\/sec\/\" style=\"background-color:#51af88\">Dry<\/a><\/div>\r\n<\/div>\r\n\r\n\r\n\r\n<div style=\"height:68px\" aria-hidden=\"true\" class=\"wp-block-spacer\"><\/div>\r\n\r\n\r\n\r\n<div style=\"height:100px\" aria-hidden=\"true\" class=\"wp-block-spacer\"><\/div>\r\n\r\n\r\n\r\n<h1 class=\"wp-block-heading has-text-align-center has-text-color has-link-color wp-elements-7eb5b05f74ba3702b24f2b1358e0a290 translation-block\" style=\"color:#60361a\">New: Solid conditioners !<\/h1>\r\n\r\n\r\n\r\n<div class=\"wp-block-media-text has-media-on-the-right is-stacked-on-mobile is-image-fill has-background\" style=\"background-color:#fbf3f2\"><div class=\"wp-block-media-text__content\">\r\n<h2 class=\"wp-block-heading has-text-color has-link-color wp-elements-3d7082a80d7811aa14bd5598c3bce053\" style=\"color:#633b1e\">\"Two new solid conditioners: <\/h2>\r\n\r\n\r\n\r\n<div style=\"height:51px\" aria-hidden=\"true\" class=\"wp-block-spacer\"><\/div>\r\n\r\n\r\n\r\n<p class=\"has-text-color has-link-color wp-elements-99f0430620c58f3f108dc17fe90c33c7 translation-block\" style=\"color:#633b1e\">My two new conditioners, two formulas for two different actions. \"Le l\u00e9ger\" and \"Le g\u00e9n\u00e9reux\" will provide nourishment, flexibility, and shine to the hair.<\/p>\r\n\r\n\r\n\r\n<p class=\"has-text-color has-link-color wp-elements-bf0153019cbd7ed1f9ba42fca2b3f8c7 translation-block\" style=\"color:#633b1e\">Apply only on the lengths. Leave on for a few minutes before rinsing.<\/p>\r\n\r\n\r\n\r\n<p class=\"has-text-color has-link-color wp-elements-af42e57d04a32d4034b815cbca8c843e\" style=\"color:#633b1e\">\u2192 <strong>Attention<\/strong> : mes produits sont naturels et formul\u00e9s sans eau. La texture n\u00e9cessite une &#8220;adaptation&#8221;. Frotter directement le produit sur les longueurs et pointes. <\/p>\r\n\r\n\r\n\r\n<div style=\"height:59px\" aria-hidden=\"true\" class=\"wp-block-spacer\"><\/div>\r\n\r\n\r\n\r\n<div class=\"wp-block-buttons has-custom-font-size has-medium-font-size is-content-justification-center is-layout-flex wp-container-core-buttons-is-layout-16018d1d wp-block-buttons-is-layout-flex\">\r\n<div class=\"wp-block-button\"><a class=\"wp-block-button__link has-background wp-element-button\" href=\"https:\/\/www.savonspotionsetcie.com\/apres-shampoings\/\" style=\"background-color:#ac4f69\">Discover <\/a><\/div>\r\n<\/div>\r\n\r\n\r\n\r\n<div style=\"height:59px\" aria-hidden=\"true\" class=\"wp-block-spacer\"><\/div>\r\n<\/div><figure class=\"wp-block-media-text__media\" style=\"background-image:url(https:\/\/www.savonspotionsetcie.com\/wp-content\/uploads\/2023\/11\/DSC03014-680x1024.jpg);background-position:50% 50%\"><img loading=\"lazy\" decoding=\"async\" width=\"680\" height=\"1024\" src=\"https:\/\/www.savonspotionsetcie.com\/wp-content\/uploads\/2023\/11\/DSC03014-680x1024.jpg\" alt=\"\" class=\"wp-image-30834 size-full\" srcset=\"https:\/\/demo-site.savonspotionsetcie.com\/wp-content\/uploads\/2023\/11\/DSC03014-680x1024.jpg 680w, https:\/\/demo-site.savonspotionsetcie.com\/wp-content\/uploads\/2023\/11\/DSC03014-199x300.jpg 199w, https:\/\/demo-site.savonspotionsetcie.com\/wp-content\/uploads\/2023\/11\/DSC03014-768x1156.jpg 768w, https:\/\/demo-site.savonspotionsetcie.com\/wp-content\/uploads\/2023\/11\/DSC03014-1021x1536.jpg 1021w, https:\/\/demo-site.savonspotionsetcie.com\/wp-content\/uploads\/2023\/11\/DSC03014-1361x2048.jpg 1361w, https:\/\/demo-site.savonspotionsetcie.com\/wp-content\/uploads\/2023\/11\/DSC03014-8x12.jpg 8w, https:\/\/demo-site.savonspotionsetcie.com\/wp-content\/uploads\/2023\/11\/DSC03014-600x903.jpg 600w, https:\/\/demo-site.savonspotionsetcie.com\/wp-content\/uploads\/2023\/11\/DSC03014-scaled.jpg 1701w\" sizes=\"auto, (max-width: 680px) 100vw, 680px\" \/><\/figure><\/div>\r\n\r\n\r\n\r\n<div style=\"height:100px\" aria-hidden=\"true\" class=\"wp-block-spacer\"><\/div>\r\n\r\n\r\n\r\n<h1 class=\"wp-block-heading has-text-align-center has-text-color has-link-color wp-elements-c5d3d30b7737f84b5efeac3ba2142372 translation-block\" style=\"color:#4a2e22\">Shampoos in several formats:<\/h1>\r\n\r\n\r\n\r\n<h2 class=\"wp-block-heading has-text-align-center has-text-color has-link-color wp-elements-aff676fce42773bcbc90b1304d01ce83\" style=\"color:#633b1e\">More economical and more practical! <\/h2>\r\n\r\n\r\n\r\n<div style=\"height:49px\" aria-hidden=\"true\" class=\"wp-block-spacer\"><\/div>\r\n\r\n\r\n\r\n<p class=\"has-text-color has-link-color has-medium-font-size wp-elements-6d9d962b8071c77a269b360e815b6e06\" style=\"color:#57331a\">Tr\u00e8s pratique, \u00e0 la maison ou en voyage, c\u2019est un format tr\u00e8s \u00e9conomique \u00e0 l\u2019usage. L\u2019essayer c\u2019est l\u2019adopter ! L&#8217;utilisation de mati\u00e8res premi\u00e8res d&#8217;origines naturelles peut engendrer de l\u00e9g\u00e8res diff\u00e9rences de teintes dans le produit fini.<\/p>\r\n\r\n\r\n\r\n<div class=\"wp-block-media-text is-stacked-on-mobile is-vertically-aligned-center is-image-fill has-background\" style=\"background-color:#f7f2f0;grid-template-columns:52% auto\"><figure class=\"wp-block-media-text__media\" style=\"background-image:url(https:\/\/www.savonspotionsetcie.com\/wp-content\/uploads\/2023\/12\/IMG_0787-821x1024.jpg);background-position:50% 50%\"><img loading=\"lazy\" decoding=\"async\" width=\"821\" height=\"1024\" src=\"https:\/\/www.savonspotionsetcie.com\/wp-content\/uploads\/2023\/12\/IMG_0787-821x1024.jpg\" alt=\"\" class=\"wp-image-30976 size-full\" srcset=\"https:\/\/demo-site.savonspotionsetcie.com\/wp-content\/uploads\/2023\/12\/IMG_0787-821x1024.jpg 821w, https:\/\/demo-site.savonspotionsetcie.com\/wp-content\/uploads\/2023\/12\/IMG_0787-240x300.jpg 240w, https:\/\/demo-site.savonspotionsetcie.com\/wp-content\/uploads\/2023\/12\/IMG_0787-768x958.jpg 768w, https:\/\/demo-site.savonspotionsetcie.com\/wp-content\/uploads\/2023\/12\/IMG_0787-1231x1536.jpg 1231w, https:\/\/demo-site.savonspotionsetcie.com\/wp-content\/uploads\/2023\/12\/IMG_0787-1641x2048.jpg 1641w, https:\/\/demo-site.savonspotionsetcie.com\/wp-content\/uploads\/2023\/12\/IMG_0787-10x12.jpg 10w, https:\/\/demo-site.savonspotionsetcie.com\/wp-content\/uploads\/2023\/12\/IMG_0787-600x749.jpg 600w\" sizes=\"auto, (max-width: 821px) 100vw, 821px\" \/><\/figure><div class=\"wp-block-media-text__content\">\r\n<div style=\"height:68px\" aria-hidden=\"true\" class=\"wp-block-spacer\"><\/div>\r\n\r\n\r\n\r\n<p class=\"has-text-color has-link-color has-medium-font-size wp-elements-ec55483d35550d13ecbd718228560486 translation-block\" style=\"color:#553c2b\">\" With solid shampoos, you contribute to reducing plastic waste, which is a scourge for our planet. Composed of natural ingredients, you don't expose your skin to synthetic products and only release natural elements into the environment \"<\/p>\r\n\r\n\r\n\r\n<div style=\"height:68px\" aria-hidden=\"true\" class=\"wp-block-spacer\"><\/div>\r\n<\/div><\/div>\r\n\r\n\r\n\r\n<div style=\"height:100px\" aria-hidden=\"true\" class=\"wp-block-spacer\"><\/div>\r\n\r\n\r\n\r\n<h1 class=\"wp-block-heading has-text-align-center has-text-color has-link-color wp-elements-d3208007a81cc397e26492c5e889c44f\" style=\"color:#53331c\">Follow us ! <\/h1>\r\n\r\n\r\n\n<ul class=\"wp-block-social-links has-huge-icon-size is-content-justification-center is-layout-flex wp-container-core-social-links-is-layout-16018d1d wp-block-social-links-is-layout-flex\"><li class=\"wp-social-link wp-social-link-instagram  wp-block-social-link\"><a href=\"https:\/\/www.instagram.com\/savonspotionsetcie\/\" class=\"wp-block-social-link-anchor\"><svg width=\"24\" height=\"24\" viewbox=\"0 0 24 24\" version=\"1.1\" xmlns=\"http:\/\/www.w3.org\/2000\/svg\" aria-hidden=\"true\" focusable=\"false\"><path d=\"M12,4.622c2.403,0,2.688,0.009,3.637,0.052c0.877,0.04,1.354,0.187,1.671,0.31c0.42,0.163,0.72,0.358,1.035,0.673 c0.315,0.315,0.51,0.615,0.673,1.035c0.123,0.317,0.27,0.794,0.31,1.671c0.043,0.949,0.052,1.234,0.052,3.637 s-0.009,2.688-0.052,3.637c-0.04,0.877-0.187,1.354-0.31,1.671c-0.163,0.42-0.358,0.72-0.673,1.035 c-0.315,0.315-0.615,0.51-1.035,0.673c-0.317,0.123-0.794,0.27-1.671,0.31c-0.949,0.043-1.233,0.052-3.637,0.052 s-2.688-0.009-3.637-0.052c-0.877-0.04-1.354-0.187-1.671-0.31c-0.42-0.163-0.72-0.358-1.035-0.673 c-0.315-0.315-0.51-0.615-0.673-1.035c-0.123-0.317-0.27-0.794-0.31-1.671C4.631,14.688,4.622,14.403,4.622,12 s0.009-2.688,0.052-3.637c0.04-0.877,0.187-1.354,0.31-1.671c0.163-0.42,0.358-0.72,0.673-1.035 c0.315-0.315,0.615-0.51,1.035-0.673c0.317-0.123,0.794-0.27,1.671-0.31C9.312,4.631,9.597,4.622,12,4.622 M12,3 C9.556,3,9.249,3.01,8.289,3.054C7.331,3.098,6.677,3.25,6.105,3.472C5.513,3.702,5.011,4.01,4.511,4.511 c-0.5,0.5-0.808,1.002-1.038,1.594C3.25,6.677,3.098,7.331,3.054,8.289C3.01,9.249,3,9.556,3,12c0,2.444,0.01,2.751,0.054,3.711 c0.044,0.958,0.196,1.612,0.418,2.185c0.23,0.592,0.538,1.094,1.038,1.594c0.5,0.5,1.002,0.808,1.594,1.038 c0.572,0.222,1.227,0.375,2.185,0.418C9.249,20.99,9.556,21,12,21s2.751-0.01,3.711-0.054c0.958-0.044,1.612-0.196,2.185-0.418 c0.592-0.23,1.094-0.538,1.594-1.038c0.5-0.5,0.808-1.002,1.038-1.594c0.222-0.572,0.375-1.227,0.418-2.185 C20.99,14.751,21,14.444,21,12s-0.01-2.751-0.054-3.711c-0.044-0.958-0.196-1.612-0.418-2.185c-0.23-0.592-0.538-1.094-1.038-1.594 c-0.5-0.5-1.002-0.808-1.594-1.038c-0.572-0.222-1.227-0.375-2.185-0.418C14.751,3.01,14.444,3,12,3L12,3z M12,7.378 c-2.552,0-4.622,2.069-4.622,4.622S9.448,16.622,12,16.622s4.622-2.069,4.622-4.622S14.552,7.378,12,7.378z M12,15 c-1.657,0-3-1.343-3-3s1.343-3,3-3s3,1.343,3,3S13.657,15,12,15z M16.804,6.116c-0.596,0-1.08,0.484-1.08,1.08 s0.484,1.08,1.08,1.08c0.596,0,1.08-0.484,1.08-1.08S17.401,6.116,16.804,6.116z\"><\/path><\/svg><span class=\"wp-block-social-link-label screen-reader-text\">Instagram<\/span><\/a><\/li>\n\n<li class=\"wp-social-link wp-social-link-facebook  wp-block-social-link\"><a href=\"https:\/\/www.facebook.com\/Maguypavan\" class=\"wp-block-social-link-anchor\"><svg width=\"24\" height=\"24\" viewbox=\"0 0 24 24\" version=\"1.1\" xmlns=\"http:\/\/www.w3.org\/2000\/svg\" aria-hidden=\"true\" focusable=\"false\"><path d=\"M12 2C6.5 2 2 6.5 2 12c0 5 3.7 9.1 8.4 9.9v-7H7.9V12h2.5V9.8c0-2.5 1.5-3.9 3.8-3.9 1.1 0 2.2.2 2.2.2v2.5h-1.3c-1.2 0-1.6.8-1.6 1.6V12h2.8l-.4 2.9h-2.3v7C18.3 21.1 22 17 22 12c0-5.5-4.5-10-10-10z\"><\/path><\/svg><span class=\"wp-block-social-link-label screen-reader-text\">Facebook<\/span><\/a><\/li>\n\n<li class=\"wp-social-link wp-social-link-tiktok  wp-block-social-link\"><a href=\"https:\/\/www.tiktok.com\/@savonspotionsetcie\" class=\"wp-block-social-link-anchor\"><svg width=\"24\" height=\"24\" viewbox=\"0 0 32 32\" version=\"1.1\" xmlns=\"http:\/\/www.w3.org\/2000\/svg\" aria-hidden=\"true\" focusable=\"false\"><path d=\"M16.708 0.027c1.745-0.027 3.48-0.011 5.213-0.027 0.105 2.041 0.839 4.12 2.333 5.563 1.491 1.479 3.6 2.156 5.652 2.385v5.369c-1.923-0.063-3.855-0.463-5.6-1.291-0.76-0.344-1.468-0.787-2.161-1.24-0.009 3.896 0.016 7.787-0.025 11.667-0.104 1.864-0.719 3.719-1.803 5.255-1.744 2.557-4.771 4.224-7.88 4.276-1.907 0.109-3.812-0.411-5.437-1.369-2.693-1.588-4.588-4.495-4.864-7.615-0.032-0.667-0.043-1.333-0.016-1.984 0.24-2.537 1.495-4.964 3.443-6.615 2.208-1.923 5.301-2.839 8.197-2.297 0.027 1.975-0.052 3.948-0.052 5.923-1.323-0.428-2.869-0.308-4.025 0.495-0.844 0.547-1.485 1.385-1.819 2.333-0.276 0.676-0.197 1.427-0.181 2.145 0.317 2.188 2.421 4.027 4.667 3.828 1.489-0.016 2.916-0.88 3.692-2.145 0.251-0.443 0.532-0.896 0.547-1.417 0.131-2.385 0.079-4.76 0.095-7.145 0.011-5.375-0.016-10.735 0.025-16.093z\" \/><\/svg><span class=\"wp-block-social-link-label screen-reader-text\">TikTok<\/span><\/a><\/li><\/ul>\n\r\n\r\n\r\n<div style=\"height:100px\" aria-hidden=\"true\" class=\"wp-block-spacer\"><\/div>","protected":false},"excerpt":{"rendered":"<p>Tous les produits cheveux ici : Choisir son shampoing en fonction de son type de cuir chevelu : Nouveaut\u00e9 : Apr\u00e8s shampoings solides ! Des shampoings en plusieurs formats : Plus \u00e9conomique et plus pratique ! Tr\u00e8s pratique, \u00e0 la maison ou en voyage, c\u2019est un format tr\u00e8s \u00e9conomique \u00e0 l\u2019usage. L\u2019essayer c\u2019est l\u2019adopter ! [&hellip;]<\/p>","protected":false},"author":37,"featured_media":0,"parent":0,"menu_order":0,"comment_status":"closed","ping_status":"closed","template":"","meta":{"footnotes":""},"class_list":["post-30495","page","type-page","status-publish","hentry","clearfix"],"_links":{"self":[{"href":"https:\/\/demo-site.savonspotionsetcie.com\/en\/wp-json\/wp\/v2\/pages\/30495","targetHints":{"allow":["GET"]}}],"collection":[{"href":"https:\/\/demo-site.savonspotionsetcie.com\/en\/wp-json\/wp\/v2\/pages"}],"about":[{"href":"https:\/\/demo-site.savonspotionsetcie.com\/en\/wp-json\/wp\/v2\/types\/page"}],"author":[{"embeddable":true,"href":"https:\/\/demo-site.savonspotionsetcie.com\/en\/wp-json\/wp\/v2\/users\/37"}],"replies":[{"embeddable":true,"href":"https:\/\/demo-site.savonspotionsetcie.com\/en\/wp-json\/wp\/v2\/comments?post=30495"}],"version-history":[{"count":0,"href":"https:\/\/demo-site.savonspotionsetcie.com\/en\/wp-json\/wp\/v2\/pages\/30495\/revisions"}],"wp:attachment":[{"href":"https:\/\/demo-site.savonspotionsetcie.com\/en\/wp-json\/wp\/v2\/media?parent=30495"}],"curies":[{"name":"wp","href":"https:\/\/api.w.org\/{rel}","templated":true}]}}